{"id":241,"date":"2024-04-29T11:07:48","date_gmt":"2024-04-29T11:07:48","guid":{"rendered":"https:\/\/enriquez.centraldemarketing.es\/?page_id=241"},"modified":"2024-09-09T22:17:59","modified_gmt":"2024-09-09T22:17:59","slug":"politica-de-cookies","status":"publish","type":"page","link":"https:\/\/enriquezvillalobos.es\/en\/politica-de-cookies\/","title":{"rendered":"Cookie Policy"},"content":{"rendered":"<div data-elementor-type=\"wp-page\" data-elementor-id=\"241\" class=\"elementor elementor-241\" data-elementor-post-type=\"page\">\n\t\t\t\t<div class=\"elementor-element elementor-element-6caa5d1 e-flex e-con-boxed e-con e-parent\" data-id=\"6caa5d1\" data-element_type=\"container\" data-settings=\"{&quot;background_background&quot;:&quot;classic&quot;}\">\n\t\t\t\t\t<div class=\"e-con-inner\">\n\t\t\t\t<div class=\"elementor-element elementor-element-6ad1377 elementor-widget elementor-widget-heading\" data-id=\"6ad1377\" data-element_type=\"widget\" data-widget_type=\"heading.default\">\n\t\t\t\t<div class=\"elementor-widget-container\">\n\t\t\t<h2 class=\"elementor-heading-title elementor-size-default\">COOKIE POLICY<\/h2>\t\t<\/div>\n\t\t\t\t<\/div>\n\t\t\t\t\t<\/div>\n\t\t\t\t<\/div>\n\t\t<div class=\"elementor-element elementor-element-1c34ac3 e-flex e-con-boxed e-con e-parent\" data-id=\"1c34ac3\" data-element_type=\"container\">\n\t\t\t\t\t<div class=\"e-con-inner\">\n\t\t\t\t<div class=\"elementor-element elementor-element-e42dda7 elementor-widget elementor-widget-text-editor\" data-id=\"e42dda7\" data-element_type=\"widget\" data-widget_type=\"text-editor.default\">\n\t\t\t\t<div class=\"elementor-widget-container\">\n\t\t\t\t\t\t\t<p><strong>Privacy of Google Analytics statistics<br \/><\/strong>www.enriquezvillalobos.com uses Google Analytics, a web analytics service provided by Google, Inc. Google Analytics uses &quot;cookies&quot;, which are text files located on your computer, to help the website analyze how users use the website. The information generated by the cookie about your use of the website (including your IP address) will be directly transmitted and filed by Google on servers in the United States. Google will use this information on our behalf for the purpose of tracking your use of the website, compiling reports on website activity and providing other services related to website activity and internet usage. Google may transmit this information to third parties when required to do so by law, or when such third parties process the information on Google&#039;s behalf. Google will not associate your IP address with any other data held by Google. You may refuse the processing of data or information by rejecting the use of cookies by selecting the appropriate settings on your browser, however, you should be aware that if you do this you may not be able to use the full functionality of the website. By using this website, you consent to the processing of data about you by Google in the manner and for the purposes set out above.<\/p><p><strong>User settings to avoid cookies<\/strong><br \/>If you use Microsoft Internet Explorer, under the menu option Tools &gt; Internet Options &gt; Privacy &gt; Settings.<br \/>If you use Firefox, under the menu option Tools &gt; Options &gt; Privacy &gt; Cookies.<br \/>If you use Chrome, in the Options &gt; Advanced Options &gt; Privacy section.<\/p>\t\t\t\t\t\t<\/div>\n\t\t\t\t<\/div>\n\t\t\t\t\t<\/div>\n\t\t\t\t<\/div>\n\t\t\t\t<\/div>","protected":false},"excerpt":{"rendered":"<p>POL\u00cdTICA DE COOKIES Privacidad de las estad\u00edsticas de Google Analyticswww.enriquezvillalobos.com utiliza Google Analytics, un servicio de an\u00e1lisis web prestado por [&hellip;]<\/p>","protected":false},"author":1,"featured_media":0,"parent":0,"menu_order":0,"comment_status":"closed","ping_status":"closed","template":"","meta":{"site-sidebar-layout":"no-sidebar","site-content-layout":"","ast-site-content-layout":"full-width-container","site-content-style":"default","site-sidebar-style":"default","ast-global-header-display":"","ast-banner-title-visibility":"","ast-main-header-display":"","ast-hfb-above-header-display":"","ast-hfb-below-header-display":"","ast-hfb-mobile-header-display":"","site-post-title":"disabled","ast-breadcrumbs-content":"","ast-featured-img":"disabled","footer-sml-layout":"","theme-transparent-header-meta":"","adv-header-id-meta":"","stick-header-meta":"","header-above-stick-meta":"","header-main-stick-meta":"","header-below-stick-meta":"","astra-migrate-meta-layouts":"default","ast-page-background-enabled":"default","ast-page-background-meta":{"desktop":{"background-color":"var(--ast-global-color-4)","background-image":"","background-repeat":"repeat","background-position":"center center","background-size":"auto","background-attachment":"scroll","background-type":"","background-media":"","overlay-type":"","overlay-color":"","overlay-opacity":"","overlay-gradient":""},"tablet":{"background-color":"","background-image":"","background-repeat":"repeat","background-position":"center center","background-size":"auto","background-attachment":"scroll","background-type":"","background-media":"","overlay-type":"","overlay-color":"","overlay-opacity":"","overlay-gradient":""},"mobile":{"background-color":"","background-image":"","background-repeat":"repeat","background-position":"center center","background-size":"auto","background-attachment":"scroll","background-type":"","background-media":"","overlay-type":"","overlay-color":"","overlay-opacity":"","overlay-gradient":""}},"ast-content-background-meta":{"desktop":{"background-color":"var(--ast-global-color-5)","background-image":"","background-repeat":"repeat","background-position":"center center","background-size":"auto","background-attachment":"scroll","background-type":"","background-media":"","overlay-type":"","overlay-color":"","overlay-opacity":"","overlay-gradient":""},"tablet":{"background-color":"var(--ast-global-color-5)","background-image":"","background-repeat":"repeat","background-position":"center center","background-size":"auto","background-attachment":"scroll","background-type":"","background-media":"","overlay-type":"","overlay-color":"","overlay-opacity":"","overlay-gradient":""},"mobile":{"background-color":"var(--ast-global-color-5)","background-image":"","background-repeat":"repeat","background-position":"center center","background-size":"auto","background-attachment":"scroll","background-type":"","background-media":"","overlay-type":"","overlay-color":"","overlay-opacity":"","overlay-gradient":""}},"footnotes":""},"class_list":["post-241","page","type-page","status-publish","hentry"],"yoast_head":"<!-- This site is optimized with the Yoast SEO plugin v25.8 - https:\/\/yoast.com\/wordpress\/plugins\/seo\/ -->\n<title>Pol\u00edtica de Cookies - Enr\u00edquez Villalobos<\/title>\n<meta name=\"robots\" content=\"index, follow, max-snippet:-1, max-image-preview:large, max-video-preview:-1\" \/>\n<link rel=\"canonical\" href=\"https:\/\/enriquezvillalobos.es\/en\/politica-de-cookies\/\" \/>\n<meta property=\"og:locale\" content=\"en_GB\" \/>\n<meta property=\"og:type\" content=\"article\" \/>\n<meta property=\"og:title\" content=\"Pol\u00edtica de Cookies - Enr\u00edquez Villalobos\" \/>\n<meta property=\"og:description\" content=\"POL\u00cdTICA DE COOKIES Privacidad de las estad\u00edsticas de Google Analyticswww.enriquezvillalobos.com utiliza Google Analytics, un servicio de an\u00e1lisis web prestado por [&hellip;]\" \/>\n<meta property=\"og:url\" content=\"https:\/\/enriquezvillalobos.es\/en\/politica-de-cookies\/\" \/>\n<meta property=\"og:site_name\" content=\"Enr\u00edquez Villalobos\" \/>\n<meta property=\"article:modified_time\" content=\"2024-09-09T22:17:59+00:00\" \/>\n<meta name=\"twitter:card\" content=\"summary_large_image\" \/>\n<meta name=\"twitter:label1\" content=\"Estimated reading time\" \/>\n\t<meta name=\"twitter:data1\" content=\"2 minutes\" \/>\n<script type=\"application\/ld+json\" class=\"yoast-schema-graph\">{\"@context\":\"https:\/\/schema.org\",\"@graph\":[{\"@type\":\"WebPage\",\"@id\":\"https:\/\/enriquezvillalobos.es\/en\/politica-de-cookies\/\",\"url\":\"https:\/\/enriquezvillalobos.es\/en\/politica-de-cookies\/\",\"name\":\"Pol\u00edtica de Cookies - Enr\u00edquez Villalobos\",\"isPartOf\":{\"@id\":\"https:\/\/enriquezvillalobos.es\/es_es\/#website\"},\"datePublished\":\"2024-04-29T11:07:48+00:00\",\"dateModified\":\"2024-09-09T22:17:59+00:00\",\"breadcrumb\":{\"@id\":\"https:\/\/enriquezvillalobos.es\/en\/politica-de-cookies\/#breadcrumb\"},\"inLanguage\":\"en-GB\",\"potentialAction\":[{\"@type\":\"ReadAction\",\"target\":[\"https:\/\/enriquezvillalobos.es\/en\/politica-de-cookies\/\"]}]},{\"@type\":\"BreadcrumbList\",\"@id\":\"https:\/\/enriquezvillalobos.es\/en\/politica-de-cookies\/#breadcrumb\",\"itemListElement\":[{\"@type\":\"ListItem\",\"position\":1,\"name\":\"Portada\",\"item\":\"https:\/\/enriquezvillalobos.es\/\"},{\"@type\":\"ListItem\",\"position\":2,\"name\":\"Pol\u00edtica de Cookies\"}]},{\"@type\":\"WebSite\",\"@id\":\"https:\/\/enriquezvillalobos.es\/es_es\/#website\",\"url\":\"https:\/\/enriquezvillalobos.es\/es_es\/\",\"name\":\"Enr\u00edquez Villalobos\",\"description\":\"Despacho de abogados\",\"publisher\":{\"@id\":\"https:\/\/enriquezvillalobos.es\/es_es\/#organization\"},\"potentialAction\":[{\"@type\":\"SearchAction\",\"target\":{\"@type\":\"EntryPoint\",\"urlTemplate\":\"https:\/\/enriquezvillalobos.es\/es_es\/?s={search_term_string}\"},\"query-input\":{\"@type\":\"PropertyValueSpecification\",\"valueRequired\":true,\"valueName\":\"search_term_string\"}}],\"inLanguage\":\"en-GB\"},{\"@type\":\"Organization\",\"@id\":\"https:\/\/enriquezvillalobos.es\/es_es\/#organization\",\"name\":\"Enr\u00edquez Villalobos\",\"url\":\"https:\/\/enriquezvillalobos.es\/es_es\/\",\"logo\":{\"@type\":\"ImageObject\",\"inLanguage\":\"en-GB\",\"@id\":\"https:\/\/enriquezvillalobos.es\/es_es\/#\/schema\/logo\/image\/\",\"url\":\"https:\/\/enriquezvillalobos.es\/wp-content\/uploads\/2024\/09\/lawyers-3D.jpg\",\"contentUrl\":\"https:\/\/enriquezvillalobos.es\/wp-content\/uploads\/2024\/09\/lawyers-3D.jpg\",\"width\":765,\"height\":253,\"caption\":\"Enr\u00edquez Villalobos\"},\"image\":{\"@id\":\"https:\/\/enriquezvillalobos.es\/es_es\/#\/schema\/logo\/image\/\"}}]}<\/script>\n<!-- \/ Yoast SEO plugin. -->","yoast_head_json":{"title":"Pol\u00edtica de Cookies - Enr\u00edquez Villalobos","robots":{"index":"index","follow":"follow","max-snippet":"max-snippet:-1","max-image-preview":"max-image-preview:large","max-video-preview":"max-video-preview:-1"},"canonical":"https:\/\/enriquezvillalobos.es\/en\/politica-de-cookies\/","og_locale":"en_GB","og_type":"article","og_title":"Pol\u00edtica de Cookies - Enr\u00edquez Villalobos","og_description":"POL\u00cdTICA DE COOKIES Privacidad de las estad\u00edsticas de Google Analyticswww.enriquezvillalobos.com utiliza Google Analytics, un servicio de an\u00e1lisis web prestado por [&hellip;]","og_url":"https:\/\/enriquezvillalobos.es\/en\/politica-de-cookies\/","og_site_name":"Enr\u00edquez Villalobos","article_modified_time":"2024-09-09T22:17:59+00:00","twitter_card":"summary_large_image","twitter_misc":{"Estimated reading time":"2 minutes"},"schema":{"@context":"https:\/\/schema.org","@graph":[{"@type":"WebPage","@id":"https:\/\/enriquezvillalobos.es\/en\/politica-de-cookies\/","url":"https:\/\/enriquezvillalobos.es\/en\/politica-de-cookies\/","name":"Pol\u00edtica de Cookies - Enr\u00edquez Villalobos","isPartOf":{"@id":"https:\/\/enriquezvillalobos.es\/es_es\/#website"},"datePublished":"2024-04-29T11:07:48+00:00","dateModified":"2024-09-09T22:17:59+00:00","breadcrumb":{"@id":"https:\/\/enriquezvillalobos.es\/en\/politica-de-cookies\/#breadcrumb"},"inLanguage":"en-GB","potentialAction":[{"@type":"ReadAction","target":["https:\/\/enriquezvillalobos.es\/en\/politica-de-cookies\/"]}]},{"@type":"BreadcrumbList","@id":"https:\/\/enriquezvillalobos.es\/en\/politica-de-cookies\/#breadcrumb","itemListElement":[{"@type":"ListItem","position":1,"name":"Portada","item":"https:\/\/enriquezvillalobos.es\/"},{"@type":"ListItem","position":2,"name":"Pol\u00edtica de Cookies"}]},{"@type":"WebSite","@id":"https:\/\/enriquezvillalobos.es\/es_es\/#website","url":"https:\/\/enriquezvillalobos.es\/es_es\/","name":"Enriquez Villalobos","description":"Law firm","publisher":{"@id":"https:\/\/enriquezvillalobos.es\/es_es\/#organization"},"potentialAction":[{"@type":"SearchAction","target":{"@type":"EntryPoint","urlTemplate":"https:\/\/enriquezvillalobos.es\/es_es\/?s={search_term_string}"},"query-input":{"@type":"PropertyValueSpecification","valueRequired":true,"valueName":"search_term_string"}}],"inLanguage":"en-GB"},{"@type":"Organization","@id":"https:\/\/enriquezvillalobos.es\/es_es\/#organization","name":"Enriquez Villalobos","url":"https:\/\/enriquezvillalobos.es\/es_es\/","logo":{"@type":"ImageObject","inLanguage":"en-GB","@id":"https:\/\/enriquezvillalobos.es\/es_es\/#\/schema\/logo\/image\/","url":"https:\/\/enriquezvillalobos.es\/wp-content\/uploads\/2024\/09\/lawyers-3D.jpg","contentUrl":"https:\/\/enriquezvillalobos.es\/wp-content\/uploads\/2024\/09\/lawyers-3D.jpg","width":765,"height":253,"caption":"Enr\u00edquez Villalobos"},"image":{"@id":"https:\/\/enriquezvillalobos.es\/es_es\/#\/schema\/logo\/image\/"}}]}},"_links":{"self":[{"href":"https:\/\/enriquezvillalobos.es\/en\/wp-json\/wp\/v2\/pages\/241","targetHints":{"allow":["GET"]}}],"collection":[{"href":"https:\/\/enriquezvillalobos.es\/en\/wp-json\/wp\/v2\/pages"}],"about":[{"href":"https:\/\/enriquezvillalobos.es\/en\/wp-json\/wp\/v2\/types\/page"}],"author":[{"embeddable":true,"href":"https:\/\/enriquezvillalobos.es\/en\/wp-json\/wp\/v2\/users\/1"}],"replies":[{"embeddable":true,"href":"https:\/\/enriquezvillalobos.es\/en\/wp-json\/wp\/v2\/comments?post=241"}],"version-history":[{"count":25,"href":"https:\/\/enriquezvillalobos.es\/en\/wp-json\/wp\/v2\/pages\/241\/revisions"}],"predecessor-version":[{"id":968,"href":"https:\/\/enriquezvillalobos.es\/en\/wp-json\/wp\/v2\/pages\/241\/revisions\/968"}],"wp:attachment":[{"href":"https:\/\/enriquezvillalobos.es\/en\/wp-json\/wp\/v2\/media?parent=241"}],"curies":[{"name":"wp","href":"https:\/\/api.w.org\/{rel}","templated":true}]}}