{"id":284,"date":"2024-04-29T11:22:56","date_gmt":"2024-04-29T11:22:56","guid":{"rendered":"https:\/\/enriquez.centraldemarketing.es\/?page_id=284"},"modified":"2024-09-09T21:57:10","modified_gmt":"2024-09-09T21:57:10","slug":"aviso-legal","status":"publish","type":"page","link":"https:\/\/enriquezvillalobos.es\/en\/aviso-legal\/","title":{"rendered":"Legal Notice"},"content":{"rendered":"<div data-elementor-type=\"wp-page\" data-elementor-id=\"284\" class=\"elementor elementor-284\" data-elementor-post-type=\"page\">\n\t\t\t\t<div class=\"elementor-element elementor-element-bbb3431 e-flex e-con-boxed e-con e-parent\" data-id=\"bbb3431\" data-element_type=\"container\" data-settings=\"{&quot;background_background&quot;:&quot;classic&quot;}\">\n\t\t\t\t\t<div class=\"e-con-inner\">\n\t\t\t\t<div class=\"elementor-element elementor-element-c60660d elementor-widget elementor-widget-heading\" data-id=\"c60660d\" data-element_type=\"widget\" data-widget_type=\"heading.default\">\n\t\t\t\t<div class=\"elementor-widget-container\">\n\t\t\t<h2 class=\"elementor-heading-title elementor-size-default\">LEGAL NOTICE<\/h2>\t\t<\/div>\n\t\t\t\t<\/div>\n\t\t\t\t\t<\/div>\n\t\t\t\t<\/div>\n\t\t<div class=\"elementor-element elementor-element-275a434 e-flex e-con-boxed e-con e-parent\" data-id=\"275a434\" data-element_type=\"container\">\n\t\t\t\t\t<div class=\"e-con-inner\">\n\t\t\t\t<div class=\"elementor-element elementor-element-0bf32f4 elementor-widget elementor-widget-text-editor\" data-id=\"0bf32f4\" data-element_type=\"widget\" data-widget_type=\"text-editor.default\">\n\t\t\t\t<div class=\"elementor-widget-container\">\n\t\t\t\t\t\t\t<p>In compliance with Law 34\/2002, on Information Society Services and Electronic Commerce, the User is informed of the identifying data of the Website: https:\/\/www.enriquezvillalobos.com, hereinafter the Website:<br \/>Company name: Jos\u00e9 Antonio Enr\u00edquez Villalobos, hereinafter Enr\u00edquez Villalobos Abogados (trade name)<br \/>NIF: 78962802F<br \/>Address: Plaza de la Villa, Alfares Building 1,2\u00ba, Office Number 2 Co\u00edn 29100 (M\u00e1laga) Spain<br \/>Tel.: (+34) <span style=\"color: #000000;\"><a style=\"color: #000000;\" href=\"tel:952452425\">952 45 24 25<\/a><\/span><br \/>Email: lawyers<u>@enriquezvillalobos.com<\/u><br \/>The User undertakes to carefully read the content of this Legal Notice, which includes the Conditions of Use of the Website and the Privacy Policy and expressly accepts all procedures and obligations set forth herein, which are applicable to him\/her:<\/p><p><strong>PURPOSE AND SCOPE OF APPLICATION OF THE CONDITIONS OF USE OF THE WEBSITE<\/strong><br \/>The purpose of these Conditions is to regulate free access to the contents owned by Enr\u00edquez Villalobos Abogados by the User through the Web.<\/p><p><strong>ACCEPTANCE, AVAILABILITY AND MODIFICATIONS OF THE CONDITIONS OF USE OF THE WEBSITE<\/strong><br \/>The User undertakes to read and expressly accepts these Conditions of Use of the Website, in the version published by Enr\u00edquez Villalobos Abogados at the time the User accesses the advertised content, having the Conditions at his\/her disposal, always and in any case, and being able to be stored and\/or reproduced.<br \/>Enr\u00edquez Villalobos Abogados may modify these Conditions whenever there is sufficient cause or reason, without this affecting the advertised content.<\/p><p><strong>CONDITIONS OF ACCESS TO THE WEBSITE AND USE OF PRODUCTS AND SERVICES<\/strong><br \/>Access to the Enr\u00edquez Villalobos Abogados website is free.<br \/>The User agrees to:<\/p><ul><li>Do not use any of the content that Enr\u00edquez Villalobos Abogados makes available to you for illegal purposes.<\/li><li>Do not carry out any activity that could damage, overload, deteriorate or prevent the normal activity of the Web.<\/li><li>Do not obtain the content provided on the Web by illegal, fraudulent, theft or plagiarism means, in accordance with the provisions of the Criminal Code and applicable regulations.<\/li><\/ul><p>In the event that the User causes damage to third parties by using any content provided through the Website, he\/she expressly exonerates Enr\u00edquez Villalobos Abogados from any liability that may be attributed to it. For such purposes, the User shall assume the exclusive liability that may arise. Enr\u00edquez Villalobos Abogados, in order to guarantee the rights in compliance with these Conditions and compliance with current legislation, may:<\/p><ul><li>Proceed to supervise the Web through its administrators, with respect for the confidentiality of communications and the privacy of the User.<\/li><li>Temporarily interrupt the service without notice for technological or legal reasons that will be duly motivated.<\/li><li>Modify the Conditions of Use of the contents, when there is sufficient cause or reason, so advised for technological or legal reasons.<\/li><li>Modify the contents of the Website without prior notice, when for reasons of its activity it considers it appropriate.<\/li><li>Prohibit access to the contents, without prior notice, to any User who contravenes the provisions of these Conditions.<\/li><\/ul><p><strong>RESPONSIBILITIES OF THE PARTIES<\/strong><br \/>Responsibility of Enr\u00edquez Villalobos Abogados for the operation of the Web:<\/p><ul><li>Enr\u00edquez Villalobos Abogados will only be liable for any damages that the User may suffer as a result of accessing the Website when such damages are attributable to fraudulent conduct by Enr\u00edquez Villalobos Abogados.<\/li><li>Likewise, Enr\u00edquez Villalobos Abogados will not be liable for any damage caused to the User in the event of inability to provide the service due to cases of unforeseeable circumstances, force majeure or other causes not attributable to Enr\u00edquez Villalobos Abogados.<\/li><li>Likewise, Enr\u00edquez Villalobos Abogados will not be responsible for the inadequate functioning of the Website if this is due to maintenance work, incidents, defective operation of the terminal or its insufficient capacity to support the systems essential to use the service.<\/li><li>Enr\u00edquez Villalobos Abogados will take the appropriate measures to ensure a rapid response, without being held responsible for delays due to telecommunications services.<\/li><\/ul><p>User Responsibility:<\/p><ul><li>The User will be solely responsible for the consequences arising from the communication of data that is not true, as well as data belonging to persons other than the User.<\/li><li>In the event of non-compliance by the User of his\/her obligations, Enr\u00edquez Villalobos Abogados reserves the right to take appropriate legal action, as well as the right to restrict access to the advertised content.<\/li><\/ul><p><strong>LIMITATION OF LIABILITY<\/strong><br \/>Enr\u00edquez Villalobos Abogados strives to ensure that the information appearing on the Website is correct and up-to-date. However, errors or omissions cannot be ruled out, so the User should not consider the information to be accurate without first checking its accuracy with Enr\u00edquez Villalobos Abogados.<\/p><p>Enr\u00edquez Villalobos Abogados cannot control the use that the User makes of the information or content offered from the Web and therefore will not be responsible for the facts, acts or damages, direct or indirect, caused to the User or to third parties that may arise from or be connected with the use of said information or content.<br \/>The User exonerates Enr\u00edquez Villalobos Abogados from any liability that may arise from interruptions in the availability of access to the content, caused by force majeure or beyond its control, such as the modem, the User&#039;s computer system, navigation software, viruses, interconnection of telephone and electrical networks, ISDN, and\/or any other transport or telecommunications infrastructure used by the User.<br \/>Enr\u00edquez Villalobos Abogados will not be liable for any damage or harm that may be caused to the User by content owned by third parties. The risks arising from access to content owned by third parties correspond exclusively to the User, who must be governed by the terms and conditions of said content, for which Enr\u00edquez Villalobos Abogados is also not liable.<\/p><p><strong>COOKIES AND SECURE ENVIRONMENT<\/strong><br \/>In order to provide better service we may occasionally use \u201ccookies\u201d.<br \/>\u201cCookies\u201d are small amounts of information that are stored on the Website, in your web browser or within your own computer, for possible later use, storing your preferences for certain types of information and personalizing the content of the Website.<br \/>The user can configure his\/her browser to inform him\/her when &quot;cookies&quot; are set, or to prevent them from being set. Enr\u00edquez Villalobos Abogados, through the Web, uses cutting-edge technology to guarantee the protection of information and a secure environment.<\/p><p><strong>HYPERLINKS<\/strong><br \/>Any link from any third party to this Website must be to its main page.<br \/>The links appearing on this website are for informational purposes only regarding the products and services offered by the collaborating partners. Enr\u00edquez Villalobos Abogados is not responsible for the content or the result of accessing them.<\/p><p><strong>INTELLECTUAL AND INDUSTRIAL PROPERTY<\/strong><br \/>Enr\u00edquez Villalobos Abogados is the owner of the intellectual and industrial property rights of the elements that make up the design of the page, such as the brand, trade name or distinctive sign. In particular, the logos, colour combinations, the selection and form of presentation, the source code of the Web, the menus, the navigation buttons, the HTML code, the texts, images, graphics, as well as any other content of the Web advertised by Enr\u00edquez Villalobos Abogados are protected by copyright.<br \/>The User may view, print and copy the contents of this Website for private use, although its use for commercial purposes or the exercise of exploitation rights: reproduction, distribution, public communication, provision and transformation, recognised in intellectual property legislation, the infringement of which may be subject to legally established liabilities, is prohibited.<\/p><p><strong>APPLICABLE LEGISLATION AND JURISDICTION<\/strong><br \/>These conditions are governed by the applicable Spanish regulations in force.<br \/>For the resolution of any disputes that may arise as a result of the provisions of these provisions, and expressly waiving any other jurisdiction that may apply, the User agrees to submit to the Jurisdiction of the Courts and Tribunals of Malaga.<\/p><p><strong>NULLITY AND INEFFECTIVENESS OF THE CLAUSES<\/strong><br \/>If any clause included in these Conditions is declared totally or partially null or ineffective, such nullity will affect only that provision or the part thereof that is null or ineffective, with the remaining Conditions remaining in force.<\/p>\t\t\t\t\t\t<\/div>\n\t\t\t\t<\/div>\n\t\t\t\t\t<\/div>\n\t\t\t\t<\/div>\n\t\t\t\t<\/div>","protected":false},"excerpt":{"rendered":"<p>LEGAL NOTICE In compliance with Law 34\/2002, on Information Society Services and Electronic Commerce, [\u2026]<\/p>","protected":false},"author":1,"featured_media":0,"parent":0,"menu_order":0,"comment_status":"closed","ping_status":"closed","template":"","meta":{"site-sidebar-layout":"no-sidebar","site-content-layout":"","ast-site-content-layout":"full-width-container","site-content-style":"default","site-sidebar-style":"default","ast-global-header-display":"","ast-banner-title-visibility":"","ast-main-header-display":"","ast-hfb-above-header-display":"","ast-hfb-below-header-display":"","ast-hfb-mobile-header-display":"","site-post-title":"disabled","ast-breadcrumbs-content":"","ast-featured-img":"disabled","footer-sml-layout":"","theme-transparent-header-meta":"","adv-header-id-meta":"","stick-header-meta":"","header-above-stick-meta":"","header-main-stick-meta":"","header-below-stick-meta":"","astra-migrate-meta-layouts":"default","ast-page-background-enabled":"default","ast-page-background-meta":{"desktop":{"background-color":"var(--ast-global-color-4)","background-image":"","background-repeat":"repeat","background-position":"center center","background-size":"auto","background-attachment":"scroll","background-type":"","background-media":"","overlay-type":"","overlay-color":"","overlay-opacity":"","overlay-gradient":""},"tablet":{"background-color":"","background-image":"","background-repeat":"repeat","background-position":"center center","background-size":"auto","background-attachment":"scroll","background-type":"","background-media":"","overlay-type":"","overlay-color":"","overlay-opacity":"","overlay-gradient":""},"mobile":{"background-color":"","background-image":"","background-repeat":"repeat","background-position":"center center","background-size":"auto","background-attachment":"scroll","background-type":"","background-media":"","overlay-type":"","overlay-color":"","overlay-opacity":"","overlay-gradient":""}},"ast-content-background-meta":{"desktop":{"background-color":"var(--ast-global-color-5)","background-image":"","background-repeat":"repeat","background-position":"center center","background-size":"auto","background-attachment":"scroll","background-type":"","background-media":"","overlay-type":"","overlay-color":"","overlay-opacity":"","overlay-gradient":""},"tablet":{"background-color":"var(--ast-global-color-5)","background-image":"","background-repeat":"repeat","background-position":"center center","background-size":"auto","background-attachment":"scroll","background-type":"","background-media":"","overlay-type":"","overlay-color":"","overlay-opacity":"","overlay-gradient":""},"mobile":{"background-color":"var(--ast-global-color-5)","background-image":"","background-repeat":"repeat","background-position":"center center","background-size":"auto","background-attachment":"scroll","background-type":"","background-media":"","overlay-type":"","overlay-color":"","overlay-opacity":"","overlay-gradient":""}},"footnotes":""},"class_list":["post-284","page","type-page","status-publish","hentry"],"yoast_head":"<!-- This site is optimized with the Yoast SEO plugin v25.8 - https:\/\/yoast.com\/wordpress\/plugins\/seo\/ -->\n<title>Aviso Legal - Enr\u00edquez Villalobos<\/title>\n<meta name=\"robots\" content=\"index, follow, max-snippet:-1, max-image-preview:large, max-video-preview:-1\" \/>\n<link rel=\"canonical\" href=\"https:\/\/enriquezvillalobos.es\/en\/aviso-legal\/\" \/>\n<meta property=\"og:locale\" content=\"en_GB\" \/>\n<meta property=\"og:type\" content=\"article\" \/>\n<meta property=\"og:title\" content=\"Aviso Legal - Enr\u00edquez Villalobos\" \/>\n<meta property=\"og:description\" content=\"AVISO LEGAL En cumplimiento de la Ley 34\/2002, de Servicios de la Sociedad de la Informaci\u00f3n y Comercio Electr\u00f3nico, se [&hellip;]\" \/>\n<meta property=\"og:url\" content=\"https:\/\/enriquezvillalobos.es\/en\/aviso-legal\/\" \/>\n<meta property=\"og:site_name\" content=\"Enr\u00edquez Villalobos\" \/>\n<meta property=\"article:modified_time\" content=\"2024-09-09T21:57:10+00:00\" \/>\n<meta name=\"twitter:card\" content=\"summary_large_image\" \/>\n<meta name=\"twitter:label1\" content=\"Estimated reading time\" \/>\n\t<meta name=\"twitter:data1\" content=\"7 minutes\" \/>\n<script type=\"application\/ld+json\" class=\"yoast-schema-graph\">{\"@context\":\"https:\/\/schema.org\",\"@graph\":[{\"@type\":\"WebPage\",\"@id\":\"https:\/\/enriquezvillalobos.es\/en\/aviso-legal\/\",\"url\":\"https:\/\/enriquezvillalobos.es\/en\/aviso-legal\/\",\"name\":\"Aviso Legal - Enr\u00edquez Villalobos\",\"isPartOf\":{\"@id\":\"https:\/\/enriquezvillalobos.es\/es_es\/#website\"},\"datePublished\":\"2024-04-29T11:22:56+00:00\",\"dateModified\":\"2024-09-09T21:57:10+00:00\",\"breadcrumb\":{\"@id\":\"https:\/\/enriquezvillalobos.es\/en\/aviso-legal\/#breadcrumb\"},\"inLanguage\":\"en-GB\",\"potentialAction\":[{\"@type\":\"ReadAction\",\"target\":[\"https:\/\/enriquezvillalobos.es\/en\/aviso-legal\/\"]}]},{\"@type\":\"BreadcrumbList\",\"@id\":\"https:\/\/enriquezvillalobos.es\/en\/aviso-legal\/#breadcrumb\",\"itemListElement\":[{\"@type\":\"ListItem\",\"position\":1,\"name\":\"Portada\",\"item\":\"https:\/\/enriquezvillalobos.es\/\"},{\"@type\":\"ListItem\",\"position\":2,\"name\":\"Aviso Legal\"}]},{\"@type\":\"WebSite\",\"@id\":\"https:\/\/enriquezvillalobos.es\/es_es\/#website\",\"url\":\"https:\/\/enriquezvillalobos.es\/es_es\/\",\"name\":\"Enr\u00edquez Villalobos\",\"description\":\"Despacho de abogados\",\"publisher\":{\"@id\":\"https:\/\/enriquezvillalobos.es\/es_es\/#organization\"},\"potentialAction\":[{\"@type\":\"SearchAction\",\"target\":{\"@type\":\"EntryPoint\",\"urlTemplate\":\"https:\/\/enriquezvillalobos.es\/es_es\/?s={search_term_string}\"},\"query-input\":{\"@type\":\"PropertyValueSpecification\",\"valueRequired\":true,\"valueName\":\"search_term_string\"}}],\"inLanguage\":\"en-GB\"},{\"@type\":\"Organization\",\"@id\":\"https:\/\/enriquezvillalobos.es\/es_es\/#organization\",\"name\":\"Enr\u00edquez Villalobos\",\"url\":\"https:\/\/enriquezvillalobos.es\/es_es\/\",\"logo\":{\"@type\":\"ImageObject\",\"inLanguage\":\"en-GB\",\"@id\":\"https:\/\/enriquezvillalobos.es\/es_es\/#\/schema\/logo\/image\/\",\"url\":\"https:\/\/enriquezvillalobos.es\/wp-content\/uploads\/2024\/09\/lawyers-3D.jpg\",\"contentUrl\":\"https:\/\/enriquezvillalobos.es\/wp-content\/uploads\/2024\/09\/lawyers-3D.jpg\",\"width\":765,\"height\":253,\"caption\":\"Enr\u00edquez Villalobos\"},\"image\":{\"@id\":\"https:\/\/enriquezvillalobos.es\/es_es\/#\/schema\/logo\/image\/\"}}]}<\/script>\n<!-- \/ Yoast SEO plugin. -->","yoast_head_json":{"title":"Legal Notice - Enr\u00edquez Villalobos","robots":{"index":"index","follow":"follow","max-snippet":"max-snippet:-1","max-image-preview":"max-image-preview:large","max-video-preview":"max-video-preview:-1"},"canonical":"https:\/\/enriquezvillalobos.es\/en\/aviso-legal\/","og_locale":"en_GB","og_type":"article","og_title":"Aviso Legal - Enr\u00edquez Villalobos","og_description":"AVISO LEGAL En cumplimiento de la Ley 34\/2002, de Servicios de la Sociedad de la Informaci\u00f3n y Comercio Electr\u00f3nico, se [&hellip;]","og_url":"https:\/\/enriquezvillalobos.es\/en\/aviso-legal\/","og_site_name":"Enr\u00edquez Villalobos","article_modified_time":"2024-09-09T21:57:10+00:00","twitter_card":"summary_large_image","twitter_misc":{"Estimated reading time":"7 minutes"},"schema":{"@context":"https:\/\/schema.org","@graph":[{"@type":"WebPage","@id":"https:\/\/enriquezvillalobos.es\/en\/aviso-legal\/","url":"https:\/\/enriquezvillalobos.es\/en\/aviso-legal\/","name":"Legal Notice - Enr\u00edquez Villalobos","isPartOf":{"@id":"https:\/\/enriquezvillalobos.es\/es_es\/#website"},"datePublished":"2024-04-29T11:22:56+00:00","dateModified":"2024-09-09T21:57:10+00:00","breadcrumb":{"@id":"https:\/\/enriquezvillalobos.es\/en\/aviso-legal\/#breadcrumb"},"inLanguage":"en-GB","potentialAction":[{"@type":"ReadAction","target":["https:\/\/enriquezvillalobos.es\/en\/aviso-legal\/"]}]},{"@type":"BreadcrumbList","@id":"https:\/\/enriquezvillalobos.es\/en\/aviso-legal\/#breadcrumb","itemListElement":[{"@type":"ListItem","position":1,"name":"Portada","item":"https:\/\/enriquezvillalobos.es\/"},{"@type":"ListItem","position":2,"name":"Aviso Legal"}]},{"@type":"WebSite","@id":"https:\/\/enriquezvillalobos.es\/es_es\/#website","url":"https:\/\/enriquezvillalobos.es\/es_es\/","name":"Enriquez Villalobos","description":"Law firm","publisher":{"@id":"https:\/\/enriquezvillalobos.es\/es_es\/#organization"},"potentialAction":[{"@type":"SearchAction","target":{"@type":"EntryPoint","urlTemplate":"https:\/\/enriquezvillalobos.es\/es_es\/?s={search_term_string}"},"query-input":{"@type":"PropertyValueSpecification","valueRequired":true,"valueName":"search_term_string"}}],"inLanguage":"en-GB"},{"@type":"Organization","@id":"https:\/\/enriquezvillalobos.es\/es_es\/#organization","name":"Enriquez Villalobos","url":"https:\/\/enriquezvillalobos.es\/es_es\/","logo":{"@type":"ImageObject","inLanguage":"en-GB","@id":"https:\/\/enriquezvillalobos.es\/es_es\/#\/schema\/logo\/image\/","url":"https:\/\/enriquezvillalobos.es\/wp-content\/uploads\/2024\/09\/lawyers-3D.jpg","contentUrl":"https:\/\/enriquezvillalobos.es\/wp-content\/uploads\/2024\/09\/lawyers-3D.jpg","width":765,"height":253,"caption":"Enr\u00edquez Villalobos"},"image":{"@id":"https:\/\/enriquezvillalobos.es\/es_es\/#\/schema\/logo\/image\/"}}]}},"_links":{"self":[{"href":"https:\/\/enriquezvillalobos.es\/en\/wp-json\/wp\/v2\/pages\/284","targetHints":{"allow":["GET"]}}],"collection":[{"href":"https:\/\/enriquezvillalobos.es\/en\/wp-json\/wp\/v2\/pages"}],"about":[{"href":"https:\/\/enriquezvillalobos.es\/en\/wp-json\/wp\/v2\/types\/page"}],"author":[{"embeddable":true,"href":"https:\/\/enriquezvillalobos.es\/en\/wp-json\/wp\/v2\/users\/1"}],"replies":[{"embeddable":true,"href":"https:\/\/enriquezvillalobos.es\/en\/wp-json\/wp\/v2\/comments?post=284"}],"version-history":[{"count":10,"href":"https:\/\/enriquezvillalobos.es\/en\/wp-json\/wp\/v2\/pages\/284\/revisions"}],"predecessor-version":[{"id":959,"href":"https:\/\/enriquezvillalobos.es\/en\/wp-json\/wp\/v2\/pages\/284\/revisions\/959"}],"wp:attachment":[{"href":"https:\/\/enriquezvillalobos.es\/en\/wp-json\/wp\/v2\/media?parent=284"}],"curies":[{"name":"wp","href":"https:\/\/api.w.org\/{rel}","templated":true}]}}