{"id":539,"date":"2024-04-30T11:23:11","date_gmt":"2024-04-30T11:23:11","guid":{"rendered":"https:\/\/enriquez.centraldemarketing.es\/?page_id=539"},"modified":"2025-03-12T17:21:35","modified_gmt":"2025-03-12T17:21:35","slug":"abogados-de-herencias-y-sucesiones-en-malaga","status":"publish","type":"page","link":"https:\/\/enriquezvillalobos.es\/en\/abogados-de-herencias-y-sucesiones-en-malaga\/","title":{"rendered":"Succession Law"},"content":{"rendered":"<div data-elementor-type=\"wp-page\" data-elementor-id=\"539\" class=\"elementor elementor-539\" data-elementor-post-type=\"page\">\n\t\t\t\t<div class=\"elementor-element elementor-element-e929361 e-flex e-con-boxed e-con e-parent\" data-id=\"e929361\" data-element_type=\"container\" data-settings=\"{&quot;background_background&quot;:&quot;classic&quot;}\">\n\t\t\t\t\t<div class=\"e-con-inner\">\n\t\t\t\t<div class=\"elementor-element elementor-element-5c9e62f elementor-widget elementor-widget-heading\" data-id=\"5c9e62f\" data-element_type=\"widget\" data-widget_type=\"heading.default\">\n\t\t\t\t<div class=\"elementor-widget-container\">\n\t\t\t<h2 class=\"elementor-heading-title elementor-size-default\">SUCCESSION LAW<\/h2>\t\t<\/div>\n\t\t\t\t<\/div>\n\t\t\t\t<div class=\"elementor-element elementor-element-d14740c elementor-widget elementor-widget-text-editor\" data-id=\"d14740c\" data-element_type=\"widget\" data-widget_type=\"text-editor.default\">\n\t\t\t\t<div class=\"elementor-widget-container\">\n\t\t\t\t\t\t\t<p>Wills, agreed or contentious inheritances, donations<\/p>\t\t\t\t\t\t<\/div>\n\t\t\t\t<\/div>\n\t\t\t\t\t<\/div>\n\t\t\t\t<\/div>\n\t\t<div class=\"elementor-element elementor-element-1774b54 e-flex e-con-boxed e-con e-parent\" data-id=\"1774b54\" data-element_type=\"container\" data-settings=\"{&quot;background_background&quot;:&quot;classic&quot;}\">\n\t\t\t\t\t<div class=\"e-con-inner\">\n\t\t\t\t<div class=\"elementor-element elementor-element-4e3ea41 elementor-widget elementor-widget-heading\" data-id=\"4e3ea41\" data-element_type=\"widget\" data-widget_type=\"heading.default\">\n\t\t\t\t<div class=\"elementor-widget-container\">\n\t\t\t<h2 class=\"elementor-heading-title elementor-size-default\">Experts in estate planning strategies and complex inheritances<\/h2>\t\t<\/div>\n\t\t\t\t<\/div>\n\t\t\t\t\t<\/div>\n\t\t\t\t<\/div>\n\t\t<div class=\"elementor-element elementor-element-2266721 e-flex e-con-boxed e-con e-parent\" data-id=\"2266721\" data-element_type=\"container\">\n\t\t\t\t\t<div class=\"e-con-inner\">\n\t\t<div class=\"elementor-element elementor-element-febae44 e-flex e-con-boxed e-con e-child\" data-id=\"febae44\" data-element_type=\"container\">\n\t\t\t\t\t<div class=\"e-con-inner\">\n\t\t\t\t<div class=\"elementor-element elementor-element-4384270 elementor-widget elementor-widget-heading\" data-id=\"4384270\" data-element_type=\"widget\" data-widget_type=\"heading.default\">\n\t\t\t\t<div class=\"elementor-widget-container\">\n\t\t\t<h4 class=\"elementor-heading-title elementor-size-default\">OUR SERVICES<\/h4>\t\t<\/div>\n\t\t\t\t<\/div>\n\t\t\t\t<div class=\"elementor-element elementor-element-333dbd0 elementor-widget elementor-widget-text-editor\" data-id=\"333dbd0\" data-element_type=\"widget\" data-widget_type=\"text-editor.default\">\n\t\t\t\t<div class=\"elementor-widget-container\">\n\t\t\t\t\t\t\t<p><span style=\"font-style: inherit; font-weight: inherit; color: #000000; font-family: var( --e-global-typography-text-font-family ), Sans-serif; text-align: var(--text-align); background-color: var(--ast-global-color-5);\">Enr\u00edquez Villalobos Abogados has extensive experience in inheritance law. We offer comprehensive legal advice and effective solutions for our clients. With more than 25 years of experience in this field, we can assist you in any matter related to your inheritance issues:<\/span><\/p><p><span style=\"color: #000000;\">&#8211; <b>Estate Planning Strategies:<\/b> Good advice before making your own will can save your future heirs many problems receiving your properties. It will also ensure that your heirs bear as little tax burden as possible.\u00a0<\/span><\/p><p><span style=\"color: #000000;\">If a will is not a sufficient instrument for your claims, we can advise you and organize other forms of distribution of assets during your lifetime, such as donation or transfer in exchange for maintenance, preserving in both cases the life usufruct to protect your interests.<\/span><\/p><p><span style=\"color: #000000;\">&#8211; <b>Processing<\/b>\u00a0<b>of complex inheritances<\/b>: <span style=\"font-style: inherit; font-weight: inherit; font-family: var( --e-global-typography-text-font-family ), Sans-serif; text-align: var(--text-align); background-color: var(--ast-global-color-5);\">Whatever the technical complexity of your inheritance, we are prepared to find the best possible solution until the distribution and registration of the assets of the estate is achieved: Obtaining wills and certificates of last will, declarations of heirs, drafting of records of inheritance, banking procedures, organization and granting of inventory deeds, appraisal and award of inheritance, acceptance or rejection, liquidation of the Inheritance Tax, registration in the Property Registry and Cadastre of the inherited real estate, dissolution of communities, etc.<\/span><\/span><\/p><p><span style=\"color: #000000;\">&#8211; <b>Extrajudicial negotiation of contentious inheritances:<\/b> \"A bad agreement is better than a good lawsuit.\" We are firm defenders of this premise and expert negotiators with a high percentage of agreed solutions to all types of conflicts between heirs.<\/span><\/p><p><span style=\"font-style: inherit; font-weight: inherit; color: #000000; font-family: var( --e-global-typography-text-font-family ), Sans-serif; text-align: var(--text-align); background-color: var(--ast-global-color-5);\">&#8211; <strong>Legal advice for the adjudication of contentious inheritances<\/strong>: When negotiations do not come to a successful conclusion, there is no other option than to activate the legal mechanisms to assert your inheritance rights. If possible, we will activate the notarial contentious solution through the new legally provided procedure, saving the client a lot of time and money. In cases where it is not possible to resort to this procedure, we will file the corresponding legal claim for the creation of an inventory and subsequent allocation of assets.\u00a0<\/span><\/p>\t\t\t\t\t\t<\/div>\n\t\t\t\t<\/div>\n\t\t\t\t\t<\/div>\n\t\t\t\t<\/div>\n\t\t\t\t\t<\/div>\n\t\t\t\t<\/div>\n\t\t\t\t<\/div>","protected":false},"excerpt":{"rendered":"<p>INHERITANCE LAW Wills, agreed or contested inheritances, donations Experts in inheritance planning and complex inheritances OUR SERVICES Enr\u00edquez Villalobos Abogados, [\u2026]<\/p>","protected":false},"author":1,"featured_media":471,"parent":0,"menu_order":0,"comment_status":"closed","ping_status":"closed","template":"","meta":{"site-sidebar-layout":"no-sidebar","site-content-layout":"","ast-site-content-layout":"full-width-container","site-content-style":"default","site-sidebar-style":"default","ast-global-header-display":"","ast-banner-title-visibility":"","ast-main-header-display":"","ast-hfb-above-header-display":"","ast-hfb-below-header-display":"","ast-hfb-mobile-header-display":"","site-post-title":"disabled","ast-breadcrumbs-content":"","ast-featured-img":"disabled","footer-sml-layout":"","theme-transparent-header-meta":"","adv-header-id-meta":"","stick-header-meta":"","header-above-stick-meta":"","header-main-stick-meta":"","header-below-stick-meta":"","astra-migrate-meta-layouts":"default","ast-page-background-enabled":"default","ast-page-background-meta":{"desktop":{"background-color":"var(--ast-global-color-4)","background-image":"","background-repeat":"repeat","background-position":"center center","background-size":"auto","background-attachment":"scroll","background-type":"","background-media":"","overlay-type":"","overlay-color":"","overlay-opacity":"","overlay-gradient":""},"tablet":{"background-color":"","background-image":"","background-repeat":"repeat","background-position":"center center","background-size":"auto","background-attachment":"scroll","background-type":"","background-media":"","overlay-type":"","overlay-color":"","overlay-opacity":"","overlay-gradient":""},"mobile":{"background-color":"","background-image":"","background-repeat":"repeat","background-position":"center center","background-size":"auto","background-attachment":"scroll","background-type":"","background-media":"","overlay-type":"","overlay-color":"","overlay-opacity":"","overlay-gradient":""}},"ast-content-background-meta":{"desktop":{"background-color":"var(--ast-global-color-5)","background-image":"","background-repeat":"repeat","background-position":"center center","background-size":"auto","background-attachment":"scroll","background-type":"","background-media":"","overlay-type":"","overlay-color":"","overlay-opacity":"","overlay-gradient":""},"tablet":{"background-color":"var(--ast-global-color-5)","background-image":"","background-repeat":"repeat","background-position":"center center","background-size":"auto","background-attachment":"scroll","background-type":"","background-media":"","overlay-type":"","overlay-color":"","overlay-opacity":"","overlay-gradient":""},"mobile":{"background-color":"var(--ast-global-color-5)","background-image":"","background-repeat":"repeat","background-position":"center center","background-size":"auto","background-attachment":"scroll","background-type":"","background-media":"","overlay-type":"","overlay-color":"","overlay-opacity":"","overlay-gradient":""}},"footnotes":""},"class_list":["post-539","page","type-page","status-publish","has-post-thumbnail","hentry"],"yoast_head":"<!-- This site is optimized with the Yoast SEO plugin v25.8 - https:\/\/yoast.com\/wordpress\/plugins\/seo\/ -->\n<title>Derecho Sucesorio - Enr\u00edquez Villalobos<\/title>\n<meta name=\"description\" content=\"Abogados de herencias y sucesiones en M\u00e1laga. Soluciones legales integrales con experiencia y dedicaci\u00f3n. Cont\u00e1ctenos hoy mismo\" \/>\n<meta name=\"robots\" content=\"index, follow, max-snippet:-1, max-image-preview:large, max-video-preview:-1\" \/>\n<link rel=\"canonical\" href=\"https:\/\/enriquezvillalobos.es\/en\/abogados-de-herencias-y-sucesiones-en-malaga\/\" \/>\n<meta property=\"og:locale\" content=\"en_GB\" \/>\n<meta property=\"og:type\" content=\"article\" \/>\n<meta property=\"og:title\" content=\"Derecho Sucesorio - Enr\u00edquez Villalobos\" \/>\n<meta property=\"og:description\" content=\"Abogados de herencias y sucesiones en M\u00e1laga. Soluciones legales integrales con experiencia y dedicaci\u00f3n. Cont\u00e1ctenos hoy mismo\" \/>\n<meta property=\"og:url\" content=\"https:\/\/enriquezvillalobos.es\/en\/abogados-de-herencias-y-sucesiones-en-malaga\/\" \/>\n<meta property=\"og:site_name\" content=\"Enr\u00edquez Villalobos\" \/>\n<meta property=\"article:modified_time\" content=\"2025-03-12T17:21:35+00:00\" \/>\n<meta property=\"og:image\" content=\"https:\/\/enriquezvillalobos.es\/wp-content\/uploads\/2024\/04\/2147898550.jpg\" \/>\n\t<meta property=\"og:image:width\" content=\"2000\" \/>\n\t<meta property=\"og:image:height\" content=\"1335\" \/>\n\t<meta property=\"og:image:type\" content=\"image\/jpeg\" \/>\n<meta name=\"twitter:card\" content=\"summary_large_image\" \/>\n<meta name=\"twitter:label1\" content=\"Estimated reading time\" \/>\n\t<meta name=\"twitter:data1\" content=\"2 minutes\" \/>\n<script type=\"application\/ld+json\" class=\"yoast-schema-graph\">{\"@context\":\"https:\/\/schema.org\",\"@graph\":[{\"@type\":\"WebPage\",\"@id\":\"https:\/\/enriquezvillalobos.es\/abogados-de-herencias-y-sucesiones-en-malaga\/\",\"url\":\"https:\/\/enriquezvillalobos.es\/abogados-de-herencias-y-sucesiones-en-malaga\/\",\"name\":\"Derecho Sucesorio - Enr\u00edquez Villalobos\",\"isPartOf\":{\"@id\":\"https:\/\/enriquezvillalobos.es\/es_es\/#website\"},\"primaryImageOfPage\":{\"@id\":\"https:\/\/enriquezvillalobos.es\/abogados-de-herencias-y-sucesiones-en-malaga\/#primaryimage\"},\"image\":{\"@id\":\"https:\/\/enriquezvillalobos.es\/abogados-de-herencias-y-sucesiones-en-malaga\/#primaryimage\"},\"thumbnailUrl\":\"https:\/\/enriquezvillalobos.es\/wp-content\/uploads\/2024\/04\/2147898550.jpg\",\"datePublished\":\"2024-04-30T11:23:11+00:00\",\"dateModified\":\"2025-03-12T17:21:35+00:00\",\"description\":\"Abogados de herencias y sucesiones en M\u00e1laga. Soluciones legales integrales con experiencia y dedicaci\u00f3n. Cont\u00e1ctenos hoy mismo\",\"breadcrumb\":{\"@id\":\"https:\/\/enriquezvillalobos.es\/abogados-de-herencias-y-sucesiones-en-malaga\/#breadcrumb\"},\"inLanguage\":\"en-GB\",\"potentialAction\":[{\"@type\":\"ReadAction\",\"target\":[\"https:\/\/enriquezvillalobos.es\/abogados-de-herencias-y-sucesiones-en-malaga\/\"]}]},{\"@type\":\"ImageObject\",\"inLanguage\":\"en-GB\",\"@id\":\"https:\/\/enriquezvillalobos.es\/abogados-de-herencias-y-sucesiones-en-malaga\/#primaryimage\",\"url\":\"https:\/\/enriquezvillalobos.es\/wp-content\/uploads\/2024\/04\/2147898550.jpg\",\"contentUrl\":\"https:\/\/enriquezvillalobos.es\/wp-content\/uploads\/2024\/04\/2147898550.jpg\",\"width\":2000,\"height\":1335,\"caption\":\"Abogados de Herencias y Sucesiones\"},{\"@type\":\"BreadcrumbList\",\"@id\":\"https:\/\/enriquezvillalobos.es\/abogados-de-herencias-y-sucesiones-en-malaga\/#breadcrumb\",\"itemListElement\":[{\"@type\":\"ListItem\",\"position\":1,\"name\":\"Portada\",\"item\":\"https:\/\/enriquezvillalobos.es\/\"},{\"@type\":\"ListItem\",\"position\":2,\"name\":\"Derecho Sucesorio\"}]},{\"@type\":\"WebSite\",\"@id\":\"https:\/\/enriquezvillalobos.es\/es_es\/#website\",\"url\":\"https:\/\/enriquezvillalobos.es\/es_es\/\",\"name\":\"Enr\u00edquez Villalobos\",\"description\":\"Despacho de abogados\",\"publisher\":{\"@id\":\"https:\/\/enriquezvillalobos.es\/es_es\/#organization\"},\"potentialAction\":[{\"@type\":\"SearchAction\",\"target\":{\"@type\":\"EntryPoint\",\"urlTemplate\":\"https:\/\/enriquezvillalobos.es\/es_es\/?s={search_term_string}\"},\"query-input\":{\"@type\":\"PropertyValueSpecification\",\"valueRequired\":true,\"valueName\":\"search_term_string\"}}],\"inLanguage\":\"en-GB\"},{\"@type\":\"Organization\",\"@id\":\"https:\/\/enriquezvillalobos.es\/es_es\/#organization\",\"name\":\"Enr\u00edquez Villalobos\",\"url\":\"https:\/\/enriquezvillalobos.es\/es_es\/\",\"logo\":{\"@type\":\"ImageObject\",\"inLanguage\":\"en-GB\",\"@id\":\"https:\/\/enriquezvillalobos.es\/es_es\/#\/schema\/logo\/image\/\",\"url\":\"https:\/\/enriquezvillalobos.es\/wp-content\/uploads\/2024\/09\/lawyers-3D.jpg\",\"contentUrl\":\"https:\/\/enriquezvillalobos.es\/wp-content\/uploads\/2024\/09\/lawyers-3D.jpg\",\"width\":765,\"height\":253,\"caption\":\"Enr\u00edquez Villalobos\"},\"image\":{\"@id\":\"https:\/\/enriquezvillalobos.es\/es_es\/#\/schema\/logo\/image\/\"}}]}<\/script>\n<!-- \/ Yoast SEO plugin. -->","yoast_head_json":{"title":"Inheritance Law - Enriquez Villalobos","description":"Inheritance and probate lawyers in Malaga. Comprehensive legal solutions with experience and dedication. Contact us today.","robots":{"index":"index","follow":"follow","max-snippet":"max-snippet:-1","max-image-preview":"max-image-preview:large","max-video-preview":"max-video-preview:-1"},"canonical":"https:\/\/enriquezvillalobos.es\/en\/abogados-de-herencias-y-sucesiones-en-malaga\/","og_locale":"en_GB","og_type":"article","og_title":"Derecho Sucesorio - Enr\u00edquez Villalobos","og_description":"Abogados de herencias y sucesiones en M\u00e1laga. Soluciones legales integrales con experiencia y dedicaci\u00f3n. Cont\u00e1ctenos hoy mismo","og_url":"https:\/\/enriquezvillalobos.es\/en\/abogados-de-herencias-y-sucesiones-en-malaga\/","og_site_name":"Enr\u00edquez Villalobos","article_modified_time":"2025-03-12T17:21:35+00:00","og_image":[{"width":2000,"height":1335,"url":"https:\/\/enriquezvillalobos.es\/wp-content\/uploads\/2024\/04\/2147898550.jpg","type":"image\/jpeg"}],"twitter_card":"summary_large_image","twitter_misc":{"Estimated reading time":"2 minutes"},"schema":{"@context":"https:\/\/schema.org","@graph":[{"@type":"WebPage","@id":"https:\/\/enriquezvillalobos.es\/abogados-de-herencias-y-sucesiones-en-malaga\/","url":"https:\/\/enriquezvillalobos.es\/abogados-de-herencias-y-sucesiones-en-malaga\/","name":"Inheritance Law - Enriquez Villalobos","isPartOf":{"@id":"https:\/\/enriquezvillalobos.es\/es_es\/#website"},"primaryImageOfPage":{"@id":"https:\/\/enriquezvillalobos.es\/abogados-de-herencias-y-sucesiones-en-malaga\/#primaryimage"},"image":{"@id":"https:\/\/enriquezvillalobos.es\/abogados-de-herencias-y-sucesiones-en-malaga\/#primaryimage"},"thumbnailUrl":"https:\/\/enriquezvillalobos.es\/wp-content\/uploads\/2024\/04\/2147898550.jpg","datePublished":"2024-04-30T11:23:11+00:00","dateModified":"2025-03-12T17:21:35+00:00","description":"Inheritance and probate lawyers in Malaga. Comprehensive legal solutions with experience and dedication. Contact us today.","breadcrumb":{"@id":"https:\/\/enriquezvillalobos.es\/abogados-de-herencias-y-sucesiones-en-malaga\/#breadcrumb"},"inLanguage":"en-GB","potentialAction":[{"@type":"ReadAction","target":["https:\/\/enriquezvillalobos.es\/abogados-de-herencias-y-sucesiones-en-malaga\/"]}]},{"@type":"ImageObject","inLanguage":"en-GB","@id":"https:\/\/enriquezvillalobos.es\/abogados-de-herencias-y-sucesiones-en-malaga\/#primaryimage","url":"https:\/\/enriquezvillalobos.es\/wp-content\/uploads\/2024\/04\/2147898550.jpg","contentUrl":"https:\/\/enriquezvillalobos.es\/wp-content\/uploads\/2024\/04\/2147898550.jpg","width":2000,"height":1335,"caption":"Abogados de Herencias y Sucesiones"},{"@type":"BreadcrumbList","@id":"https:\/\/enriquezvillalobos.es\/abogados-de-herencias-y-sucesiones-en-malaga\/#breadcrumb","itemListElement":[{"@type":"ListItem","position":1,"name":"Portada","item":"https:\/\/enriquezvillalobos.es\/"},{"@type":"ListItem","position":2,"name":"Derecho Sucesorio"}]},{"@type":"WebSite","@id":"https:\/\/enriquezvillalobos.es\/es_es\/#website","url":"https:\/\/enriquezvillalobos.es\/es_es\/","name":"Enriquez Villalobos","description":"Law firm","publisher":{"@id":"https:\/\/enriquezvillalobos.es\/es_es\/#organization"},"potentialAction":[{"@type":"SearchAction","target":{"@type":"EntryPoint","urlTemplate":"https:\/\/enriquezvillalobos.es\/es_es\/?s={search_term_string}"},"query-input":{"@type":"PropertyValueSpecification","valueRequired":true,"valueName":"search_term_string"}}],"inLanguage":"en-GB"},{"@type":"Organization","@id":"https:\/\/enriquezvillalobos.es\/es_es\/#organization","name":"Enriquez Villalobos","url":"https:\/\/enriquezvillalobos.es\/es_es\/","logo":{"@type":"ImageObject","inLanguage":"en-GB","@id":"https:\/\/enriquezvillalobos.es\/es_es\/#\/schema\/logo\/image\/","url":"https:\/\/enriquezvillalobos.es\/wp-content\/uploads\/2024\/09\/lawyers-3D.jpg","contentUrl":"https:\/\/enriquezvillalobos.es\/wp-content\/uploads\/2024\/09\/lawyers-3D.jpg","width":765,"height":253,"caption":"Enr\u00edquez Villalobos"},"image":{"@id":"https:\/\/enriquezvillalobos.es\/es_es\/#\/schema\/logo\/image\/"}}]}},"_links":{"self":[{"href":"https:\/\/enriquezvillalobos.es\/en\/wp-json\/wp\/v2\/pages\/539","targetHints":{"allow":["GET"]}}],"collection":[{"href":"https:\/\/enriquezvillalobos.es\/en\/wp-json\/wp\/v2\/pages"}],"about":[{"href":"https:\/\/enriquezvillalobos.es\/en\/wp-json\/wp\/v2\/types\/page"}],"author":[{"embeddable":true,"href":"https:\/\/enriquezvillalobos.es\/en\/wp-json\/wp\/v2\/users\/1"}],"replies":[{"embeddable":true,"href":"https:\/\/enriquezvillalobos.es\/en\/wp-json\/wp\/v2\/comments?post=539"}],"version-history":[{"count":87,"href":"https:\/\/enriquezvillalobos.es\/en\/wp-json\/wp\/v2\/pages\/539\/revisions"}],"predecessor-version":[{"id":1301,"href":"https:\/\/enriquezvillalobos.es\/en\/wp-json\/wp\/v2\/pages\/539\/revisions\/1301"}],"wp:featuredmedia":[{"embeddable":true,"href":"https:\/\/enriquezvillalobos.es\/en\/wp-json\/wp\/v2\/media\/471"}],"wp:attachment":[{"href":"https:\/\/enriquezvillalobos.es\/en\/wp-json\/wp\/v2\/media?parent=539"}],"curies":[{"name":"wp","href":"https:\/\/api.w.org\/{rel}","templated":true}]}}