{"id":550,"date":"2024-05-02T07:27:17","date_gmt":"2024-05-02T07:27:17","guid":{"rendered":"https:\/\/enriquez.centraldemarketing.es\/?page_id=550"},"modified":"2025-01-21T20:02:25","modified_gmt":"2025-01-21T20:02:25","slug":"abogados-de-divorcios-y-separaciones-en-malaga","status":"publish","type":"page","link":"https:\/\/enriquezvillalobos.es\/en\/abogados-de-divorcios-y-separaciones-en-malaga\/","title":{"rendered":"Family Law"},"content":{"rendered":"<div data-elementor-type=\"wp-page\" data-elementor-id=\"550\" class=\"elementor elementor-550\" data-elementor-post-type=\"page\">\n\t\t\t\t<div class=\"elementor-element elementor-element-2463663 e-flex e-con-boxed e-con e-parent\" data-id=\"2463663\" data-element_type=\"container\" data-settings=\"{&quot;background_background&quot;:&quot;classic&quot;}\">\n\t\t\t\t\t<div class=\"e-con-inner\">\n\t\t\t\t<div class=\"elementor-element elementor-element-e8f7860 elementor-widget elementor-widget-heading\" data-id=\"e8f7860\" data-element_type=\"widget\" data-widget_type=\"heading.default\">\n\t\t\t\t<div class=\"elementor-widget-container\">\n\t\t\t<h2 class=\"elementor-heading-title elementor-size-default\">FAMILY LAW<\/h2>\t\t<\/div>\n\t\t\t\t<\/div>\n\t\t\t\t<div class=\"elementor-element elementor-element-feb3f06 elementor-widget elementor-widget-text-editor\" data-id=\"feb3f06\" data-element_type=\"widget\" data-widget_type=\"text-editor.default\">\n\t\t\t\t<div class=\"elementor-widget-container\">\n\t\t\t\t\t\t\t<p>Separations, divorces, parental-child measures, liquidation of joint property, prior advice<\/p>\t\t\t\t\t\t<\/div>\n\t\t\t\t<\/div>\n\t\t\t\t\t<\/div>\n\t\t\t\t<\/div>\n\t\t<div class=\"elementor-element elementor-element-11ed09c e-flex e-con-boxed e-con e-parent\" data-id=\"11ed09c\" data-element_type=\"container\" data-settings=\"{&quot;background_background&quot;:&quot;classic&quot;}\">\n\t\t\t\t\t<div class=\"e-con-inner\">\n\t\t\t\t<div class=\"elementor-element elementor-element-54dbc8e elementor-widget elementor-widget-heading\" data-id=\"54dbc8e\" data-element_type=\"widget\" data-widget_type=\"heading.default\">\n\t\t\t\t<div class=\"elementor-widget-container\">\n\t\t\t<h2 class=\"elementor-heading-title elementor-size-default\">We will guide you through your marital or relationship breakup process<\/h2>\t\t<\/div>\n\t\t\t\t<\/div>\n\t\t\t\t\t<\/div>\n\t\t\t\t<\/div>\n\t\t<div class=\"elementor-element elementor-element-a9ef3eb e-flex e-con-boxed e-con e-parent\" data-id=\"a9ef3eb\" data-element_type=\"container\">\n\t\t\t\t\t<div class=\"e-con-inner\">\n\t\t\t\t<div class=\"elementor-element elementor-element-dd6a289 elementor-widget elementor-widget-heading\" data-id=\"dd6a289\" data-element_type=\"widget\" data-widget_type=\"heading.default\">\n\t\t\t\t<div class=\"elementor-widget-container\">\n\t\t\t<h4 class=\"elementor-heading-title elementor-size-default\">Divorce and Separation Lawyers <\/h4>\t\t<\/div>\n\t\t\t\t<\/div>\n\t\t\t\t<div class=\"elementor-element elementor-element-d91680d elementor-widget elementor-widget-text-editor\" data-id=\"d91680d\" data-element_type=\"widget\" data-widget_type=\"text-editor.default\">\n\t\t\t\t<div class=\"elementor-widget-container\">\n\t\t\t\t\t\t\t<p>Family law is one of Enr\u00edquez Villalobos Abogados&#039; areas of preferred practice.\u00a0<\/p><p>With a clear negotiating vocation, we have a high rate of issues resolved by consensus in regulatory agreements for separation, divorce and parental-child measures.\u00a0<span style=\"font-style: inherit; font-weight: inherit; color: var( --e-global-color-astglobalcolor8 ); font-family: var( --e-global-typography-text-font-family ), Sans-serif; text-align: var(--text-align); background-color: var(--ast-global-color-5);\">When an agreement becomes impossible, we advise and represent our clients in the corresponding contentious processes.\u00a0<\/span><\/p><p>We deal with these matters of marital or relationship breakdown with the understanding and empathy required by the emotional complexity of this type of process, but always with the objectivity and professionalism required for proper legal advice.<\/p>\t\t\t\t\t\t<\/div>\n\t\t\t\t<\/div>\n\t\t\t\t<div class=\"elementor-element elementor-element-126311e elementor-widget elementor-widget-heading\" data-id=\"126311e\" data-element_type=\"widget\" data-widget_type=\"heading.default\">\n\t\t\t\t<div class=\"elementor-widget-container\">\n\t\t\t<h4 class=\"elementor-heading-title elementor-size-default\">We offer a wide range of services in this area including:<\/h4>\t\t<\/div>\n\t\t\t\t<\/div>\n\t\t\t\t<div class=\"elementor-element elementor-element-01240f5 elementor-widget elementor-widget-text-editor\" data-id=\"01240f5\" data-element_type=\"widget\" data-widget_type=\"text-editor.default\">\n\t\t\t\t<div class=\"elementor-widget-container\">\n\t\t\t\t\t\t\t<ul><li><b>Pre-breakup counseling: <\/b>Consult your rights and obligations in the event of a possible marital or relationship breakup.<\/li><li><b>Separation, divorce or adoption of parental-child measures<\/b> <b>by mutual agreement<\/b>: We are responsible for advising you and negotiating with the other party regarding custody, visitation rights and alimony for minor or financially dependent children, the attribution of the use of the last family home, the distribution of common assets, alimony and contribution to the expenses of the marriage (in cases of separation and divorce), and any other issue applicable to your case.<\/li><li><b>Demanding compliance with the regulatory agreements and measures adopted:<\/b>. Sometimes an agreement is impossible, and the corresponding legal claim must be filed or answered. Our advice in this case will be comprehensive until the execution of the sentence issued in the procedure.<\/li><li><b><b> Separation, divorce or adoption of contentious parental-child measures: <\/b><\/b>We are responsible for advising you and negotiating with the other party regarding the custody and visitation regime, the pension of minor or financially dependent children, the attribution of the use of the last family home, the distribution of common assets, compensatory pension and contribution to the expenses of the family (in cases of separation and divorce), and any other issue applicable to your case. As specialists in real estate and contracting law, we can advise you on the liquidation of the joint assets acquired during the marriage or relationship, seeking the best patrimonial and fiscal solution for your interests.<\/li><li><b>Enforcement of regulatory agreements and measures adopted:<\/b> After completing your family proceedings, we will ensure that they are properly complied with and may request the interpretation or execution of the approved agreements regarding alimony, visits, use of the family home, etc.<\/li><li><b>Modification of regulatory agreements and measures adopted:<\/b>In the event of a substantial change in circumstances, we will help you modify the approved regulatory agreements, either by consensus or, if this is not possible, by litigation.<\/li><li><b>Request for termination of the measures adopted<\/b>: After the children&#039;s financial independence, we can formalize the termination of alimony and request the cessation of exclusive use of the home and dissolution of the community over it.<\/li><\/ul>\t\t\t\t\t\t<\/div>\n\t\t\t\t<\/div>\n\t\t\t\t\t<\/div>\n\t\t\t\t<\/div>\n\t\t\t\t<\/div>","protected":false},"excerpt":{"rendered":"<p>FAMILY LAW Separations, divorces, parental-child measures, liquidation of joint property, prior advice We will guide you through the process of marital breakdown [\u2026]<\/p>","protected":false},"author":1,"featured_media":553,"parent":0,"menu_order":0,"comment_status":"closed","ping_status":"closed","template":"","meta":{"site-sidebar-layout":"no-sidebar","site-content-layout":"","ast-site-content-layout":"full-width-container","site-content-style":"default","site-sidebar-style":"default","ast-global-header-display":"","ast-banner-title-visibility":"","ast-main-header-display":"","ast-hfb-above-header-display":"","ast-hfb-below-header-display":"","ast-hfb-mobile-header-display":"","site-post-title":"disabled","ast-breadcrumbs-content":"","ast-featured-img":"disabled","footer-sml-layout":"","theme-transparent-header-meta":"","adv-header-id-meta":"","stick-header-meta":"","header-above-stick-meta":"","header-main-stick-meta":"","header-below-stick-meta":"","astra-migrate-meta-layouts":"default","ast-page-background-enabled":"default","ast-page-background-meta":{"desktop":{"background-color":"var(--ast-global-color-4)","background-image":"","background-repeat":"repeat","background-position":"center center","background-size":"auto","background-attachment":"scroll","background-type":"","background-media":"","overlay-type":"","overlay-color":"","overlay-opacity":"","overlay-gradient":""},"tablet":{"background-color":"","background-image":"","background-repeat":"repeat","background-position":"center center","background-size":"auto","background-attachment":"scroll","background-type":"","background-media":"","overlay-type":"","overlay-color":"","overlay-opacity":"","overlay-gradient":""},"mobile":{"background-color":"","background-image":"","background-repeat":"repeat","background-position":"center center","background-size":"auto","background-attachment":"scroll","background-type":"","background-media":"","overlay-type":"","overlay-color":"","overlay-opacity":"","overlay-gradient":""}},"ast-content-background-meta":{"desktop":{"background-color":"var(--ast-global-color-5)","background-image":"","background-repeat":"repeat","background-position":"center center","background-size":"auto","background-attachment":"scroll","background-type":"","background-media":"","overlay-type":"","overlay-color":"","overlay-opacity":"","overlay-gradient":""},"tablet":{"background-color":"var(--ast-global-color-5)","background-image":"","background-repeat":"repeat","background-position":"center center","background-size":"auto","background-attachment":"scroll","background-type":"","background-media":"","overlay-type":"","overlay-color":"","overlay-opacity":"","overlay-gradient":""},"mobile":{"background-color":"var(--ast-global-color-5)","background-image":"","background-repeat":"repeat","background-position":"center center","background-size":"auto","background-attachment":"scroll","background-type":"","background-media":"","overlay-type":"","overlay-color":"","overlay-opacity":"","overlay-gradient":""}},"footnotes":""},"class_list":["post-550","page","type-page","status-publish","has-post-thumbnail","hentry"],"yoast_head":"<!-- This site is optimized with the Yoast SEO plugin v25.8 - https:\/\/yoast.com\/wordpress\/plugins\/seo\/ -->\n<title>Derecho de Familia - Enr\u00edquez Villalobos<\/title>\n<meta name=\"description\" content=\"Bufete Enr\u00edquez Villalobos: Abogados en divorcios y separaciones en M\u00e1laga. Comprometidos con soluciones personalizadas y atenci\u00f3n emp\u00e1tica.\" \/>\n<meta name=\"robots\" content=\"index, follow, max-snippet:-1, max-image-preview:large, max-video-preview:-1\" \/>\n<link rel=\"canonical\" href=\"https:\/\/enriquezvillalobos.es\/en\/abogados-de-divorcios-y-separaciones-en-malaga\/\" \/>\n<meta property=\"og:locale\" content=\"en_GB\" \/>\n<meta property=\"og:type\" content=\"article\" \/>\n<meta property=\"og:title\" content=\"Derecho de Familia - Enr\u00edquez Villalobos\" \/>\n<meta property=\"og:description\" content=\"Bufete Enr\u00edquez Villalobos: Abogados en divorcios y separaciones en M\u00e1laga. Comprometidos con soluciones personalizadas y atenci\u00f3n emp\u00e1tica.\" \/>\n<meta property=\"og:url\" content=\"https:\/\/enriquezvillalobos.es\/en\/abogados-de-divorcios-y-separaciones-en-malaga\/\" \/>\n<meta property=\"og:site_name\" content=\"Enr\u00edquez Villalobos\" \/>\n<meta property=\"article:modified_time\" content=\"2025-01-21T20:02:25+00:00\" \/>\n<meta property=\"og:image\" content=\"https:\/\/enriquezvillalobos.es\/wp-content\/uploads\/2024\/05\/2148548576.jpg\" \/>\n\t<meta property=\"og:image:width\" content=\"2000\" \/>\n\t<meta property=\"og:image:height\" content=\"1104\" \/>\n\t<meta property=\"og:image:type\" content=\"image\/jpeg\" \/>\n<meta name=\"twitter:card\" content=\"summary_large_image\" \/>\n<meta name=\"twitter:label1\" content=\"Estimated reading time\" \/>\n\t<meta name=\"twitter:data1\" content=\"2 minutes\" \/>\n<script type=\"application\/ld+json\" class=\"yoast-schema-graph\">{\"@context\":\"https:\/\/schema.org\",\"@graph\":[{\"@type\":\"WebPage\",\"@id\":\"https:\/\/enriquezvillalobos.es\/es_es\/abogados-de-divorcios-y-separaciones-en-malaga\/\",\"url\":\"https:\/\/enriquezvillalobos.es\/es_es\/abogados-de-divorcios-y-separaciones-en-malaga\/\",\"name\":\"Derecho de Familia - Enr\u00edquez Villalobos\",\"isPartOf\":{\"@id\":\"https:\/\/enriquezvillalobos.es\/es_es\/#website\"},\"primaryImageOfPage\":{\"@id\":\"https:\/\/enriquezvillalobos.es\/es_es\/abogados-de-divorcios-y-separaciones-en-malaga\/#primaryimage\"},\"image\":{\"@id\":\"https:\/\/enriquezvillalobos.es\/es_es\/abogados-de-divorcios-y-separaciones-en-malaga\/#primaryimage\"},\"thumbnailUrl\":\"https:\/\/enriquezvillalobos.es\/wp-content\/uploads\/2024\/05\/2148548576.jpg\",\"datePublished\":\"2024-05-02T07:27:17+00:00\",\"dateModified\":\"2025-01-21T20:02:25+00:00\",\"description\":\"Bufete Enr\u00edquez Villalobos: Abogados en divorcios y separaciones en M\u00e1laga. Comprometidos con soluciones personalizadas y atenci\u00f3n emp\u00e1tica.\",\"breadcrumb\":{\"@id\":\"https:\/\/enriquezvillalobos.es\/es_es\/abogados-de-divorcios-y-separaciones-en-malaga\/#breadcrumb\"},\"inLanguage\":\"en-GB\",\"potentialAction\":[{\"@type\":\"ReadAction\",\"target\":[\"https:\/\/enriquezvillalobos.es\/es_es\/abogados-de-divorcios-y-separaciones-en-malaga\/\"]}]},{\"@type\":\"ImageObject\",\"inLanguage\":\"en-GB\",\"@id\":\"https:\/\/enriquezvillalobos.es\/es_es\/abogados-de-divorcios-y-separaciones-en-malaga\/#primaryimage\",\"url\":\"https:\/\/enriquezvillalobos.es\/wp-content\/uploads\/2024\/05\/2148548576.jpg\",\"contentUrl\":\"https:\/\/enriquezvillalobos.es\/wp-content\/uploads\/2024\/05\/2148548576.jpg\",\"width\":2000,\"height\":1104,\"caption\":\"Abogados de Divorcios y Separaciones en M\u00e1laga\"},{\"@type\":\"BreadcrumbList\",\"@id\":\"https:\/\/enriquezvillalobos.es\/es_es\/abogados-de-divorcios-y-separaciones-en-malaga\/#breadcrumb\",\"itemListElement\":[{\"@type\":\"ListItem\",\"position\":1,\"name\":\"Portada\",\"item\":\"https:\/\/enriquezvillalobos.es\/\"},{\"@type\":\"ListItem\",\"position\":2,\"name\":\"Derecho de Familia\"}]},{\"@type\":\"WebSite\",\"@id\":\"https:\/\/enriquezvillalobos.es\/es_es\/#website\",\"url\":\"https:\/\/enriquezvillalobos.es\/es_es\/\",\"name\":\"Enr\u00edquez Villalobos\",\"description\":\"Despacho de abogados\",\"publisher\":{\"@id\":\"https:\/\/enriquezvillalobos.es\/es_es\/#organization\"},\"potentialAction\":[{\"@type\":\"SearchAction\",\"target\":{\"@type\":\"EntryPoint\",\"urlTemplate\":\"https:\/\/enriquezvillalobos.es\/es_es\/?s={search_term_string}\"},\"query-input\":{\"@type\":\"PropertyValueSpecification\",\"valueRequired\":true,\"valueName\":\"search_term_string\"}}],\"inLanguage\":\"en-GB\"},{\"@type\":\"Organization\",\"@id\":\"https:\/\/enriquezvillalobos.es\/es_es\/#organization\",\"name\":\"Enr\u00edquez Villalobos\",\"url\":\"https:\/\/enriquezvillalobos.es\/es_es\/\",\"logo\":{\"@type\":\"ImageObject\",\"inLanguage\":\"en-GB\",\"@id\":\"https:\/\/enriquezvillalobos.es\/es_es\/#\/schema\/logo\/image\/\",\"url\":\"https:\/\/enriquezvillalobos.es\/wp-content\/uploads\/2024\/09\/lawyers-3D.jpg\",\"contentUrl\":\"https:\/\/enriquezvillalobos.es\/wp-content\/uploads\/2024\/09\/lawyers-3D.jpg\",\"width\":765,\"height\":253,\"caption\":\"Enr\u00edquez Villalobos\"},\"image\":{\"@id\":\"https:\/\/enriquezvillalobos.es\/es_es\/#\/schema\/logo\/image\/\"}}]}<\/script>\n<!-- \/ Yoast SEO plugin. -->","yoast_head_json":{"title":"Family Law - Enriquez Villalobos","description":"Enriquez Villalobos Law Firm: Divorce and separation lawyers in Malaga. Committed to personalized solutions and empathetic service.","robots":{"index":"index","follow":"follow","max-snippet":"max-snippet:-1","max-image-preview":"max-image-preview:large","max-video-preview":"max-video-preview:-1"},"canonical":"https:\/\/enriquezvillalobos.es\/en\/abogados-de-divorcios-y-separaciones-en-malaga\/","og_locale":"en_GB","og_type":"article","og_title":"Derecho de Familia - Enr\u00edquez Villalobos","og_description":"Bufete Enr\u00edquez Villalobos: Abogados en divorcios y separaciones en M\u00e1laga. Comprometidos con soluciones personalizadas y atenci\u00f3n emp\u00e1tica.","og_url":"https:\/\/enriquezvillalobos.es\/en\/abogados-de-divorcios-y-separaciones-en-malaga\/","og_site_name":"Enr\u00edquez Villalobos","article_modified_time":"2025-01-21T20:02:25+00:00","og_image":[{"width":2000,"height":1104,"url":"https:\/\/enriquezvillalobos.es\/wp-content\/uploads\/2024\/05\/2148548576.jpg","type":"image\/jpeg"}],"twitter_card":"summary_large_image","twitter_misc":{"Estimated reading time":"2 minutes"},"schema":{"@context":"https:\/\/schema.org","@graph":[{"@type":"WebPage","@id":"https:\/\/enriquezvillalobos.es\/es_es\/abogados-de-divorcios-y-separaciones-en-malaga\/","url":"https:\/\/enriquezvillalobos.es\/es_es\/abogados-de-divorcios-y-separaciones-en-malaga\/","name":"Family Law - Enriquez Villalobos","isPartOf":{"@id":"https:\/\/enriquezvillalobos.es\/es_es\/#website"},"primaryImageOfPage":{"@id":"https:\/\/enriquezvillalobos.es\/es_es\/abogados-de-divorcios-y-separaciones-en-malaga\/#primaryimage"},"image":{"@id":"https:\/\/enriquezvillalobos.es\/es_es\/abogados-de-divorcios-y-separaciones-en-malaga\/#primaryimage"},"thumbnailUrl":"https:\/\/enriquezvillalobos.es\/wp-content\/uploads\/2024\/05\/2148548576.jpg","datePublished":"2024-05-02T07:27:17+00:00","dateModified":"2025-01-21T20:02:25+00:00","description":"Enriquez Villalobos Law Firm: Divorce and separation lawyers in Malaga. Committed to personalized solutions and empathetic service.","breadcrumb":{"@id":"https:\/\/enriquezvillalobos.es\/es_es\/abogados-de-divorcios-y-separaciones-en-malaga\/#breadcrumb"},"inLanguage":"en-GB","potentialAction":[{"@type":"ReadAction","target":["https:\/\/enriquezvillalobos.es\/es_es\/abogados-de-divorcios-y-separaciones-en-malaga\/"]}]},{"@type":"ImageObject","inLanguage":"en-GB","@id":"https:\/\/enriquezvillalobos.es\/es_es\/abogados-de-divorcios-y-separaciones-en-malaga\/#primaryimage","url":"https:\/\/enriquezvillalobos.es\/wp-content\/uploads\/2024\/05\/2148548576.jpg","contentUrl":"https:\/\/enriquezvillalobos.es\/wp-content\/uploads\/2024\/05\/2148548576.jpg","width":2000,"height":1104,"caption":"Abogados de Divorcios y Separaciones en M\u00e1laga"},{"@type":"BreadcrumbList","@id":"https:\/\/enriquezvillalobos.es\/es_es\/abogados-de-divorcios-y-separaciones-en-malaga\/#breadcrumb","itemListElement":[{"@type":"ListItem","position":1,"name":"Portada","item":"https:\/\/enriquezvillalobos.es\/"},{"@type":"ListItem","position":2,"name":"Derecho de Familia"}]},{"@type":"WebSite","@id":"https:\/\/enriquezvillalobos.es\/es_es\/#website","url":"https:\/\/enriquezvillalobos.es\/es_es\/","name":"Enriquez Villalobos","description":"Law firm","publisher":{"@id":"https:\/\/enriquezvillalobos.es\/es_es\/#organization"},"potentialAction":[{"@type":"SearchAction","target":{"@type":"EntryPoint","urlTemplate":"https:\/\/enriquezvillalobos.es\/es_es\/?s={search_term_string}"},"query-input":{"@type":"PropertyValueSpecification","valueRequired":true,"valueName":"search_term_string"}}],"inLanguage":"en-GB"},{"@type":"Organization","@id":"https:\/\/enriquezvillalobos.es\/es_es\/#organization","name":"Enriquez Villalobos","url":"https:\/\/enriquezvillalobos.es\/es_es\/","logo":{"@type":"ImageObject","inLanguage":"en-GB","@id":"https:\/\/enriquezvillalobos.es\/es_es\/#\/schema\/logo\/image\/","url":"https:\/\/enriquezvillalobos.es\/wp-content\/uploads\/2024\/09\/lawyers-3D.jpg","contentUrl":"https:\/\/enriquezvillalobos.es\/wp-content\/uploads\/2024\/09\/lawyers-3D.jpg","width":765,"height":253,"caption":"Enr\u00edquez Villalobos"},"image":{"@id":"https:\/\/enriquezvillalobos.es\/es_es\/#\/schema\/logo\/image\/"}}]}},"_links":{"self":[{"href":"https:\/\/enriquezvillalobos.es\/en\/wp-json\/wp\/v2\/pages\/550","targetHints":{"allow":["GET"]}}],"collection":[{"href":"https:\/\/enriquezvillalobos.es\/en\/wp-json\/wp\/v2\/pages"}],"about":[{"href":"https:\/\/enriquezvillalobos.es\/en\/wp-json\/wp\/v2\/types\/page"}],"author":[{"embeddable":true,"href":"https:\/\/enriquezvillalobos.es\/en\/wp-json\/wp\/v2\/users\/1"}],"replies":[{"embeddable":true,"href":"https:\/\/enriquezvillalobos.es\/en\/wp-json\/wp\/v2\/comments?post=550"}],"version-history":[{"count":90,"href":"https:\/\/enriquezvillalobos.es\/en\/wp-json\/wp\/v2\/pages\/550\/revisions"}],"predecessor-version":[{"id":1254,"href":"https:\/\/enriquezvillalobos.es\/en\/wp-json\/wp\/v2\/pages\/550\/revisions\/1254"}],"wp:featuredmedia":[{"embeddable":true,"href":"https:\/\/enriquezvillalobos.es\/en\/wp-json\/wp\/v2\/media\/553"}],"wp:attachment":[{"href":"https:\/\/enriquezvillalobos.es\/en\/wp-json\/wp\/v2\/media?parent=550"}],"curies":[{"name":"wp","href":"https:\/\/api.w.org\/{rel}","templated":true}]}}