{"id":127,"date":"2024-04-29T08:54:13","date_gmt":"2024-04-29T08:54:13","guid":{"rendered":"https:\/\/enriquez.centraldemarketing.es\/?page_id=127"},"modified":"2024-09-20T07:41:13","modified_gmt":"2024-09-20T07:41:13","slug":"quienes-somos","status":"publish","type":"page","link":"https:\/\/enriquezvillalobos.es\/es_es\/quienes-somos\/","title":{"rendered":"Qui\u00e9nes somos"},"content":{"rendered":"\t\t<div data-elementor-type=\"wp-page\" data-elementor-id=\"127\" class=\"elementor elementor-127\" data-elementor-post-type=\"page\">\n\t\t\t\t<div class=\"elementor-element elementor-element-37d7265 e-flex e-con-boxed e-con e-parent\" data-id=\"37d7265\" data-element_type=\"container\" data-settings=\"{&quot;background_background&quot;:&quot;classic&quot;}\">\n\t\t\t\t\t<div class=\"e-con-inner\">\n\t\t\t\t<div class=\"elementor-element elementor-element-780cc48 elementor-widget elementor-widget-heading\" data-id=\"780cc48\" data-element_type=\"widget\" data-widget_type=\"heading.default\">\n\t\t\t\t<div class=\"elementor-widget-container\">\n\t\t\t<h2 class=\"elementor-heading-title elementor-size-default\">QUI\u00c9NES SOMOS<\/h2>\t\t<\/div>\n\t\t\t\t<\/div>\n\t\t\t\t<div class=\"elementor-element elementor-element-dc394b2 elementor-widget elementor-widget-text-editor\" data-id=\"dc394b2\" data-element_type=\"widget\" data-widget_type=\"text-editor.default\">\n\t\t\t\t<div class=\"elementor-widget-container\">\n\t\t\t\t\t\t\t<p>Conoce a nuestro equipo de profesionales y colaboradores<\/p>\t\t\t\t\t\t<\/div>\n\t\t\t\t<\/div>\n\t\t\t\t\t<\/div>\n\t\t\t\t<\/div>\n\t\t<div class=\"elementor-element elementor-element-cfdafab e-flex e-con-boxed e-con e-parent\" data-id=\"cfdafab\" data-element_type=\"container\" data-settings=\"{&quot;background_background&quot;:&quot;classic&quot;}\">\n\t\t\t\t\t<div class=\"e-con-inner\">\n\t\t\t\t<div class=\"elementor-element elementor-element-769c01e elementor-widget elementor-widget-heading\" data-id=\"769c01e\" data-element_type=\"widget\" data-widget_type=\"heading.default\">\n\t\t\t\t<div class=\"elementor-widget-container\">\n\t\t\t<h2 class=\"elementor-heading-title elementor-size-default\">Asesoramiento legal personalizado, transparente y profesional<\/h2>\t\t<\/div>\n\t\t\t\t<\/div>\n\t\t\t\t\t<\/div>\n\t\t\t\t<\/div>\n\t\t<div class=\"elementor-element elementor-element-725b1c4 e-flex e-con-boxed e-con e-parent\" data-id=\"725b1c4\" data-element_type=\"container\">\n\t\t\t\t\t<div class=\"e-con-inner\">\n\t\t<div class=\"elementor-element elementor-element-e5da9c3 e-con-full e-flex e-con e-child\" data-id=\"e5da9c3\" data-element_type=\"container\">\n\t\t\t\t<div class=\"elementor-element elementor-element-8702f41 elementor-widget__width-initial elementor-widget elementor-widget-image\" data-id=\"8702f41\" data-element_type=\"widget\" data-widget_type=\"image.default\">\n\t\t\t\t<div class=\"elementor-widget-container\">\n\t\t\t\t\t\t\t\t\t\t\t\t\t<img decoding=\"async\" src=\"https:\/\/enriquezvillalobos.es\/wp-content\/uploads\/elementor\/thumbs\/9031176-scaled-qu0fet9hfirx6h74rlof0f24q54amsrw8vykihrjc0.jpg\" title=\"OLYMPUS DIGITAL CAMERA\" alt=\"OLYMPUS DIGITAL CAMERA\" loading=\"lazy\" \/>\t\t\t\t\t\t\t\t\t\t\t\t\t<\/div>\n\t\t\t\t<\/div>\n\t\t\t\t<\/div>\n\t\t<div class=\"elementor-element elementor-element-c6af511 e-con-full e-flex e-con e-child\" data-id=\"c6af511\" data-element_type=\"container\">\n\t\t\t\t<div class=\"elementor-element elementor-element-9b651e9 elementor-widget__width-initial elementor-widget elementor-widget-text-editor\" data-id=\"9b651e9\" data-element_type=\"widget\" data-widget_type=\"text-editor.default\">\n\t\t\t\t<div class=\"elementor-widget-container\">\n\t\t\t\t\t\t\t<p>El despacho\u00a0 Enr\u00edquez Villalobos Abogados fue fundado en 1995 por Don Jos\u00e9 Antonio Enr\u00edquez, Desde entonces ofrece a sus clientes un asesoramiento legal personalizado (porque cada caso es \u00fanico) transparente (porque trabajamos por y para el cliente) y profesional (nuestra formaci\u00f3n t\u00e9cnica continua y nuestra experiencia nos avalan).<\/p><p>Jos\u00e9 Antonio Enr\u00edquez es abogado del Ilustre Colegio de Abogados de M\u00e1laga, perito judicial inmobiliario titulado y contador partidor homologado para actuar tanto en juzgados como notarias.<\/p><p>Est\u00e1 especializado en derecho inmobiliario, sucesorio, de familia y litigaci\u00f3n\u00a0 civil con m\u00e1s de 28 a\u00f1os de experiencia en estas materias.\u00a0<\/p><p>Junto a su socio, Don Jos\u00e9 Luis Cansino, y a los abogados colaboradores especialistas en\u00a0 distintas \u00e1reas del derecho forman un grupo de profesionales altamente cualificados y de trato directo y cercano, que les atender\u00e1 tanto en castellano como en ingl\u00e9s.<\/p>\t\t\t\t\t\t<\/div>\n\t\t\t\t<\/div>\n\t\t\t\t<\/div>\n\t\t\t\t\t<\/div>\n\t\t\t\t<\/div>\n\t\t<div class=\"elementor-element elementor-element-4cebb4a e-flex e-con-boxed e-con e-parent\" data-id=\"4cebb4a\" data-element_type=\"container\">\n\t\t\t\t\t<div class=\"e-con-inner\">\n\t\t<div class=\"elementor-element elementor-element-1c15082 e-con-full e-flex e-con e-child\" data-id=\"1c15082\" data-element_type=\"container\">\n\t\t\t\t<div class=\"elementor-element elementor-element-98f6a79 elementor-widget__width-initial elementor-widget elementor-widget-text-editor\" data-id=\"98f6a79\" data-element_type=\"widget\" data-widget_type=\"text-editor.default\">\n\t\t\t\t<div class=\"elementor-widget-container\">\n\t\t\t\t\t\t\t<p>Don Jos\u00e9 Luis Cansino es abogado colegiado del Ilustre Colegio de Abogados de M\u00e1laga, perito judicial inmobiliario titulado y contador partidor homologado en juzgados y notar\u00edas.<\/p><p>Est\u00e1 especializado en reclamaciones por accidentes de tr\u00e1fico, separaciones, divorcios y medidas paternofiliales, derecho administrativo y litigaci\u00f3n civil general.<\/p><p>Nuestro potencial humano se complementa con estrechas colaboraciones con diversos profesionales como procuradores, traductores jurados, peritos judiciales, tasadores, economistas, arquitectos, etc., que nos permite ofrecer un asesoramiento legal global y multidisciplinar en nuestras \u00e1reas de dedicaci\u00f3n preferente.\u00a0<\/p><p>Tratamos cada asunto de forma individualizada recomendando las soluciones legales m\u00e1s adecuadas para cada caso, explicando el asunto al cliente de forma clara y realista, y poniendo todos nuestros conocimientos y experiencia al servicio del cliente.<\/p>\t\t\t\t\t\t<\/div>\n\t\t\t\t<\/div>\n\t\t\t\t<\/div>\n\t\t<div class=\"elementor-element elementor-element-c300b89 e-con-full e-flex e-con e-child\" data-id=\"c300b89\" data-element_type=\"container\">\n\t\t\t\t<div class=\"elementor-element elementor-element-4c3a156 elementor-widget__width-initial elementor-widget elementor-widget-image\" data-id=\"4c3a156\" data-element_type=\"widget\" data-widget_type=\"image.default\">\n\t\t\t\t<div class=\"elementor-widget-container\">\n\t\t\t\t\t\t\t\t\t\t\t\t\t<img decoding=\"async\" src=\"https:\/\/enriquezvillalobos.es\/wp-content\/uploads\/elementor\/thumbs\/JoseLuis1-scaled-qu0ffymds8cjdbj223k024mev3gg1hc32knxmo27q8.jpg\" title=\"OLYMPUS DIGITAL CAMERA\" alt=\"OLYMPUS DIGITAL CAMERA\" loading=\"lazy\" \/>\t\t\t\t\t\t\t\t\t\t\t\t\t<\/div>\n\t\t\t\t<\/div>\n\t\t\t\t<\/div>\n\t\t\t\t\t<\/div>\n\t\t\t\t<\/div>\n\t\t\t\t<\/div>\n\t\t","protected":false},"excerpt":{"rendered":"<p>QUI\u00c9NES SOMOS Conoce a nuestro equipo de profesionales y colaboradores Asesoramiento legal personalizado, transparente y profesional El despacho\u00a0 Enr\u00edquez Villalobos [&hellip;]<\/p>\n","protected":false},"author":1,"featured_media":0,"parent":0,"menu_order":0,"comment_status":"closed","ping_status":"closed","template":"","meta":{"site-sidebar-layout":"no-sidebar","site-content-layout":"","ast-site-content-layout":"full-width-container","site-content-style":"default","site-sidebar-style":"default","ast-global-header-display":"","ast-banner-title-visibility":"","ast-main-header-display":"","ast-hfb-above-header-display":"","ast-hfb-below-header-display":"","ast-hfb-mobile-header-display":"","site-post-title":"disabled","ast-breadcrumbs-content":"","ast-featured-img":"disabled","footer-sml-layout":"","theme-transparent-header-meta":"","adv-header-id-meta":"","stick-header-meta":"","header-above-stick-meta":"","header-main-stick-meta":"","header-below-stick-meta":"","astra-migrate-meta-layouts":"default","ast-page-background-enabled":"default","ast-page-background-meta":{"desktop":{"background-color":"var(--ast-global-color-4)","background-image":"","background-repeat":"repeat","background-position":"center center","background-size":"auto","background-attachment":"scroll","background-type":"","background-media":"","overlay-type":"","overlay-color":"","overlay-opacity":"","overlay-gradient":""},"tablet":{"background-color":"","background-image":"","background-repeat":"repeat","background-position":"center center","background-size":"auto","background-attachment":"scroll","background-type":"","background-media":"","overlay-type":"","overlay-color":"","overlay-opacity":"","overlay-gradient":""},"mobile":{"background-color":"","background-image":"","background-repeat":"repeat","background-position":"center center","background-size":"auto","background-attachment":"scroll","background-type":"","background-media":"","overlay-type":"","overlay-color":"","overlay-opacity":"","overlay-gradient":""}},"ast-content-background-meta":{"desktop":{"background-color":"var(--ast-global-color-5)","background-image":"","background-repeat":"repeat","background-position":"center center","background-size":"auto","background-attachment":"scroll","background-type":"","background-media":"","overlay-type":"","overlay-color":"","overlay-opacity":"","overlay-gradient":""},"tablet":{"background-color":"var(--ast-global-color-5)","background-image":"","background-repeat":"repeat","background-position":"center center","background-size":"auto","background-attachment":"scroll","background-type":"","background-media":"","overlay-type":"","overlay-color":"","overlay-opacity":"","overlay-gradient":""},"mobile":{"background-color":"var(--ast-global-color-5)","background-image":"","background-repeat":"repeat","background-position":"center center","background-size":"auto","background-attachment":"scroll","background-type":"","background-media":"","overlay-type":"","overlay-color":"","overlay-opacity":"","overlay-gradient":""}},"footnotes":""},"class_list":["post-127","page","type-page","status-publish","hentry"],"yoast_head":"<!-- This site is optimized with the Yoast SEO plugin v25.8 - https:\/\/yoast.com\/wordpress\/plugins\/seo\/ -->\n<title>Qui\u00e9nes somos - Enr\u00edquez Villalobos<\/title>\n<meta name=\"robots\" content=\"index, follow, max-snippet:-1, max-image-preview:large, max-video-preview:-1\" \/>\n<link rel=\"canonical\" href=\"https:\/\/enriquezvillalobos.es\/es_es\/quienes-somos\/\" \/>\n<meta property=\"og:locale\" content=\"es_ES\" \/>\n<meta property=\"og:type\" content=\"article\" \/>\n<meta property=\"og:title\" content=\"Qui\u00e9nes somos - Enr\u00edquez Villalobos\" \/>\n<meta property=\"og:description\" content=\"QUI\u00c9NES SOMOS Conoce a nuestro equipo de profesionales y colaboradores Asesoramiento legal personalizado, transparente y profesional El despacho\u00a0 Enr\u00edquez Villalobos [&hellip;]\" \/>\n<meta property=\"og:url\" content=\"https:\/\/enriquezvillalobos.es\/es_es\/quienes-somos\/\" \/>\n<meta property=\"og:site_name\" content=\"Enr\u00edquez Villalobos\" \/>\n<meta property=\"article:modified_time\" content=\"2024-09-20T07:41:13+00:00\" \/>\n<meta property=\"og:image\" content=\"https:\/\/enriquez.centraldemarketing.es\/wp-content\/uploads\/elementor\/thumbs\/9031176-scaled-qu0feu7bmct7i35rm431kwtlbiznuhvml0m1zrq55s.jpg\" \/>\n<meta name=\"twitter:card\" content=\"summary_large_image\" \/>\n<meta name=\"twitter:label1\" content=\"Tiempo de lectura\" \/>\n\t<meta name=\"twitter:data1\" content=\"2 minutos\" \/>\n<script type=\"application\/ld+json\" class=\"yoast-schema-graph\">{\"@context\":\"https:\/\/schema.org\",\"@graph\":[{\"@type\":\"WebPage\",\"@id\":\"https:\/\/enriquezvillalobos.es\/es_es\/quienes-somos\/\",\"url\":\"https:\/\/enriquezvillalobos.es\/es_es\/quienes-somos\/\",\"name\":\"Qui\u00e9nes somos - Enr\u00edquez Villalobos\",\"isPartOf\":{\"@id\":\"https:\/\/enriquezvillalobos.es\/es_es\/#website\"},\"primaryImageOfPage\":{\"@id\":\"https:\/\/enriquezvillalobos.es\/es_es\/quienes-somos\/#primaryimage\"},\"image\":{\"@id\":\"https:\/\/enriquezvillalobos.es\/es_es\/quienes-somos\/#primaryimage\"},\"thumbnailUrl\":\"https:\/\/enriquez.centraldemarketing.es\/wp-content\/uploads\/elementor\/thumbs\/9031176-scaled-qu0feu7bmct7i35rm431kwtlbiznuhvml0m1zrq55s.jpg\",\"datePublished\":\"2024-04-29T08:54:13+00:00\",\"dateModified\":\"2024-09-20T07:41:13+00:00\",\"breadcrumb\":{\"@id\":\"https:\/\/enriquezvillalobos.es\/es_es\/quienes-somos\/#breadcrumb\"},\"inLanguage\":\"es\",\"potentialAction\":[{\"@type\":\"ReadAction\",\"target\":[\"https:\/\/enriquezvillalobos.es\/es_es\/quienes-somos\/\"]}]},{\"@type\":\"ImageObject\",\"inLanguage\":\"es\",\"@id\":\"https:\/\/enriquezvillalobos.es\/es_es\/quienes-somos\/#primaryimage\",\"url\":\"https:\/\/enriquez.centraldemarketing.es\/wp-content\/uploads\/elementor\/thumbs\/9031176-scaled-qu0feu7bmct7i35rm431kwtlbiznuhvml0m1zrq55s.jpg\",\"contentUrl\":\"https:\/\/enriquez.centraldemarketing.es\/wp-content\/uploads\/elementor\/thumbs\/9031176-scaled-qu0feu7bmct7i35rm431kwtlbiznuhvml0m1zrq55s.jpg\"},{\"@type\":\"BreadcrumbList\",\"@id\":\"https:\/\/enriquezvillalobos.es\/es_es\/quienes-somos\/#breadcrumb\",\"itemListElement\":[{\"@type\":\"ListItem\",\"position\":1,\"name\":\"Portada\",\"item\":\"https:\/\/enriquezvillalobos.es\/\"},{\"@type\":\"ListItem\",\"position\":2,\"name\":\"Qui\u00e9nes somos\"}]},{\"@type\":\"WebSite\",\"@id\":\"https:\/\/enriquezvillalobos.es\/es_es\/#website\",\"url\":\"https:\/\/enriquezvillalobos.es\/es_es\/\",\"name\":\"Enr\u00edquez Villalobos\",\"description\":\"Despacho de abogados\",\"publisher\":{\"@id\":\"https:\/\/enriquezvillalobos.es\/es_es\/#organization\"},\"potentialAction\":[{\"@type\":\"SearchAction\",\"target\":{\"@type\":\"EntryPoint\",\"urlTemplate\":\"https:\/\/enriquezvillalobos.es\/es_es\/?s={search_term_string}\"},\"query-input\":{\"@type\":\"PropertyValueSpecification\",\"valueRequired\":true,\"valueName\":\"search_term_string\"}}],\"inLanguage\":\"es\"},{\"@type\":\"Organization\",\"@id\":\"https:\/\/enriquezvillalobos.es\/es_es\/#organization\",\"name\":\"Enr\u00edquez Villalobos\",\"url\":\"https:\/\/enriquezvillalobos.es\/es_es\/\",\"logo\":{\"@type\":\"ImageObject\",\"inLanguage\":\"es\",\"@id\":\"https:\/\/enriquezvillalobos.es\/es_es\/#\/schema\/logo\/image\/\",\"url\":\"https:\/\/enriquezvillalobos.es\/wp-content\/uploads\/2024\/09\/lawyers-3D.jpg\",\"contentUrl\":\"https:\/\/enriquezvillalobos.es\/wp-content\/uploads\/2024\/09\/lawyers-3D.jpg\",\"width\":765,\"height\":253,\"caption\":\"Enr\u00edquez Villalobos\"},\"image\":{\"@id\":\"https:\/\/enriquezvillalobos.es\/es_es\/#\/schema\/logo\/image\/\"}}]}<\/script>\n<!-- \/ Yoast SEO plugin. -->","yoast_head_json":{"title":"Qui\u00e9nes somos - Enr\u00edquez Villalobos","robots":{"index":"index","follow":"follow","max-snippet":"max-snippet:-1","max-image-preview":"max-image-preview:large","max-video-preview":"max-video-preview:-1"},"canonical":"https:\/\/enriquezvillalobos.es\/es_es\/quienes-somos\/","og_locale":"es_ES","og_type":"article","og_title":"Qui\u00e9nes somos - Enr\u00edquez Villalobos","og_description":"QUI\u00c9NES SOMOS Conoce a nuestro equipo de profesionales y colaboradores Asesoramiento legal personalizado, transparente y profesional El despacho\u00a0 Enr\u00edquez Villalobos [&hellip;]","og_url":"https:\/\/enriquezvillalobos.es\/es_es\/quienes-somos\/","og_site_name":"Enr\u00edquez Villalobos","article_modified_time":"2024-09-20T07:41:13+00:00","og_image":[{"url":"https:\/\/enriquez.centraldemarketing.es\/wp-content\/uploads\/elementor\/thumbs\/9031176-scaled-qu0feu7bmct7i35rm431kwtlbiznuhvml0m1zrq55s.jpg","type":"","width":"","height":""}],"twitter_card":"summary_large_image","twitter_misc":{"Tiempo de lectura":"2 minutos"},"schema":{"@context":"https:\/\/schema.org","@graph":[{"@type":"WebPage","@id":"https:\/\/enriquezvillalobos.es\/es_es\/quienes-somos\/","url":"https:\/\/enriquezvillalobos.es\/es_es\/quienes-somos\/","name":"Qui\u00e9nes somos - Enr\u00edquez Villalobos","isPartOf":{"@id":"https:\/\/enriquezvillalobos.es\/es_es\/#website"},"primaryImageOfPage":{"@id":"https:\/\/enriquezvillalobos.es\/es_es\/quienes-somos\/#primaryimage"},"image":{"@id":"https:\/\/enriquezvillalobos.es\/es_es\/quienes-somos\/#primaryimage"},"thumbnailUrl":"https:\/\/enriquez.centraldemarketing.es\/wp-content\/uploads\/elementor\/thumbs\/9031176-scaled-qu0feu7bmct7i35rm431kwtlbiznuhvml0m1zrq55s.jpg","datePublished":"2024-04-29T08:54:13+00:00","dateModified":"2024-09-20T07:41:13+00:00","breadcrumb":{"@id":"https:\/\/enriquezvillalobos.es\/es_es\/quienes-somos\/#breadcrumb"},"inLanguage":"es","potentialAction":[{"@type":"ReadAction","target":["https:\/\/enriquezvillalobos.es\/es_es\/quienes-somos\/"]}]},{"@type":"ImageObject","inLanguage":"es","@id":"https:\/\/enriquezvillalobos.es\/es_es\/quienes-somos\/#primaryimage","url":"https:\/\/enriquez.centraldemarketing.es\/wp-content\/uploads\/elementor\/thumbs\/9031176-scaled-qu0feu7bmct7i35rm431kwtlbiznuhvml0m1zrq55s.jpg","contentUrl":"https:\/\/enriquez.centraldemarketing.es\/wp-content\/uploads\/elementor\/thumbs\/9031176-scaled-qu0feu7bmct7i35rm431kwtlbiznuhvml0m1zrq55s.jpg"},{"@type":"BreadcrumbList","@id":"https:\/\/enriquezvillalobos.es\/es_es\/quienes-somos\/#breadcrumb","itemListElement":[{"@type":"ListItem","position":1,"name":"Portada","item":"https:\/\/enriquezvillalobos.es\/"},{"@type":"ListItem","position":2,"name":"Qui\u00e9nes somos"}]},{"@type":"WebSite","@id":"https:\/\/enriquezvillalobos.es\/es_es\/#website","url":"https:\/\/enriquezvillalobos.es\/es_es\/","name":"Enr\u00edquez Villalobos","description":"Despacho de abogados","publisher":{"@id":"https:\/\/enriquezvillalobos.es\/es_es\/#organization"},"potentialAction":[{"@type":"SearchAction","target":{"@type":"EntryPoint","urlTemplate":"https:\/\/enriquezvillalobos.es\/es_es\/?s={search_term_string}"},"query-input":{"@type":"PropertyValueSpecification","valueRequired":true,"valueName":"search_term_string"}}],"inLanguage":"es"},{"@type":"Organization","@id":"https:\/\/enriquezvillalobos.es\/es_es\/#organization","name":"Enr\u00edquez Villalobos","url":"https:\/\/enriquezvillalobos.es\/es_es\/","logo":{"@type":"ImageObject","inLanguage":"es","@id":"https:\/\/enriquezvillalobos.es\/es_es\/#\/schema\/logo\/image\/","url":"https:\/\/enriquezvillalobos.es\/wp-content\/uploads\/2024\/09\/lawyers-3D.jpg","contentUrl":"https:\/\/enriquezvillalobos.es\/wp-content\/uploads\/2024\/09\/lawyers-3D.jpg","width":765,"height":253,"caption":"Enr\u00edquez Villalobos"},"image":{"@id":"https:\/\/enriquezvillalobos.es\/es_es\/#\/schema\/logo\/image\/"}}]}},"_links":{"self":[{"href":"https:\/\/enriquezvillalobos.es\/es_es\/wp-json\/wp\/v2\/pages\/127","targetHints":{"allow":["GET"]}}],"collection":[{"href":"https:\/\/enriquezvillalobos.es\/es_es\/wp-json\/wp\/v2\/pages"}],"about":[{"href":"https:\/\/enriquezvillalobos.es\/es_es\/wp-json\/wp\/v2\/types\/page"}],"author":[{"embeddable":true,"href":"https:\/\/enriquezvillalobos.es\/es_es\/wp-json\/wp\/v2\/users\/1"}],"replies":[{"embeddable":true,"href":"https:\/\/enriquezvillalobos.es\/es_es\/wp-json\/wp\/v2\/comments?post=127"}],"version-history":[{"count":61,"href":"https:\/\/enriquezvillalobos.es\/es_es\/wp-json\/wp\/v2\/pages\/127\/revisions"}],"predecessor-version":[{"id":1200,"href":"https:\/\/enriquezvillalobos.es\/es_es\/wp-json\/wp\/v2\/pages\/127\/revisions\/1200"}],"wp:attachment":[{"href":"https:\/\/enriquezvillalobos.es\/es_es\/wp-json\/wp\/v2\/media?parent=127"}],"curies":[{"name":"wp","href":"https:\/\/api.w.org\/{rel}","templated":true}]}}