{"id":175,"date":"2024-04-29T10:05:11","date_gmt":"2024-04-29T10:05:11","guid":{"rendered":"https:\/\/enriquez.centraldemarketing.es\/?page_id=175"},"modified":"2025-03-12T17:20:14","modified_gmt":"2025-03-12T17:20:14","slug":"que-ofrecemos","status":"publish","type":"page","link":"https:\/\/enriquezvillalobos.es\/es_es\/que-ofrecemos\/","title":{"rendered":"Servicios"},"content":{"rendered":"\t\t<div data-elementor-type=\"wp-page\" data-elementor-id=\"175\" class=\"elementor elementor-175\" data-elementor-post-type=\"page\">\n\t\t\t\t<div class=\"elementor-element elementor-element-2272078 e-flex e-con-boxed e-con e-parent\" data-id=\"2272078\" data-element_type=\"container\" data-settings=\"{&quot;background_background&quot;:&quot;classic&quot;}\">\n\t\t\t\t\t<div class=\"e-con-inner\">\n\t\t\t\t<div class=\"elementor-element elementor-element-165761d elementor-widget elementor-widget-heading\" data-id=\"165761d\" data-element_type=\"widget\" data-widget_type=\"heading.default\">\n\t\t\t\t<div class=\"elementor-widget-container\">\n\t\t\t<h2 class=\"elementor-heading-title elementor-size-default\">NUESTROS SERVICIOS<\/h2>\t\t<\/div>\n\t\t\t\t<\/div>\n\t\t\t\t<div class=\"elementor-element elementor-element-7da32a9 elementor-widget elementor-widget-text-editor\" data-id=\"7da32a9\" data-element_type=\"widget\" data-widget_type=\"text-editor.default\">\n\t\t\t\t<div class=\"elementor-widget-container\">\n\t\t\t\t\t\t\t<p>Especialistas en derecho inmobiliario, sucesorio, familia y litigaci\u00f3n civil<\/p>\t\t\t\t\t\t<\/div>\n\t\t\t\t<\/div>\n\t\t\t\t\t<\/div>\n\t\t\t\t<\/div>\n\t\t<div class=\"elementor-element elementor-element-895077f e-flex e-con-boxed e-con e-parent\" data-id=\"895077f\" data-element_type=\"container\" data-settings=\"{&quot;background_background&quot;:&quot;classic&quot;}\">\n\t\t\t\t\t<div class=\"e-con-inner\">\n\t\t\t\t<div class=\"elementor-element elementor-element-1aa7b46 elementor-widget elementor-widget-heading\" data-id=\"1aa7b46\" data-element_type=\"widget\" data-widget_type=\"heading.default\">\n\t\t\t\t<div class=\"elementor-widget-container\">\n\t\t\t<h2 class=\"elementor-heading-title elementor-size-default\">Asesoramiento legal personalizado, transparente y profesional<\/h2>\t\t<\/div>\n\t\t\t\t<\/div>\n\t\t\t\t\t<\/div>\n\t\t\t\t<\/div>\n\t\t<div class=\"elementor-element elementor-element-b9632b5 e-flex e-con-boxed e-con e-parent\" data-id=\"b9632b5\" data-element_type=\"container\">\n\t\t\t\t\t<div class=\"e-con-inner\">\n\t\t<div class=\"elementor-element elementor-element-31c6289 e-con-full e-flex e-con e-child\" data-id=\"31c6289\" data-element_type=\"container\">\n\t\t\t\t<div class=\"elementor-element elementor-element-f03ca4f elementor-widget__width-initial elementor-widget-mobile__width-initial elementor-widget elementor-widget-image\" data-id=\"f03ca4f\" data-element_type=\"widget\" data-widget_type=\"image.default\">\n\t\t\t\t<div class=\"elementor-widget-container\">\n\t\t\t\t\t\t\t\t\t\t\t\t\t<img decoding=\"async\" src=\"https:\/\/enriquezvillalobos.es\/wp-content\/uploads\/elementor\/thumbs\/gavel-with-books-old-wooden-desk-scaled-qnf55d7kbh3kxt980rjtrdtp0n6ltzy8n1sseqvm3k.jpg\" title=\"\" alt=\"Gavel With Books On Old Wooden Desk\" loading=\"lazy\" \/>\t\t\t\t\t\t\t\t\t\t\t\t\t<\/div>\n\t\t\t\t<\/div>\n\t\t\t\t<\/div>\n\t\t<div class=\"elementor-element elementor-element-4822571 e-con-full e-flex e-con e-child\" data-id=\"4822571\" data-element_type=\"container\">\n\t\t\t\t<div class=\"elementor-element elementor-element-a62f823 elementor-widget__width-initial elementor-widget elementor-widget-text-editor\" data-id=\"a62f823\" data-element_type=\"widget\" data-widget_type=\"text-editor.default\">\n\t\t\t\t<div class=\"elementor-widget-container\">\n\t\t\t\t\t\t\t<p>Nuestros Servicios<strong>:<\/strong><\/p><p><strong><span style=\"color: #000000;\"><a style=\"color: #000000;\" href=\"https:\/\/enriquezvillalobos.es\/abogados-registrales-e-inmobiliarios-en-malaga\/\">Compraventa y contrataci\u00f3n inmobiliaria\u00a0<\/a><\/span><\/strong><\/p><p>Especializados en derecho hipotecario y registral, podemos asesorarle en todo el proceso necesario para la compra, venta, donaci\u00f3n, cesi\u00f3n, permuta o alquiler de su propiedad. Previamente solucionaremos cualquier problema registral, catastral o urban\u00edstico que impida o dificulte su transmisi\u00f3n.\u00a0<\/p><p><a style=\"font-style: inherit; font-weight: inherit; text-align: var(--text-align); color: #000000;\" href=\"https:\/\/enriquezvillalobos.es\/abogados-de-herencias-y-sucesiones-en-malaga\/\"><strong>Testamentos, herencias y donaciones<\/strong>\u00a0<\/a><\/p><p>Expertos en derecho sucesorio, le asesoraremos tanto para la planificaci\u00f3n mediante la firma de testamentos y otros documentos, como para la formalizaci\u00f3n de herencias complejas mediante acuerdo o procedimiento contencioso.\u00a0<\/p><p><strong><span style=\"color: #000000;\"><a style=\"color: #000000;\" href=\"https:\/\/enriquezvillalobos.es\/abogados-de-divorcios-y-separaciones-en-malaga\/\">Separaciones, divorcios y medidas paterno-filialess\u00a0<\/a><\/span><\/strong><\/p><p>Ofrecemos asesoramiento antes, durante y despu\u00e9s de su proceso de ruptura conyugal o de pareja con o sin hijos. Negociaremos para usted el mejor convenio regulador posible y velaremos por su cumplimiento.<\/p><p><span style=\"color: #000000;\"><a style=\"color: #000000;\" href=\"https:\/\/enriquezvillalobos.es\/derecho-civil\/\"><strong><span style=\"text-decoration: underline;\">Litigaci\u00f3n civil<\/span><\/strong><\/a><\/span><\/p><p>Cuando la negociaci\u00f3n no es suficiente, podemos resolver su conflictos en los juzgados planteando cualqueir tipo de de demanda: Reclamaci\u00f3n de deudas, desahucios, accidentes de tr\u00e1fico, reclamaciones a compa\u00f1\u00edas de seguros, vicios constructivos, responsabilidad civil servidumbres, deslindes conflictivos, comunidades\u00a0 de propietarios, adopci\u00f3n de medidas por discapacidad, autorizaciones judiciales, etc<\/p>\t\t\t\t\t\t<\/div>\n\t\t\t\t<\/div>\n\t\t\t\t<div class=\"elementor-element elementor-element-8841ec7 elementor-widget__width-auto elementor-align-left elementor-widget elementor-widget-button\" data-id=\"8841ec7\" data-element_type=\"widget\" data-widget_type=\"button.default\">\n\t\t\t\t<div class=\"elementor-widget-container\">\n\t\t\t\t\t\t\t<div class=\"elementor-button-wrapper\">\n\t\t\t\t\t<a class=\"elementor-button elementor-button-link elementor-size-sm\" href=\"https:\/\/enriquezvillalobos.es\/contacto\/\">\n\t\t\t\t\t\t<span class=\"elementor-button-content-wrapper\">\n\t\t\t\t\t\t\t\t\t<span class=\"elementor-button-text\">Cons\u00faltenos su caso sin compromiso<\/span>\n\t\t\t\t\t<\/span>\n\t\t\t\t\t<\/a>\n\t\t\t\t<\/div>\n\t\t\t\t\t\t<\/div>\n\t\t\t\t<\/div>\n\t\t\t\t<\/div>\n\t\t\t\t\t<\/div>\n\t\t\t\t<\/div>\n\t\t\t\t<\/div>\n\t\t","protected":false},"excerpt":{"rendered":"<p>NUESTROS SERVICIOS Especialistas en derecho inmobiliario, sucesorio, familia y litigaci\u00f3n civil Asesoramiento legal personalizado, transparente y profesional Nuestros Servicios: Compraventa [&hellip;]<\/p>\n","protected":false},"author":1,"featured_media":0,"parent":0,"menu_order":0,"comment_status":"closed","ping_status":"closed","template":"","meta":{"site-sidebar-layout":"no-sidebar","site-content-layout":"","ast-site-content-layout":"full-width-container","site-content-style":"default","site-sidebar-style":"default","ast-global-header-display":"","ast-banner-title-visibility":"","ast-main-header-display":"","ast-hfb-above-header-display":"","ast-hfb-below-header-display":"","ast-hfb-mobile-header-display":"","site-post-title":"disabled","ast-breadcrumbs-content":"","ast-featured-img":"disabled","footer-sml-layout":"","theme-transparent-header-meta":"","adv-header-id-meta":"","stick-header-meta":"","header-above-stick-meta":"","header-main-stick-meta":"","header-below-stick-meta":"","astra-migrate-meta-layouts":"default","ast-page-background-enabled":"default","ast-page-background-meta":{"desktop":{"background-color":"var(--ast-global-color-4)","background-image":"","background-repeat":"repeat","background-position":"center center","background-size":"auto","background-attachment":"scroll","background-type":"","background-media":"","overlay-type":"","overlay-color":"","overlay-opacity":"","overlay-gradient":""},"tablet":{"background-color":"","background-image":"","background-repeat":"repeat","background-position":"center center","background-size":"auto","background-attachment":"scroll","background-type":"","background-media":"","overlay-type":"","overlay-color":"","overlay-opacity":"","overlay-gradient":""},"mobile":{"background-color":"","background-image":"","background-repeat":"repeat","background-position":"center center","background-size":"auto","background-attachment":"scroll","background-type":"","background-media":"","overlay-type":"","overlay-color":"","overlay-opacity":"","overlay-gradient":""}},"ast-content-background-meta":{"desktop":{"background-color":"var(--ast-global-color-5)","background-image":"","background-repeat":"repeat","background-position":"center center","background-size":"auto","background-attachment":"scroll","background-type":"","background-media":"","overlay-type":"","overlay-color":"","overlay-opacity":"","overlay-gradient":""},"tablet":{"background-color":"var(--ast-global-color-5)","background-image":"","background-repeat":"repeat","background-position":"center center","background-size":"auto","background-attachment":"scroll","background-type":"","background-media":"","overlay-type":"","overlay-color":"","overlay-opacity":"","overlay-gradient":""},"mobile":{"background-color":"var(--ast-global-color-5)","background-image":"","background-repeat":"repeat","background-position":"center center","background-size":"auto","background-attachment":"scroll","background-type":"","background-media":"","overlay-type":"","overlay-color":"","overlay-opacity":"","overlay-gradient":""}},"footnotes":""},"class_list":["post-175","page","type-page","status-publish","hentry"],"yoast_head":"<!-- This site is optimized with the Yoast SEO plugin v25.8 - https:\/\/yoast.com\/wordpress\/plugins\/seo\/ -->\n<title>Servicios - Enr\u00edquez Villalobos<\/title>\n<meta name=\"robots\" content=\"index, follow, max-snippet:-1, max-image-preview:large, max-video-preview:-1\" \/>\n<link rel=\"canonical\" href=\"https:\/\/enriquezvillalobos.es\/es_es\/que-ofrecemos\/\" \/>\n<meta property=\"og:locale\" content=\"es_ES\" \/>\n<meta property=\"og:type\" content=\"article\" \/>\n<meta property=\"og:title\" content=\"Servicios - Enr\u00edquez Villalobos\" \/>\n<meta property=\"og:description\" content=\"NUESTROS SERVICIOS Especialistas en derecho inmobiliario, sucesorio, familia y litigaci\u00f3n civil Asesoramiento legal personalizado, transparente y profesional Nuestros Servicios: Compraventa [&hellip;]\" \/>\n<meta property=\"og:url\" content=\"https:\/\/enriquezvillalobos.es\/es_es\/que-ofrecemos\/\" \/>\n<meta property=\"og:site_name\" content=\"Enr\u00edquez Villalobos\" \/>\n<meta property=\"article:modified_time\" content=\"2025-03-12T17:20:14+00:00\" \/>\n<meta property=\"og:image\" content=\"https:\/\/enriquezvillalobos.es\/wp-content\/uploads\/elementor\/thumbs\/gavel-with-books-old-wooden-desk-scaled-qnf55d7kbh3kxt980rjtrdtp0n6ltzy8n1sseqvm3k.jpg\" \/>\n<meta name=\"twitter:card\" content=\"summary_large_image\" \/>\n<meta name=\"twitter:label1\" content=\"Tiempo de lectura\" \/>\n\t<meta name=\"twitter:data1\" content=\"2 minutos\" \/>\n<script type=\"application\/ld+json\" class=\"yoast-schema-graph\">{\"@context\":\"https:\/\/schema.org\",\"@graph\":[{\"@type\":\"WebPage\",\"@id\":\"https:\/\/enriquezvillalobos.es\/que-ofrecemos\/\",\"url\":\"https:\/\/enriquezvillalobos.es\/que-ofrecemos\/\",\"name\":\"Servicios - Enr\u00edquez Villalobos\",\"isPartOf\":{\"@id\":\"https:\/\/enriquezvillalobos.es\/es_es\/#website\"},\"primaryImageOfPage\":{\"@id\":\"https:\/\/enriquezvillalobos.es\/que-ofrecemos\/#primaryimage\"},\"image\":{\"@id\":\"https:\/\/enriquezvillalobos.es\/que-ofrecemos\/#primaryimage\"},\"thumbnailUrl\":\"https:\/\/enriquezvillalobos.es\/wp-content\/uploads\/elementor\/thumbs\/gavel-with-books-old-wooden-desk-scaled-qnf55d7kbh3kxt980rjtrdtp0n6ltzy8n1sseqvm3k.jpg\",\"datePublished\":\"2024-04-29T10:05:11+00:00\",\"dateModified\":\"2025-03-12T17:20:14+00:00\",\"breadcrumb\":{\"@id\":\"https:\/\/enriquezvillalobos.es\/que-ofrecemos\/#breadcrumb\"},\"inLanguage\":\"es\",\"potentialAction\":[{\"@type\":\"ReadAction\",\"target\":[\"https:\/\/enriquezvillalobos.es\/que-ofrecemos\/\"]}]},{\"@type\":\"ImageObject\",\"inLanguage\":\"es\",\"@id\":\"https:\/\/enriquezvillalobos.es\/que-ofrecemos\/#primaryimage\",\"url\":\"https:\/\/enriquezvillalobos.es\/wp-content\/uploads\/elementor\/thumbs\/gavel-with-books-old-wooden-desk-scaled-qnf55d7kbh3kxt980rjtrdtp0n6ltzy8n1sseqvm3k.jpg\",\"contentUrl\":\"https:\/\/enriquezvillalobos.es\/wp-content\/uploads\/elementor\/thumbs\/gavel-with-books-old-wooden-desk-scaled-qnf55d7kbh3kxt980rjtrdtp0n6ltzy8n1sseqvm3k.jpg\"},{\"@type\":\"BreadcrumbList\",\"@id\":\"https:\/\/enriquezvillalobos.es\/que-ofrecemos\/#breadcrumb\",\"itemListElement\":[{\"@type\":\"ListItem\",\"position\":1,\"name\":\"Portada\",\"item\":\"https:\/\/enriquezvillalobos.es\/\"},{\"@type\":\"ListItem\",\"position\":2,\"name\":\"Servicios\"}]},{\"@type\":\"WebSite\",\"@id\":\"https:\/\/enriquezvillalobos.es\/es_es\/#website\",\"url\":\"https:\/\/enriquezvillalobos.es\/es_es\/\",\"name\":\"Enr\u00edquez Villalobos\",\"description\":\"Despacho de abogados\",\"publisher\":{\"@id\":\"https:\/\/enriquezvillalobos.es\/es_es\/#organization\"},\"potentialAction\":[{\"@type\":\"SearchAction\",\"target\":{\"@type\":\"EntryPoint\",\"urlTemplate\":\"https:\/\/enriquezvillalobos.es\/es_es\/?s={search_term_string}\"},\"query-input\":{\"@type\":\"PropertyValueSpecification\",\"valueRequired\":true,\"valueName\":\"search_term_string\"}}],\"inLanguage\":\"es\"},{\"@type\":\"Organization\",\"@id\":\"https:\/\/enriquezvillalobos.es\/es_es\/#organization\",\"name\":\"Enr\u00edquez Villalobos\",\"url\":\"https:\/\/enriquezvillalobos.es\/es_es\/\",\"logo\":{\"@type\":\"ImageObject\",\"inLanguage\":\"es\",\"@id\":\"https:\/\/enriquezvillalobos.es\/es_es\/#\/schema\/logo\/image\/\",\"url\":\"https:\/\/enriquezvillalobos.es\/wp-content\/uploads\/2024\/09\/lawyers-3D.jpg\",\"contentUrl\":\"https:\/\/enriquezvillalobos.es\/wp-content\/uploads\/2024\/09\/lawyers-3D.jpg\",\"width\":765,\"height\":253,\"caption\":\"Enr\u00edquez Villalobos\"},\"image\":{\"@id\":\"https:\/\/enriquezvillalobos.es\/es_es\/#\/schema\/logo\/image\/\"}}]}<\/script>\n<!-- \/ Yoast SEO plugin. -->","yoast_head_json":{"title":"Servicios - Enr\u00edquez Villalobos","robots":{"index":"index","follow":"follow","max-snippet":"max-snippet:-1","max-image-preview":"max-image-preview:large","max-video-preview":"max-video-preview:-1"},"canonical":"https:\/\/enriquezvillalobos.es\/es_es\/que-ofrecemos\/","og_locale":"es_ES","og_type":"article","og_title":"Servicios - Enr\u00edquez Villalobos","og_description":"NUESTROS SERVICIOS Especialistas en derecho inmobiliario, sucesorio, familia y litigaci\u00f3n civil Asesoramiento legal personalizado, transparente y profesional Nuestros Servicios: Compraventa [&hellip;]","og_url":"https:\/\/enriquezvillalobos.es\/es_es\/que-ofrecemos\/","og_site_name":"Enr\u00edquez Villalobos","article_modified_time":"2025-03-12T17:20:14+00:00","og_image":[{"url":"https:\/\/enriquezvillalobos.es\/wp-content\/uploads\/elementor\/thumbs\/gavel-with-books-old-wooden-desk-scaled-qnf55d7kbh3kxt980rjtrdtp0n6ltzy8n1sseqvm3k.jpg","type":"","width":"","height":""}],"twitter_card":"summary_large_image","twitter_misc":{"Tiempo de lectura":"2 minutos"},"schema":{"@context":"https:\/\/schema.org","@graph":[{"@type":"WebPage","@id":"https:\/\/enriquezvillalobos.es\/que-ofrecemos\/","url":"https:\/\/enriquezvillalobos.es\/que-ofrecemos\/","name":"Servicios - Enr\u00edquez Villalobos","isPartOf":{"@id":"https:\/\/enriquezvillalobos.es\/es_es\/#website"},"primaryImageOfPage":{"@id":"https:\/\/enriquezvillalobos.es\/que-ofrecemos\/#primaryimage"},"image":{"@id":"https:\/\/enriquezvillalobos.es\/que-ofrecemos\/#primaryimage"},"thumbnailUrl":"https:\/\/enriquezvillalobos.es\/wp-content\/uploads\/elementor\/thumbs\/gavel-with-books-old-wooden-desk-scaled-qnf55d7kbh3kxt980rjtrdtp0n6ltzy8n1sseqvm3k.jpg","datePublished":"2024-04-29T10:05:11+00:00","dateModified":"2025-03-12T17:20:14+00:00","breadcrumb":{"@id":"https:\/\/enriquezvillalobos.es\/que-ofrecemos\/#breadcrumb"},"inLanguage":"es","potentialAction":[{"@type":"ReadAction","target":["https:\/\/enriquezvillalobos.es\/que-ofrecemos\/"]}]},{"@type":"ImageObject","inLanguage":"es","@id":"https:\/\/enriquezvillalobos.es\/que-ofrecemos\/#primaryimage","url":"https:\/\/enriquezvillalobos.es\/wp-content\/uploads\/elementor\/thumbs\/gavel-with-books-old-wooden-desk-scaled-qnf55d7kbh3kxt980rjtrdtp0n6ltzy8n1sseqvm3k.jpg","contentUrl":"https:\/\/enriquezvillalobos.es\/wp-content\/uploads\/elementor\/thumbs\/gavel-with-books-old-wooden-desk-scaled-qnf55d7kbh3kxt980rjtrdtp0n6ltzy8n1sseqvm3k.jpg"},{"@type":"BreadcrumbList","@id":"https:\/\/enriquezvillalobos.es\/que-ofrecemos\/#breadcrumb","itemListElement":[{"@type":"ListItem","position":1,"name":"Portada","item":"https:\/\/enriquezvillalobos.es\/"},{"@type":"ListItem","position":2,"name":"Servicios"}]},{"@type":"WebSite","@id":"https:\/\/enriquezvillalobos.es\/es_es\/#website","url":"https:\/\/enriquezvillalobos.es\/es_es\/","name":"Enr\u00edquez Villalobos","description":"Despacho de abogados","publisher":{"@id":"https:\/\/enriquezvillalobos.es\/es_es\/#organization"},"potentialAction":[{"@type":"SearchAction","target":{"@type":"EntryPoint","urlTemplate":"https:\/\/enriquezvillalobos.es\/es_es\/?s={search_term_string}"},"query-input":{"@type":"PropertyValueSpecification","valueRequired":true,"valueName":"search_term_string"}}],"inLanguage":"es"},{"@type":"Organization","@id":"https:\/\/enriquezvillalobos.es\/es_es\/#organization","name":"Enr\u00edquez Villalobos","url":"https:\/\/enriquezvillalobos.es\/es_es\/","logo":{"@type":"ImageObject","inLanguage":"es","@id":"https:\/\/enriquezvillalobos.es\/es_es\/#\/schema\/logo\/image\/","url":"https:\/\/enriquezvillalobos.es\/wp-content\/uploads\/2024\/09\/lawyers-3D.jpg","contentUrl":"https:\/\/enriquezvillalobos.es\/wp-content\/uploads\/2024\/09\/lawyers-3D.jpg","width":765,"height":253,"caption":"Enr\u00edquez Villalobos"},"image":{"@id":"https:\/\/enriquezvillalobos.es\/es_es\/#\/schema\/logo\/image\/"}}]}},"_links":{"self":[{"href":"https:\/\/enriquezvillalobos.es\/es_es\/wp-json\/wp\/v2\/pages\/175","targetHints":{"allow":["GET"]}}],"collection":[{"href":"https:\/\/enriquezvillalobos.es\/es_es\/wp-json\/wp\/v2\/pages"}],"about":[{"href":"https:\/\/enriquezvillalobos.es\/es_es\/wp-json\/wp\/v2\/types\/page"}],"author":[{"embeddable":true,"href":"https:\/\/enriquezvillalobos.es\/es_es\/wp-json\/wp\/v2\/users\/1"}],"replies":[{"embeddable":true,"href":"https:\/\/enriquezvillalobos.es\/es_es\/wp-json\/wp\/v2\/comments?post=175"}],"version-history":[{"count":60,"href":"https:\/\/enriquezvillalobos.es\/es_es\/wp-json\/wp\/v2\/pages\/175\/revisions"}],"predecessor-version":[{"id":1295,"href":"https:\/\/enriquezvillalobos.es\/es_es\/wp-json\/wp\/v2\/pages\/175\/revisions\/1295"}],"wp:attachment":[{"href":"https:\/\/enriquezvillalobos.es\/es_es\/wp-json\/wp\/v2\/media?parent=175"}],"curies":[{"name":"wp","href":"https:\/\/api.w.org\/{rel}","templated":true}]}}