{"id":284,"date":"2024-04-29T11:22:56","date_gmt":"2024-04-29T11:22:56","guid":{"rendered":"https:\/\/enriquez.centraldemarketing.es\/?page_id=284"},"modified":"2024-09-09T21:57:10","modified_gmt":"2024-09-09T21:57:10","slug":"aviso-legal","status":"publish","type":"page","link":"https:\/\/enriquezvillalobos.es\/es_es\/aviso-legal\/","title":{"rendered":"Aviso Legal"},"content":{"rendered":"\t\t<div data-elementor-type=\"wp-page\" data-elementor-id=\"284\" class=\"elementor elementor-284\" data-elementor-post-type=\"page\">\n\t\t\t\t<div class=\"elementor-element elementor-element-bbb3431 e-flex e-con-boxed e-con e-parent\" data-id=\"bbb3431\" data-element_type=\"container\" data-settings=\"{&quot;background_background&quot;:&quot;classic&quot;}\">\n\t\t\t\t\t<div class=\"e-con-inner\">\n\t\t\t\t<div class=\"elementor-element elementor-element-c60660d elementor-widget elementor-widget-heading\" data-id=\"c60660d\" data-element_type=\"widget\" data-widget_type=\"heading.default\">\n\t\t\t\t<div class=\"elementor-widget-container\">\n\t\t\t<h2 class=\"elementor-heading-title elementor-size-default\">AVISO LEGAL<\/h2>\t\t<\/div>\n\t\t\t\t<\/div>\n\t\t\t\t\t<\/div>\n\t\t\t\t<\/div>\n\t\t<div class=\"elementor-element elementor-element-275a434 e-flex e-con-boxed e-con e-parent\" data-id=\"275a434\" data-element_type=\"container\">\n\t\t\t\t\t<div class=\"e-con-inner\">\n\t\t\t\t<div class=\"elementor-element elementor-element-0bf32f4 elementor-widget elementor-widget-text-editor\" data-id=\"0bf32f4\" data-element_type=\"widget\" data-widget_type=\"text-editor.default\">\n\t\t\t\t<div class=\"elementor-widget-container\">\n\t\t\t\t\t\t\t<p>En cumplimiento de la Ley 34\/2002, de Servicios de la Sociedad de la Informaci\u00f3n y Comercio Electr\u00f3nico, se informa al Usuario de los datos identificativos del sitio Web: https:\/\/www. enriquezvillalobos.com, en adelante la Web:<br \/>Denominaci\u00f3n Social: Jos\u00e9 Antonio Enr\u00edquez Villalobos, en adelante Enr\u00edquez Villalobos Abogados (nombre comercial)<br \/>N.I.F: 78962802F<br \/>Domicilio: Plaza de la Villa, Edf. Alfares 1,2\u00ba, Ofic. N\u00famero 2 Co\u00edn 29100 (M\u00e1laga) Espa\u00f1a<br \/>Tel.: (+34) <span style=\"color: #000000;\"><a style=\"color: #000000;\" href=\"tel:952452425\">952 45 24 25<\/a><\/span><br \/>Correo electr\u00f3nico: abogados<u>@enriquezvillalobos.com<\/u><br \/>El Usuario se compromete a leer detenidamente el contenido del presente Aviso Legal, que incluye las Condiciones de utilizaci\u00f3n de la Web y la Pol\u00edtica de Privacidad y acepta expresamente todos tr\u00e1mites y obligaciones aqu\u00ed dispuestas, que le sean de aplicaci\u00f3n:<\/p><p><strong>OBJETO Y \u00c1MBITO DE APLICACI\u00d3N DE LAS CONDICIONES DE UTILIZACI\u00d3N DE LA WEB<\/strong><br \/>Las presentes Condiciones tienen por objeto regular el acceso gratuito a los contenidos titularidad de Enr\u00edquez Villalobos Abogados por el Usuario a trav\u00e9s de la Web.<\/p><p><strong>ACEPTACI\u00d3N, DISPONIBILIDAD Y MODIFICACIONES DE LAS CONDICIONES DE UTILIZACI\u00d3N DE LA WEB<\/strong><br \/>El Usuario se compromete a leer y acepta expresamente las presentes Condiciones de Utilizaci\u00f3n de la Web, en la versi\u00f3n publicada por Enr\u00edquez Villalobos Abogados en el momento en que el Usuario acceda a los contenidos publicitados, teniendo las Condiciones a su disposici\u00f3n, siempre y en todo caso, pudiendo ser almacenadas y\/o reproducidas.<br \/>Enr\u00edquez Villalobos Abogados podr\u00e1 modificar las presentes Condiciones siempre que existan causa o motivo suficiente, sin que ello pueda afectar a los contenidos publicitados.<\/p><p><strong>CONDICIONES DE ACCESO AL SITIO WEB Y USO DE LOS PRODUCTOS Y SERVICIOS<\/strong><br \/>El acceso a la Web de Enr\u00edquez Villalobos Abogados es gratuito.<br \/>El Usuario se compromete a:<\/p><ul><li>No utilizar ninguno de los contenidos que Enr\u00edquez Villalobos Abogados pone a su disposici\u00f3n, con fines il\u00edcitos.<\/li><li>No realizar cualquier actividad que pudiera da\u00f1ar, sobrecargar, deteriorar o impedir la actividad normal de la Web.<\/li><li>No obtener los contenidos facilitados en la Web por medios il\u00edcitos, fraudulentos, robo o plagio, de conformidad con lo establecido en el C\u00f3digo Penal y en la normativa de aplicaci\u00f3n.<\/li><\/ul><p>En el supuesto de que el Usuario causare da\u00f1os a terceros, por hacer uso de cualquier contenido facilitado a trav\u00e9s de la Web, exonera expresamente a Enr\u00edquez Villalobos Abogados, de cualquier responsabilidad que le pudiera ser imputada. A tales efectos, el Usuario asumir\u00e1 la responsabilidad exclusiva que pudiera derivarse. Enr\u00edquez Villalobos Abogados, al objeto de garantizar los derechos en cumplimiento de las presentes Condiciones y el respeto a la legislaci\u00f3n vigente podr\u00e1:<\/p><ul><li>Proceder a la supervisi\u00f3n de la Web por medio de sus administradores, con respeto al secreto de las comunicaciones y la intimidad del Usuario.<\/li><li>Interrumpir temporalmente el servicio sin preaviso por razones tecnol\u00f3gicas o legales que ser\u00e1n convenientemente motivadas.<\/li><li>Modificar las Condiciones de uso de los contenidos, cuando exista causa o motivo suficiente, as\u00ed lo aconsejen razones tecnol\u00f3gicas o legales.<\/li><li>Modificar los contenidos de la Web sin comunicarlo previamente, cuando por razones de su actividad as\u00ed lo considere conveniente.<\/li><li>Prohibir acceso a los contenidos, sin previo aviso, a cualquier Usuario que contravenga lo dispuesto en las presentes Condiciones.<\/li><\/ul><p><strong>RESPONSABILIDADES DE LAS PARTES<\/strong><br \/>Responsabilidad de Enr\u00edquez Villalobos Abogados por el funcionamiento de la Web:<\/p><ul><li>Enr\u00edquez Villalobos Abogados \u00fanicamente responder\u00e1 de los da\u00f1os que el Usuario pueda sufrir como consecuencia del acceso a la Web cuando dichos da\u00f1os sean imputables a una actuaci\u00f3n dolosa de Enr\u00edquez Villalobos Abogados<\/li><li>Asimismo, Enr\u00edquez Villalobos Abogados no ser\u00e1 responsable de ning\u00fan da\u00f1o que se genere al Usuario en caso de imposibilidad de prestar el servicio debido a supuestos de caso fortuito, fuerza mayor u otras causas no imputables a Enr\u00edquez Villalobos Abogados.<\/li><li>Asimismo, Enr\u00edquez Villalobos Abogados tampoco ser\u00e1 responsable del inadecuado funcionamiento de la Web si ello obedece a labores de mantenimiento, a incidencias, a un defectuoso funcionamiento del terminal o su insuficiente capacidad para soportar los sistemas indispensables para hacer uso del servicio.<\/li><li>Enr\u00edquez Villalobos Abogados adoptar\u00e1 las medidas oportunas para asegurar una respuesta r\u00e1pida, sin responsabilizarse por los retrasos que sean debidos a los servicios de telecomunicaciones.<\/li><\/ul><p>Responsabilidad del Usuario:<\/p><ul><li>El Usuario ser\u00e1 el \u00fanico responsable de las consecuencias derivadas por la comunicaci\u00f3n de datos que no sean verdaderos, as\u00ed como de datos pertenecientes a personas distintas al propio Usuario.<\/li><li>En caso de incumplimiento por parte del Usuario de sus obligaciones, Enr\u00edquez Villalobos Abogados se reserva las acciones legales oportunas, as\u00ed como el derecho a restringir el acceso a los contenidos publicitados.<\/li><\/ul><p><strong>LIMITACI\u00d3N DE RESPONSABILIDAD<\/strong><br \/>Enr\u00edquez Villalobos Abogados se esfuerza para que la informaci\u00f3n que aparece en la Web sea correcta y se encuentre actualizada. No obstante, no pueden descartarse errores u omisiones, por lo que el Usuario no deber\u00e1 considerar exacta la informaci\u00f3n sin comprobar antes tal exactitud con Enr\u00edquez Villalobos Abogados.<\/p><p>Enr\u00edquez Villalobos Abogados no puede controlar el empleo que el Usuario d\u00e9 a la informaci\u00f3n o contenidos que se ofrecen desde la Web y por tanto no ser\u00e1 responsable por los hechos, actos o da\u00f1os, directos o indirectos, ocasionados al Usuario o a terceros que puedan derivarse o tener conexi\u00f3n con el empleo de dicha informaci\u00f3n o contenidos.<br \/>El Usuario exonera a Enr\u00edquez Villalobos Abogados de cualquier responsabilidad que pudiera derivarse de las interrupciones de disponibilidad en el acceso a los contenidos, motivados por causas de fuerza mayor o fuera de su control, tales como el m\u00f3dem, el sistema inform\u00e1tico del Usuario, el software de navegaci\u00f3n, virus, interconexi\u00f3n de redes telef\u00f3nicas y el\u00e9ctricas, RDSI, y\/o cualquier otra infraestructura de transporte o telecomunicaciones utilizadas por el Usuario.<br \/>Enr\u00edquez Villalobos Abogados no ser\u00e1 responsable de los da\u00f1os o perjuicios que pudiesen causar al Usuario los contenidos propiedad de terceros. Los riesgos derivados del acceso a contenidos propiedad de terceros corresponden exclusivamente al Usuario, que deber\u00e1 regirse por los t\u00e9rminos y Condiciones de los mismos, de los que igualmente Enr\u00edquez Villalobos Abogados no se hace responsable.<\/p><p><strong>COOKIES Y ENTORNO SEGURO<\/strong><br \/>Con el fin de ofrecer un mejor servicio puede que ocasionalmente utilicemos \u201ccookies\u201d.<br \/>Las \u201cCookies\u201d son peque\u00f1as cantidades de informaci\u00f3n que se almacenan en la p\u00e1gina Web, en su navegador de red o dentro de su propio ordenador, para su posible utilizaci\u00f3n posterior, almacenando sus preferencias sobre ciertos tipos de informaci\u00f3n y personalizando el contenido de la Web.<br \/>El usuario puede configurar su navegador de forma que le informe cuando se fijan \u201ccookies\u201d, o bien de forma que impida que se fijen. Enr\u00edquez Villalobos Abogados, a trav\u00e9s de la Web, utiliza medios de tecnolog\u00eda punta para garantizar la protecci\u00f3n de la informaci\u00f3n y un entorno seguro.<\/p><p><strong>HIPERENLACES<\/strong><br \/>Todo enlace de cualquier tercero a esta Web debe serlo a su p\u00e1gina principal.<br \/>Los enlaces que aparecen en esta Web tienen car\u00e1cter informativo sobre los productos y servicios ofertados por los socios colaboradores. Enr\u00edquez Villalobos Abogados no se responsabiliza de los contenidos ni del resultado del acceso a los mismos.<\/p><p><strong>PROPIEDAD INTELECTUAL E INDUSTRIAL<\/strong><br \/>Enr\u00edquez Villalobos Abogados es titular de los derechos de Propiedad Intelectual e Industrial de los elementos que integran el dise\u00f1o de la p\u00e1gina, como la marca, nombre comercial o signo distintivo. En particular, est\u00e1n protegidos por los derechos de autor, los logos, combinaciones de colores, la selecci\u00f3n y la forma de presentaci\u00f3n, el c\u00f3digo fuente de la Web, los men\u00fas, los botones de navegaci\u00f3n, el c\u00f3digo HTML, los textos, im\u00e1genes, gr\u00e1ficos, as\u00ed como cualquier otro contenido de la Web publicitado por Enr\u00edquez Villalobos Abogados.<br \/>El Usuario podr\u00e1 visualizar, imprimir y copiar los contenidos de esta Web para su uso privado, quedando prohibido su utilizaci\u00f3n con fines comerciales o el ejercicio de los derechos de explotaci\u00f3n: reproducci\u00f3n, distribuci\u00f3n, comunicaci\u00f3n p\u00fablica, puesta de disposici\u00f3n y transformaci\u00f3n, reconocidos en la legislaci\u00f3n de propiedad intelectual, cuya infracci\u00f3n puede ser objeto de responsabilidades legalmente establecidas.<\/p><p><strong>LEGISLACI\u00d3N Y JURISDICCI\u00d3N APLICABLE<\/strong><br \/>Las presentes condiciones se rigen por la normativa espa\u00f1ola vigente que le es de aplicaci\u00f3n.<br \/>Para la resoluci\u00f3n de las controversias que pudieran derivarse como consecuencia de lo dispuesto en las presentes disposiciones, y con renuncia expresa a cualquier otro fuero que pudiera corresponder, el Usuario acuerda someterse a la Jurisdicci\u00f3n de los Juzgados y Tribunales de M\u00e1laga.<\/p><p><strong>NULIDAD E INEFICACIA DE LAS CL\u00c1USULAS<\/strong><br \/>Si cualquier cl\u00e1usula incluida en estas Condiciones fuese declarada total o parcialmente nula o ineficaz, tal nulidad afectar\u00e1 tan s\u00f3lo a dicha disposici\u00f3n o la parte de la misma que resulte nula o ineficaz, subsistiendo en todo lo dem\u00e1s las Condiciones.<\/p>\t\t\t\t\t\t<\/div>\n\t\t\t\t<\/div>\n\t\t\t\t\t<\/div>\n\t\t\t\t<\/div>\n\t\t\t\t<\/div>\n\t\t","protected":false},"excerpt":{"rendered":"<p>AVISO LEGAL En cumplimiento de la Ley 34\/2002, de Servicios de la Sociedad de la Informaci\u00f3n y Comercio Electr\u00f3nico, se [&hellip;]<\/p>\n","protected":false},"author":1,"featured_media":0,"parent":0,"menu_order":0,"comment_status":"closed","ping_status":"closed","template":"","meta":{"site-sidebar-layout":"no-sidebar","site-content-layout":"","ast-site-content-layout":"full-width-container","site-content-style":"default","site-sidebar-style":"default","ast-global-header-display":"","ast-banner-title-visibility":"","ast-main-header-display":"","ast-hfb-above-header-display":"","ast-hfb-below-header-display":"","ast-hfb-mobile-header-display":"","site-post-title":"disabled","ast-breadcrumbs-content":"","ast-featured-img":"disabled","footer-sml-layout":"","theme-transparent-header-meta":"","adv-header-id-meta":"","stick-header-meta":"","header-above-stick-meta":"","header-main-stick-meta":"","header-below-stick-meta":"","astra-migrate-meta-layouts":"default","ast-page-background-enabled":"default","ast-page-background-meta":{"desktop":{"background-color":"var(--ast-global-color-4)","background-image":"","background-repeat":"repeat","background-position":"center center","background-size":"auto","background-attachment":"scroll","background-type":"","background-media":"","overlay-type":"","overlay-color":"","overlay-opacity":"","overlay-gradient":""},"tablet":{"background-color":"","background-image":"","background-repeat":"repeat","background-position":"center center","background-size":"auto","background-attachment":"scroll","background-type":"","background-media":"","overlay-type":"","overlay-color":"","overlay-opacity":"","overlay-gradient":""},"mobile":{"background-color":"","background-image":"","background-repeat":"repeat","background-position":"center center","background-size":"auto","background-attachment":"scroll","background-type":"","background-media":"","overlay-type":"","overlay-color":"","overlay-opacity":"","overlay-gradient":""}},"ast-content-background-meta":{"desktop":{"background-color":"var(--ast-global-color-5)","background-image":"","background-repeat":"repeat","background-position":"center center","background-size":"auto","background-attachment":"scroll","background-type":"","background-media":"","overlay-type":"","overlay-color":"","overlay-opacity":"","overlay-gradient":""},"tablet":{"background-color":"var(--ast-global-color-5)","background-image":"","background-repeat":"repeat","background-position":"center center","background-size":"auto","background-attachment":"scroll","background-type":"","background-media":"","overlay-type":"","overlay-color":"","overlay-opacity":"","overlay-gradient":""},"mobile":{"background-color":"var(--ast-global-color-5)","background-image":"","background-repeat":"repeat","background-position":"center center","background-size":"auto","background-attachment":"scroll","background-type":"","background-media":"","overlay-type":"","overlay-color":"","overlay-opacity":"","overlay-gradient":""}},"footnotes":""},"class_list":["post-284","page","type-page","status-publish","hentry"],"yoast_head":"<!-- This site is optimized with the Yoast SEO plugin v25.8 - https:\/\/yoast.com\/wordpress\/plugins\/seo\/ -->\n<title>Aviso Legal - Enr\u00edquez Villalobos<\/title>\n<meta name=\"robots\" content=\"index, follow, max-snippet:-1, max-image-preview:large, max-video-preview:-1\" \/>\n<link rel=\"canonical\" href=\"https:\/\/enriquezvillalobos.es\/es_es\/aviso-legal\/\" \/>\n<meta property=\"og:locale\" content=\"es_ES\" \/>\n<meta property=\"og:type\" content=\"article\" \/>\n<meta property=\"og:title\" content=\"Aviso Legal - Enr\u00edquez Villalobos\" \/>\n<meta property=\"og:description\" content=\"AVISO LEGAL En cumplimiento de la Ley 34\/2002, de Servicios de la Sociedad de la Informaci\u00f3n y Comercio Electr\u00f3nico, se [&hellip;]\" \/>\n<meta property=\"og:url\" content=\"https:\/\/enriquezvillalobos.es\/es_es\/aviso-legal\/\" \/>\n<meta property=\"og:site_name\" content=\"Enr\u00edquez Villalobos\" \/>\n<meta property=\"article:modified_time\" content=\"2024-09-09T21:57:10+00:00\" \/>\n<meta name=\"twitter:card\" content=\"summary_large_image\" \/>\n<meta name=\"twitter:label1\" content=\"Tiempo de lectura\" \/>\n\t<meta name=\"twitter:data1\" content=\"7 minutos\" \/>\n<script type=\"application\/ld+json\" class=\"yoast-schema-graph\">{\"@context\":\"https:\/\/schema.org\",\"@graph\":[{\"@type\":\"WebPage\",\"@id\":\"https:\/\/enriquezvillalobos.es\/en\/aviso-legal\/\",\"url\":\"https:\/\/enriquezvillalobos.es\/en\/aviso-legal\/\",\"name\":\"Aviso Legal - Enr\u00edquez Villalobos\",\"isPartOf\":{\"@id\":\"https:\/\/enriquezvillalobos.es\/es_es\/#website\"},\"datePublished\":\"2024-04-29T11:22:56+00:00\",\"dateModified\":\"2024-09-09T21:57:10+00:00\",\"breadcrumb\":{\"@id\":\"https:\/\/enriquezvillalobos.es\/en\/aviso-legal\/#breadcrumb\"},\"inLanguage\":\"es\",\"potentialAction\":[{\"@type\":\"ReadAction\",\"target\":[\"https:\/\/enriquezvillalobos.es\/en\/aviso-legal\/\"]}]},{\"@type\":\"BreadcrumbList\",\"@id\":\"https:\/\/enriquezvillalobos.es\/en\/aviso-legal\/#breadcrumb\",\"itemListElement\":[{\"@type\":\"ListItem\",\"position\":1,\"name\":\"Portada\",\"item\":\"https:\/\/enriquezvillalobos.es\/\"},{\"@type\":\"ListItem\",\"position\":2,\"name\":\"Aviso Legal\"}]},{\"@type\":\"WebSite\",\"@id\":\"https:\/\/enriquezvillalobos.es\/es_es\/#website\",\"url\":\"https:\/\/enriquezvillalobos.es\/es_es\/\",\"name\":\"Enr\u00edquez Villalobos\",\"description\":\"Despacho de abogados\",\"publisher\":{\"@id\":\"https:\/\/enriquezvillalobos.es\/es_es\/#organization\"},\"potentialAction\":[{\"@type\":\"SearchAction\",\"target\":{\"@type\":\"EntryPoint\",\"urlTemplate\":\"https:\/\/enriquezvillalobos.es\/es_es\/?s={search_term_string}\"},\"query-input\":{\"@type\":\"PropertyValueSpecification\",\"valueRequired\":true,\"valueName\":\"search_term_string\"}}],\"inLanguage\":\"es\"},{\"@type\":\"Organization\",\"@id\":\"https:\/\/enriquezvillalobos.es\/es_es\/#organization\",\"name\":\"Enr\u00edquez Villalobos\",\"url\":\"https:\/\/enriquezvillalobos.es\/es_es\/\",\"logo\":{\"@type\":\"ImageObject\",\"inLanguage\":\"es\",\"@id\":\"https:\/\/enriquezvillalobos.es\/es_es\/#\/schema\/logo\/image\/\",\"url\":\"https:\/\/enriquezvillalobos.es\/wp-content\/uploads\/2024\/09\/lawyers-3D.jpg\",\"contentUrl\":\"https:\/\/enriquezvillalobos.es\/wp-content\/uploads\/2024\/09\/lawyers-3D.jpg\",\"width\":765,\"height\":253,\"caption\":\"Enr\u00edquez Villalobos\"},\"image\":{\"@id\":\"https:\/\/enriquezvillalobos.es\/es_es\/#\/schema\/logo\/image\/\"}}]}<\/script>\n<!-- \/ Yoast SEO plugin. -->","yoast_head_json":{"title":"Aviso Legal - Enr\u00edquez Villalobos","robots":{"index":"index","follow":"follow","max-snippet":"max-snippet:-1","max-image-preview":"max-image-preview:large","max-video-preview":"max-video-preview:-1"},"canonical":"https:\/\/enriquezvillalobos.es\/es_es\/aviso-legal\/","og_locale":"es_ES","og_type":"article","og_title":"Aviso Legal - Enr\u00edquez Villalobos","og_description":"AVISO LEGAL En cumplimiento de la Ley 34\/2002, de Servicios de la Sociedad de la Informaci\u00f3n y Comercio Electr\u00f3nico, se [&hellip;]","og_url":"https:\/\/enriquezvillalobos.es\/es_es\/aviso-legal\/","og_site_name":"Enr\u00edquez Villalobos","article_modified_time":"2024-09-09T21:57:10+00:00","twitter_card":"summary_large_image","twitter_misc":{"Tiempo de lectura":"7 minutos"},"schema":{"@context":"https:\/\/schema.org","@graph":[{"@type":"WebPage","@id":"https:\/\/enriquezvillalobos.es\/en\/aviso-legal\/","url":"https:\/\/enriquezvillalobos.es\/en\/aviso-legal\/","name":"Aviso Legal - Enr\u00edquez Villalobos","isPartOf":{"@id":"https:\/\/enriquezvillalobos.es\/es_es\/#website"},"datePublished":"2024-04-29T11:22:56+00:00","dateModified":"2024-09-09T21:57:10+00:00","breadcrumb":{"@id":"https:\/\/enriquezvillalobos.es\/en\/aviso-legal\/#breadcrumb"},"inLanguage":"es","potentialAction":[{"@type":"ReadAction","target":["https:\/\/enriquezvillalobos.es\/en\/aviso-legal\/"]}]},{"@type":"BreadcrumbList","@id":"https:\/\/enriquezvillalobos.es\/en\/aviso-legal\/#breadcrumb","itemListElement":[{"@type":"ListItem","position":1,"name":"Portada","item":"https:\/\/enriquezvillalobos.es\/"},{"@type":"ListItem","position":2,"name":"Aviso Legal"}]},{"@type":"WebSite","@id":"https:\/\/enriquezvillalobos.es\/es_es\/#website","url":"https:\/\/enriquezvillalobos.es\/es_es\/","name":"Enr\u00edquez Villalobos","description":"Despacho de abogados","publisher":{"@id":"https:\/\/enriquezvillalobos.es\/es_es\/#organization"},"potentialAction":[{"@type":"SearchAction","target":{"@type":"EntryPoint","urlTemplate":"https:\/\/enriquezvillalobos.es\/es_es\/?s={search_term_string}"},"query-input":{"@type":"PropertyValueSpecification","valueRequired":true,"valueName":"search_term_string"}}],"inLanguage":"es"},{"@type":"Organization","@id":"https:\/\/enriquezvillalobos.es\/es_es\/#organization","name":"Enr\u00edquez Villalobos","url":"https:\/\/enriquezvillalobos.es\/es_es\/","logo":{"@type":"ImageObject","inLanguage":"es","@id":"https:\/\/enriquezvillalobos.es\/es_es\/#\/schema\/logo\/image\/","url":"https:\/\/enriquezvillalobos.es\/wp-content\/uploads\/2024\/09\/lawyers-3D.jpg","contentUrl":"https:\/\/enriquezvillalobos.es\/wp-content\/uploads\/2024\/09\/lawyers-3D.jpg","width":765,"height":253,"caption":"Enr\u00edquez Villalobos"},"image":{"@id":"https:\/\/enriquezvillalobos.es\/es_es\/#\/schema\/logo\/image\/"}}]}},"_links":{"self":[{"href":"https:\/\/enriquezvillalobos.es\/es_es\/wp-json\/wp\/v2\/pages\/284","targetHints":{"allow":["GET"]}}],"collection":[{"href":"https:\/\/enriquezvillalobos.es\/es_es\/wp-json\/wp\/v2\/pages"}],"about":[{"href":"https:\/\/enriquezvillalobos.es\/es_es\/wp-json\/wp\/v2\/types\/page"}],"author":[{"embeddable":true,"href":"https:\/\/enriquezvillalobos.es\/es_es\/wp-json\/wp\/v2\/users\/1"}],"replies":[{"embeddable":true,"href":"https:\/\/enriquezvillalobos.es\/es_es\/wp-json\/wp\/v2\/comments?post=284"}],"version-history":[{"count":10,"href":"https:\/\/enriquezvillalobos.es\/es_es\/wp-json\/wp\/v2\/pages\/284\/revisions"}],"predecessor-version":[{"id":959,"href":"https:\/\/enriquezvillalobos.es\/es_es\/wp-json\/wp\/v2\/pages\/284\/revisions\/959"}],"wp:attachment":[{"href":"https:\/\/enriquezvillalobos.es\/es_es\/wp-json\/wp\/v2\/media?parent=284"}],"curies":[{"name":"wp","href":"https:\/\/api.w.org\/{rel}","templated":true}]}}