{"id":286,"date":"2024-04-29T11:23:56","date_gmt":"2024-04-29T11:23:56","guid":{"rendered":"https:\/\/enriquez.centraldemarketing.es\/?page_id=286"},"modified":"2024-04-29T12:35:41","modified_gmt":"2024-04-29T12:35:41","slug":"blog","status":"publish","type":"page","link":"https:\/\/enriquezvillalobos.es\/es_es\/blog\/","title":{"rendered":"Blog"},"content":{"rendered":"\t\t<div data-elementor-type=\"wp-page\" data-elementor-id=\"286\" class=\"elementor elementor-286\" data-elementor-post-type=\"page\">\n\t\t\t\t<div class=\"elementor-element elementor-element-ba982b1 e-flex e-con-boxed e-con e-parent\" data-id=\"ba982b1\" data-element_type=\"container\" data-settings=\"{&quot;background_background&quot;:&quot;classic&quot;}\">\n\t\t\t\t\t<div class=\"e-con-inner\">\n\t\t\t\t<div class=\"elementor-element elementor-element-c5e1cd6 elementor-widget elementor-widget-heading\" data-id=\"c5e1cd6\" data-element_type=\"widget\" data-widget_type=\"heading.default\">\n\t\t\t\t<div class=\"elementor-widget-container\">\n\t\t\t<h2 class=\"elementor-heading-title elementor-size-default\">NUESTRO BLOG<\/h2>\t\t<\/div>\n\t\t\t\t<\/div>\n\t\t\t\t<div class=\"elementor-element elementor-element-a180bfb elementor-widget elementor-widget-text-editor\" data-id=\"a180bfb\" data-element_type=\"widget\" data-widget_type=\"text-editor.default\">\n\t\t\t\t<div class=\"elementor-widget-container\">\n\t\t\t\t\t\t\t<p>TODO TIPO DE NOTICIAS DE INTER\u00c9S<\/p>\t\t\t\t\t\t<\/div>\n\t\t\t\t<\/div>\n\t\t\t\t\t<\/div>\n\t\t\t\t<\/div>\n\t\t<div class=\"elementor-element elementor-element-00a1b06 e-flex e-con-boxed e-con e-parent\" data-id=\"00a1b06\" data-element_type=\"container\" data-settings=\"{&quot;background_background&quot;:&quot;classic&quot;}\">\n\t\t\t\t\t<div class=\"e-con-inner\">\n\t\t\t\t<div class=\"elementor-element elementor-element-3d92003 elementor-widget elementor-widget-heading\" data-id=\"3d92003\" data-element_type=\"widget\" data-widget_type=\"heading.default\">\n\t\t\t\t<div class=\"elementor-widget-container\">\n\t\t\t<h2 class=\"elementor-heading-title elementor-size-default\">Mantente informado y explora temas de tu inter\u00e9s<\/h2>\t\t<\/div>\n\t\t\t\t<\/div>\n\t\t\t\t\t<\/div>\n\t\t\t\t<\/div>\n\t\t<div class=\"elementor-element elementor-element-7d69b4f e-flex e-con-boxed e-con e-parent\" data-id=\"7d69b4f\" data-element_type=\"container\">\n\t\t\t\t\t<div class=\"e-con-inner\">\n\t\t\t\t<div class=\"elementor-element elementor-element-8d6fc6e elementor-grid-3 elementor-grid-tablet-2 elementor-grid-mobile-1 elementor-posts--thumbnail-top elementor-card-shadow-yes elementor-posts__hover-gradient elementor-widget elementor-widget-posts\" data-id=\"8d6fc6e\" data-element_type=\"widget\" data-settings=\"{&quot;pagination_type&quot;:&quot;load_more_infinite_scroll&quot;,&quot;cards_columns&quot;:&quot;3&quot;,&quot;cards_columns_tablet&quot;:&quot;2&quot;,&quot;cards_columns_mobile&quot;:&quot;1&quot;,&quot;cards_row_gap&quot;:{&quot;unit&quot;:&quot;px&quot;,&quot;size&quot;:35,&quot;sizes&quot;:[]},&quot;cards_row_gap_tablet&quot;:{&quot;unit&quot;:&quot;px&quot;,&quot;size&quot;:&quot;&quot;,&quot;sizes&quot;:[]},&quot;cards_row_gap_mobile&quot;:{&quot;unit&quot;:&quot;px&quot;,&quot;size&quot;:&quot;&quot;,&quot;sizes&quot;:[]},&quot;load_more_spinner&quot;:{&quot;value&quot;:&quot;fas fa-spinner&quot;,&quot;library&quot;:&quot;fa-solid&quot;}}\" data-widget_type=\"posts.cards\">\n\t\t\t\t<div class=\"elementor-widget-container\">\n\t\t\t\t\t<div class=\"elementor-posts-container elementor-posts elementor-posts--skin-cards elementor-grid\">\n\t\t\t\t<article class=\"elementor-post elementor-grid-item post-1 post type-post status-publish format-link has-post-thumbnail hentry category-familia post_format-post-format-link\">\n\t\t\t<div class=\"elementor-post__card\">\n\t\t\t\t<a class=\"elementor-post__thumbnail__link\" href=\"https:\/\/enriquezvillalobos.es\/es_es\/https-noticias-juridicas-com-la-sentencia-de-la-semana-sentencias-19505-no-se-puede-conceder-el-uso-de-la-vivienda-familiar-a-uno-de-los-padres-y-la-custodia-de-los-hijos-al-otro-aunque-este-solo-so\/\" tabindex=\"-1\" ><div class=\"elementor-post__thumbnail\"><img fetchpriority=\"high\" decoding=\"async\" width=\"2560\" height=\"1435\" src=\"https:\/\/enriquezvillalobos.es\/wp-content\/uploads\/2024\/04\/view-3d-justice-scales-1-scaled.jpg\" class=\"attachment-full size-full wp-image-215\" alt=\"\" srcset=\"https:\/\/enriquezvillalobos.es\/wp-content\/uploads\/2024\/04\/view-3d-justice-scales-1-scaled.jpg 2560w, https:\/\/enriquezvillalobos.es\/wp-content\/uploads\/2024\/04\/view-3d-justice-scales-1-300x168.jpg 300w, https:\/\/enriquezvillalobos.es\/wp-content\/uploads\/2024\/04\/view-3d-justice-scales-1-1024x574.jpg 1024w, https:\/\/enriquezvillalobos.es\/wp-content\/uploads\/2024\/04\/view-3d-justice-scales-1-768x430.jpg 768w, https:\/\/enriquezvillalobos.es\/wp-content\/uploads\/2024\/04\/view-3d-justice-scales-1-1536x861.jpg 1536w, https:\/\/enriquezvillalobos.es\/wp-content\/uploads\/2024\/04\/view-3d-justice-scales-1-2048x1148.jpg 2048w\" sizes=\"(max-width: 2560px) 100vw, 2560px\" \/><\/div><\/a>\n\t\t\t\t<div class=\"elementor-post__badge\">Familia<\/div>\n\t\t\t\t<div class=\"elementor-post__text\">\n\t\t\t\t<h3 class=\"elementor-post__title\">\n\t\t\t<a href=\"https:\/\/enriquezvillalobos.es\/es_es\/https-noticias-juridicas-com-la-sentencia-de-la-semana-sentencias-19505-no-se-puede-conceder-el-uso-de-la-vivienda-familiar-a-uno-de-los-padres-y-la-custodia-de-los-hijos-al-otro-aunque-este-solo-so\/\" >\n\t\t\t\tDivorcios &#8211; Sentencia sobre custodia y uso de la vivienda familiar\t\t\t<\/a>\n\t\t<\/h3>\n\t\t\t\t<div class=\"elementor-post__excerpt\">\n\t\t\t<p>No se puede conceder el uso de la vivienda familiar a uno de los padres y la custodia de los<\/p>\n\t\t<\/div>\n\t\t\n\t\t<a class=\"elementor-post__read-more\" href=\"https:\/\/enriquezvillalobos.es\/es_es\/https-noticias-juridicas-com-la-sentencia-de-la-semana-sentencias-19505-no-se-puede-conceder-el-uso-de-la-vivienda-familiar-a-uno-de-los-padres-y-la-custodia-de-los-hijos-al-otro-aunque-este-solo-so\/\" aria-label=\"Read more about Divorcios &#8211; Sentencia sobre custodia y uso de la vivienda familiar\" tabindex=\"-1\" >\n\t\t\tLEER M\u00c1S \u00bb\t\t<\/a>\n\n\t\t\t\t<\/div>\n\t\t\t\t\t<\/div>\n\t\t<\/article>\n\t\t\t\t<article class=\"elementor-post elementor-grid-item post-39 post type-post status-publish format-standard has-post-thumbnail hentry category-inmobiliario category-litigacion-civil\">\n\t\t\t<div class=\"elementor-post__card\">\n\t\t\t\t<a class=\"elementor-post__thumbnail__link\" href=\"https:\/\/enriquezvillalobos.es\/es_es\/hello-world-2-2\/\" tabindex=\"-1\" ><div class=\"elementor-post__thumbnail\"><img decoding=\"async\" width=\"2560\" height=\"1707\" src=\"https:\/\/enriquezvillalobos.es\/wp-content\/uploads\/2024\/04\/gavel-with-books-old-wooden-desk-scaled.jpg\" class=\"attachment-full size-full wp-image-230\" alt=\"\" srcset=\"https:\/\/enriquezvillalobos.es\/wp-content\/uploads\/2024\/04\/gavel-with-books-old-wooden-desk-scaled.jpg 2560w, https:\/\/enriquezvillalobos.es\/wp-content\/uploads\/2024\/04\/gavel-with-books-old-wooden-desk-300x200.jpg 300w, https:\/\/enriquezvillalobos.es\/wp-content\/uploads\/2024\/04\/gavel-with-books-old-wooden-desk-1024x683.jpg 1024w, https:\/\/enriquezvillalobos.es\/wp-content\/uploads\/2024\/04\/gavel-with-books-old-wooden-desk-768x512.jpg 768w, https:\/\/enriquezvillalobos.es\/wp-content\/uploads\/2024\/04\/gavel-with-books-old-wooden-desk-1536x1024.jpg 1536w, https:\/\/enriquezvillalobos.es\/wp-content\/uploads\/2024\/04\/gavel-with-books-old-wooden-desk-2048x1365.jpg 2048w\" sizes=\"(max-width: 2560px) 100vw, 2560px\" \/><\/div><\/a>\n\t\t\t\t<div class=\"elementor-post__badge\">Inmobiliario<\/div>\n\t\t\t\t<div class=\"elementor-post__text\">\n\t\t\t\t<h3 class=\"elementor-post__title\">\n\t\t\t<a href=\"https:\/\/enriquezvillalobos.es\/es_es\/hello-world-2-2\/\" >\n\t\t\t\tDesahucio por falta de pago\t\t\t<\/a>\n\t\t<\/h3>\n\t\t\t\t<div class=\"elementor-post__excerpt\">\n\t\t\t<p>Obligado un inquilino a desalojar la vivienda tras negarse a recoger el burofax de no renovaci\u00f3n del contrato<\/p>\n\t\t<\/div>\n\t\t\n\t\t<a class=\"elementor-post__read-more\" href=\"https:\/\/enriquezvillalobos.es\/es_es\/hello-world-2-2\/\" aria-label=\"Read more about Desahucio por falta de pago\" tabindex=\"-1\" >\n\t\t\tLEER M\u00c1S \u00bb\t\t<\/a>\n\n\t\t\t\t<\/div>\n\t\t\t\t\t<\/div>\n\t\t<\/article>\n\t\t\t\t<article class=\"elementor-post elementor-grid-item post-4 post type-post status-publish format-standard has-post-thumbnail hentry category-uncategorized\">\n\t\t\t<div class=\"elementor-post__card\">\n\t\t\t\t<a class=\"elementor-post__thumbnail__link\" href=\"https:\/\/enriquezvillalobos.es\/es_es\/hello-world-2\/\" tabindex=\"-1\" ><div class=\"elementor-post__thumbnail\"><img decoding=\"async\" width=\"2560\" height=\"1435\" src=\"https:\/\/enriquezvillalobos.es\/wp-content\/uploads\/2024\/04\/view-3d-justice-scales-scaled.jpg\" class=\"attachment-full size-full wp-image-153\" alt=\"\" srcset=\"https:\/\/enriquezvillalobos.es\/wp-content\/uploads\/2024\/04\/view-3d-justice-scales-scaled.jpg 2560w, https:\/\/enriquezvillalobos.es\/wp-content\/uploads\/2024\/04\/view-3d-justice-scales-300x168.jpg 300w, https:\/\/enriquezvillalobos.es\/wp-content\/uploads\/2024\/04\/view-3d-justice-scales-1024x574.jpg 1024w, https:\/\/enriquezvillalobos.es\/wp-content\/uploads\/2024\/04\/view-3d-justice-scales-768x430.jpg 768w, https:\/\/enriquezvillalobos.es\/wp-content\/uploads\/2024\/04\/view-3d-justice-scales-1536x861.jpg 1536w, https:\/\/enriquezvillalobos.es\/wp-content\/uploads\/2024\/04\/view-3d-justice-scales-2048x1148.jpg 2048w\" sizes=\"(max-width: 2560px) 100vw, 2560px\" \/><\/div><\/a>\n\t\t\t\t<div class=\"elementor-post__badge\">Uncategorized<\/div>\n\t\t\t\t<div class=\"elementor-post__text\">\n\t\t\t\t<h3 class=\"elementor-post__title\">\n\t\t\t<a href=\"https:\/\/enriquezvillalobos.es\/es_es\/hello-world-2\/\" >\n\t\t\t\tConsulte las noticias jur\u00eddicas m\u00e1s destacadas\t\t\t<\/a>\n\t\t<\/h3>\n\t\t\t\t<div class=\"elementor-post__excerpt\">\n\t\t\t<p>https:\/\/www.economistjurist.es\/category\/noticias-juridicas\/<\/p>\n\t\t<\/div>\n\t\t\n\t\t<a class=\"elementor-post__read-more\" href=\"https:\/\/enriquezvillalobos.es\/es_es\/hello-world-2\/\" aria-label=\"Read more about Consulte las noticias jur\u00eddicas m\u00e1s destacadas\" tabindex=\"-1\" >\n\t\t\tLEER M\u00c1S \u00bb\t\t<\/a>\n\n\t\t\t\t<\/div>\n\t\t\t\t\t<\/div>\n\t\t<\/article>\n\t\t\t\t<\/div>\n\t\t\t\t\t<span class=\"e-load-more-spinner\">\n\t\t\t\t<svg aria-hidden=\"true\" class=\"e-font-icon-svg e-fas-spinner\" viewBox=\"0 0 512 512\" xmlns=\"http:\/\/www.w3.org\/2000\/svg\"><path d=\"M304 48c0 26.51-21.49 48-48 48s-48-21.49-48-48 21.49-48 48-48 48 21.49 48 48zm-48 368c-26.51 0-48 21.49-48 48s21.49 48 48 48 48-21.49 48-48-21.49-48-48-48zm208-208c-26.51 0-48 21.49-48 48s21.49 48 48 48 48-21.49 48-48-21.49-48-48-48zM96 256c0-26.51-21.49-48-48-48S0 229.49 0 256s21.49 48 48 48 48-21.49 48-48zm12.922 99.078c-26.51 0-48 21.49-48 48s21.49 48 48 48 48-21.49 48-48c0-26.509-21.491-48-48-48zm294.156 0c-26.51 0-48 21.49-48 48s21.49 48 48 48 48-21.49 48-48c0-26.509-21.49-48-48-48zM108.922 60.922c-26.51 0-48 21.49-48 48s21.49 48 48 48 48-21.49 48-48-21.491-48-48-48z\"><\/path><\/svg>\t\t\t<\/span>\n\t\t\n\t\t\t\t<\/div>\n\t\t\t\t<\/div>\n\t\t\t\t\t<\/div>\n\t\t\t\t<\/div>\n\t\t\t\t<\/div>\n\t\t","protected":false},"excerpt":{"rendered":"<p>NUESTRO BLOG TODO TIPO DE NOTICIAS DE INTER\u00c9S Mantente informado y explora temas de tu inter\u00e9s<\/p>\n","protected":false},"author":1,"featured_media":0,"parent":0,"menu_order":0,"comment_status":"closed","ping_status":"closed","template":"","meta":{"site-sidebar-layout":"no-sidebar","site-content-layout":"","ast-site-content-layout":"full-width-container","site-content-style":"default","site-sidebar-style":"default","ast-global-header-display":"","ast-banner-title-visibility":"","ast-main-header-display":"","ast-hfb-above-header-display":"","ast-hfb-below-header-display":"","ast-hfb-mobile-header-display":"","site-post-title":"disabled","ast-breadcrumbs-content":"","ast-featured-img":"disabled","footer-sml-layout":"","theme-transparent-header-meta":"","adv-header-id-meta":"","stick-header-meta":"","header-above-stick-meta":"","header-main-stick-meta":"","header-below-stick-meta":"","astra-migrate-meta-layouts":"default","ast-page-background-enabled":"default","ast-page-background-meta":{"desktop":{"background-color":"var(--ast-global-color-4)","background-image":"","background-repeat":"repeat","background-position":"center center","background-size":"auto","background-attachment":"scroll","background-type":"","background-media":"","overlay-type":"","overlay-color":"","overlay-opacity":"","overlay-gradient":""},"tablet":{"background-color":"","background-image":"","background-repeat":"repeat","background-position":"center center","background-size":"auto","background-attachment":"scroll","background-type":"","background-media":"","overlay-type":"","overlay-color":"","overlay-opacity":"","overlay-gradient":""},"mobile":{"background-color":"","background-image":"","background-repeat":"repeat","background-position":"center center","background-size":"auto","background-attachment":"scroll","background-type":"","background-media":"","overlay-type":"","overlay-color":"","overlay-opacity":"","overlay-gradient":""}},"ast-content-background-meta":{"desktop":{"background-color":"var(--ast-global-color-5)","background-image":"","background-repeat":"repeat","background-position":"center center","background-size":"auto","background-attachment":"scroll","background-type":"","background-media":"","overlay-type":"","overlay-color":"","overlay-opacity":"","overlay-gradient":""},"tablet":{"background-color":"var(--ast-global-color-5)","background-image":"","background-repeat":"repeat","background-position":"center center","background-size":"auto","background-attachment":"scroll","background-type":"","background-media":"","overlay-type":"","overlay-color":"","overlay-opacity":"","overlay-gradient":""},"mobile":{"background-color":"var(--ast-global-color-5)","background-image":"","background-repeat":"repeat","background-position":"center center","background-size":"auto","background-attachment":"scroll","background-type":"","background-media":"","overlay-type":"","overlay-color":"","overlay-opacity":"","overlay-gradient":""}},"footnotes":""},"class_list":["post-286","page","type-page","status-publish","hentry"],"yoast_head":"<!-- This site is optimized with the Yoast SEO plugin v25.8 - https:\/\/yoast.com\/wordpress\/plugins\/seo\/ -->\n<title>Blog - Enr\u00edquez Villalobos<\/title>\n<meta name=\"robots\" content=\"index, follow, max-snippet:-1, max-image-preview:large, max-video-preview:-1\" \/>\n<link rel=\"canonical\" href=\"https:\/\/enriquezvillalobos.es\/es_es\/blog\/\" \/>\n<meta property=\"og:locale\" content=\"es_ES\" \/>\n<meta property=\"og:type\" content=\"article\" \/>\n<meta property=\"og:title\" content=\"Blog - Enr\u00edquez Villalobos\" \/>\n<meta property=\"og:description\" content=\"NUESTRO BLOG TODO TIPO DE NOTICIAS DE INTER\u00c9S Mantente informado y explora temas de tu inter\u00e9s\" \/>\n<meta property=\"og:url\" content=\"https:\/\/enriquezvillalobos.es\/es_es\/blog\/\" \/>\n<meta property=\"og:site_name\" content=\"Enr\u00edquez Villalobos\" \/>\n<meta property=\"article:modified_time\" content=\"2024-04-29T12:35:41+00:00\" \/>\n<meta name=\"twitter:card\" content=\"summary_large_image\" \/>\n<meta name=\"twitter:label1\" content=\"Tiempo de lectura\" \/>\n\t<meta name=\"twitter:data1\" content=\"1 minuto\" \/>\n<script type=\"application\/ld+json\" class=\"yoast-schema-graph\">{\"@context\":\"https:\/\/schema.org\",\"@graph\":[{\"@type\":\"WebPage\",\"@id\":\"https:\/\/enriquezvillalobos.es\/es_es\/blog\/\",\"url\":\"https:\/\/enriquezvillalobos.es\/es_es\/blog\/\",\"name\":\"Blog - Enr\u00edquez Villalobos\",\"isPartOf\":{\"@id\":\"https:\/\/enriquezvillalobos.es\/es_es\/#website\"},\"datePublished\":\"2024-04-29T11:23:56+00:00\",\"dateModified\":\"2024-04-29T12:35:41+00:00\",\"breadcrumb\":{\"@id\":\"https:\/\/enriquezvillalobos.es\/es_es\/blog\/#breadcrumb\"},\"inLanguage\":\"es\",\"potentialAction\":[{\"@type\":\"ReadAction\",\"target\":[\"https:\/\/enriquezvillalobos.es\/es_es\/blog\/\"]}]},{\"@type\":\"BreadcrumbList\",\"@id\":\"https:\/\/enriquezvillalobos.es\/es_es\/blog\/#breadcrumb\",\"itemListElement\":[{\"@type\":\"ListItem\",\"position\":1,\"name\":\"Portada\",\"item\":\"https:\/\/enriquezvillalobos.es\/\"},{\"@type\":\"ListItem\",\"position\":2,\"name\":\"Blog\"}]},{\"@type\":\"WebSite\",\"@id\":\"https:\/\/enriquezvillalobos.es\/es_es\/#website\",\"url\":\"https:\/\/enriquezvillalobos.es\/es_es\/\",\"name\":\"Enr\u00edquez Villalobos\",\"description\":\"Despacho de abogados\",\"publisher\":{\"@id\":\"https:\/\/enriquezvillalobos.es\/es_es\/#organization\"},\"potentialAction\":[{\"@type\":\"SearchAction\",\"target\":{\"@type\":\"EntryPoint\",\"urlTemplate\":\"https:\/\/enriquezvillalobos.es\/es_es\/?s={search_term_string}\"},\"query-input\":{\"@type\":\"PropertyValueSpecification\",\"valueRequired\":true,\"valueName\":\"search_term_string\"}}],\"inLanguage\":\"es\"},{\"@type\":\"Organization\",\"@id\":\"https:\/\/enriquezvillalobos.es\/es_es\/#organization\",\"name\":\"Enr\u00edquez Villalobos\",\"url\":\"https:\/\/enriquezvillalobos.es\/es_es\/\",\"logo\":{\"@type\":\"ImageObject\",\"inLanguage\":\"es\",\"@id\":\"https:\/\/enriquezvillalobos.es\/es_es\/#\/schema\/logo\/image\/\",\"url\":\"https:\/\/enriquezvillalobos.es\/wp-content\/uploads\/2024\/09\/lawyers-3D.jpg\",\"contentUrl\":\"https:\/\/enriquezvillalobos.es\/wp-content\/uploads\/2024\/09\/lawyers-3D.jpg\",\"width\":765,\"height\":253,\"caption\":\"Enr\u00edquez Villalobos\"},\"image\":{\"@id\":\"https:\/\/enriquezvillalobos.es\/es_es\/#\/schema\/logo\/image\/\"}}]}<\/script>\n<!-- \/ Yoast SEO plugin. -->","yoast_head_json":{"title":"Blog - Enr\u00edquez Villalobos","robots":{"index":"index","follow":"follow","max-snippet":"max-snippet:-1","max-image-preview":"max-image-preview:large","max-video-preview":"max-video-preview:-1"},"canonical":"https:\/\/enriquezvillalobos.es\/es_es\/blog\/","og_locale":"es_ES","og_type":"article","og_title":"Blog - Enr\u00edquez Villalobos","og_description":"NUESTRO BLOG TODO TIPO DE NOTICIAS DE INTER\u00c9S Mantente informado y explora temas de tu inter\u00e9s","og_url":"https:\/\/enriquezvillalobos.es\/es_es\/blog\/","og_site_name":"Enr\u00edquez Villalobos","article_modified_time":"2024-04-29T12:35:41+00:00","twitter_card":"summary_large_image","twitter_misc":{"Tiempo de lectura":"1 minuto"},"schema":{"@context":"https:\/\/schema.org","@graph":[{"@type":"WebPage","@id":"https:\/\/enriquezvillalobos.es\/es_es\/blog\/","url":"https:\/\/enriquezvillalobos.es\/es_es\/blog\/","name":"Blog - Enr\u00edquez Villalobos","isPartOf":{"@id":"https:\/\/enriquezvillalobos.es\/es_es\/#website"},"datePublished":"2024-04-29T11:23:56+00:00","dateModified":"2024-04-29T12:35:41+00:00","breadcrumb":{"@id":"https:\/\/enriquezvillalobos.es\/es_es\/blog\/#breadcrumb"},"inLanguage":"es","potentialAction":[{"@type":"ReadAction","target":["https:\/\/enriquezvillalobos.es\/es_es\/blog\/"]}]},{"@type":"BreadcrumbList","@id":"https:\/\/enriquezvillalobos.es\/es_es\/blog\/#breadcrumb","itemListElement":[{"@type":"ListItem","position":1,"name":"Portada","item":"https:\/\/enriquezvillalobos.es\/"},{"@type":"ListItem","position":2,"name":"Blog"}]},{"@type":"WebSite","@id":"https:\/\/enriquezvillalobos.es\/es_es\/#website","url":"https:\/\/enriquezvillalobos.es\/es_es\/","name":"Enr\u00edquez Villalobos","description":"Despacho de abogados","publisher":{"@id":"https:\/\/enriquezvillalobos.es\/es_es\/#organization"},"potentialAction":[{"@type":"SearchAction","target":{"@type":"EntryPoint","urlTemplate":"https:\/\/enriquezvillalobos.es\/es_es\/?s={search_term_string}"},"query-input":{"@type":"PropertyValueSpecification","valueRequired":true,"valueName":"search_term_string"}}],"inLanguage":"es"},{"@type":"Organization","@id":"https:\/\/enriquezvillalobos.es\/es_es\/#organization","name":"Enr\u00edquez Villalobos","url":"https:\/\/enriquezvillalobos.es\/es_es\/","logo":{"@type":"ImageObject","inLanguage":"es","@id":"https:\/\/enriquezvillalobos.es\/es_es\/#\/schema\/logo\/image\/","url":"https:\/\/enriquezvillalobos.es\/wp-content\/uploads\/2024\/09\/lawyers-3D.jpg","contentUrl":"https:\/\/enriquezvillalobos.es\/wp-content\/uploads\/2024\/09\/lawyers-3D.jpg","width":765,"height":253,"caption":"Enr\u00edquez Villalobos"},"image":{"@id":"https:\/\/enriquezvillalobos.es\/es_es\/#\/schema\/logo\/image\/"}}]}},"_links":{"self":[{"href":"https:\/\/enriquezvillalobos.es\/es_es\/wp-json\/wp\/v2\/pages\/286","targetHints":{"allow":["GET"]}}],"collection":[{"href":"https:\/\/enriquezvillalobos.es\/es_es\/wp-json\/wp\/v2\/pages"}],"about":[{"href":"https:\/\/enriquezvillalobos.es\/es_es\/wp-json\/wp\/v2\/types\/page"}],"author":[{"embeddable":true,"href":"https:\/\/enriquezvillalobos.es\/es_es\/wp-json\/wp\/v2\/users\/1"}],"replies":[{"embeddable":true,"href":"https:\/\/enriquezvillalobos.es\/es_es\/wp-json\/wp\/v2\/comments?post=286"}],"version-history":[{"count":17,"href":"https:\/\/enriquezvillalobos.es\/es_es\/wp-json\/wp\/v2\/pages\/286\/revisions"}],"predecessor-version":[{"id":1169,"href":"https:\/\/enriquezvillalobos.es\/es_es\/wp-json\/wp\/v2\/pages\/286\/revisions\/1169"}],"wp:attachment":[{"href":"https:\/\/enriquezvillalobos.es\/es_es\/wp-json\/wp\/v2\/media?parent=286"}],"curies":[{"name":"wp","href":"https:\/\/api.w.org\/{rel}","templated":true}]}}