{"id":469,"date":"2024-04-30T09:58:59","date_gmt":"2024-04-30T09:58:59","guid":{"rendered":"https:\/\/enriquez.centraldemarketing.es\/?page_id=469"},"modified":"2025-01-31T11:18:20","modified_gmt":"2025-01-31T11:18:20","slug":"abogados-registrales-e-inmobiliarios-en-malaga","status":"publish","type":"page","link":"https:\/\/enriquezvillalobos.es\/es_es\/abogados-registrales-e-inmobiliarios-en-malaga\/","title":{"rendered":"Derecho Inmobiliario"},"content":{"rendered":"\t\t<div data-elementor-type=\"wp-page\" data-elementor-id=\"469\" class=\"elementor elementor-469\" data-elementor-post-type=\"page\">\n\t\t\t\t<div class=\"elementor-element elementor-element-a3ea30a e-flex e-con-boxed e-con e-parent\" data-id=\"a3ea30a\" data-element_type=\"container\" data-settings=\"{&quot;background_background&quot;:&quot;classic&quot;}\">\n\t\t\t\t\t<div class=\"e-con-inner\">\n\t\t\t\t<div class=\"elementor-element elementor-element-de65589 elementor-widget elementor-widget-heading\" data-id=\"de65589\" data-element_type=\"widget\" data-widget_type=\"heading.default\">\n\t\t\t\t<div class=\"elementor-widget-container\">\n\t\t\t<h2 class=\"elementor-heading-title elementor-size-default\">DERECHO INMOBILIARIO<\/h2>\t\t<\/div>\n\t\t\t\t<\/div>\n\t\t\t\t<div class=\"elementor-element elementor-element-2c031d0 elementor-widget elementor-widget-text-editor\" data-id=\"2c031d0\" data-element_type=\"widget\" data-widget_type=\"text-editor.default\">\n\t\t\t\t<div class=\"elementor-widget-container\">\n\t\t\t\t\t\t\t<p>Compraventas, hipotecas, arrendamientos, donaciones, permutas, cesiones &#8230;<\/p>\t\t\t\t\t\t<\/div>\n\t\t\t\t<\/div>\n\t\t\t\t\t<\/div>\n\t\t\t\t<\/div>\n\t\t<div class=\"elementor-element elementor-element-51cda10 e-flex e-con-boxed e-con e-parent\" data-id=\"51cda10\" data-element_type=\"container\" data-settings=\"{&quot;background_background&quot;:&quot;classic&quot;}\">\n\t\t\t\t\t<div class=\"e-con-inner\">\n\t\t\t\t<div class=\"elementor-element elementor-element-5d2e208 elementor-widget elementor-widget-heading\" data-id=\"5d2e208\" data-element_type=\"widget\" data-widget_type=\"heading.default\">\n\t\t\t\t<div class=\"elementor-widget-container\">\n\t\t\t<h2 class=\"elementor-heading-title elementor-size-default\">M\u00e1s de 25 a\u00f1os resolviendo problemas registrales, catastrales o urban\u00edsticos\n<\/h2>\t\t<\/div>\n\t\t\t\t<\/div>\n\t\t\t\t\t<\/div>\n\t\t\t\t<\/div>\n\t\t<div class=\"elementor-element elementor-element-be74999 e-flex e-con-boxed e-con e-parent\" data-id=\"be74999\" data-element_type=\"container\">\n\t\t\t\t\t<div class=\"e-con-inner\">\n\t\t\t\t<div class=\"elementor-element elementor-element-9e9c268 elementor-widget elementor-widget-heading\" data-id=\"9e9c268\" data-element_type=\"widget\" data-widget_type=\"heading.default\">\n\t\t\t\t<div class=\"elementor-widget-container\">\n\t\t\t<h4 class=\"elementor-heading-title elementor-size-default\">Abogados especialistas en derecho inmobiliario<\/h4>\t\t<\/div>\n\t\t\t\t<\/div>\n\t\t\t\t<div class=\"elementor-element elementor-element-178e86e elementor-widget elementor-widget-text-editor\" data-id=\"178e86e\" data-element_type=\"widget\" data-widget_type=\"text-editor.default\">\n\t\t\t\t<div class=\"elementor-widget-container\">\n\t\t\t\t\t\t\t<p>Estamos especializados en derecho inmobiliario y registral, por ello podemos asesorarle en todo el proceso necesario para la compra, venta, permuta, donaci\u00f3n, cesi\u00f3n o alquiler de su propiedad y solucionar cualquier problema que impida o dificulte su transmisi\u00f3n.<\/p><p><b>Contratos<\/b>: Negociamos y redactamos para usted todo tipo de contratos privados: reserva, opci\u00f3n de compra, compraventa, arrendamiento, permuta, cesi\u00f3n a cambio de alimentos, etc.<\/p><p><b>Escrituras:<\/b> Organizamos para usted todo tipo de escrituras de compraventa, hipoteca, donaci\u00f3n, permuta, cesi\u00f3n a cambio de alimentos, aportaci\u00f3n a gananciales, etc. Le acompa\u00f1amos en todo el proceso hasta la inscripci\u00f3n en el Registro de la Propiedad, liquidaci\u00f3n de impuestos, cambio de titularidad de los suministros, etc.<\/p><p><b>Asesoramiento fiscal<\/b>: Le asesoramos, redactamos y liquidamos todo tipo de modelos fiscales de las tasas e impuestos derivados de sus operaciones inmobiliarias como el Impuesto de Transmisiones Patrimoniales, Actos Jur\u00eddicos Documentados, Sucesiones y Donaciones, Plusval\u00eda municipal, Incremento de Patrimonio en IRPF, etc.<\/p><p><b>Registro de la Propiedad:<\/b> Tenemos gran experiencia solucionando problemas registrales y catastrales complejos:\u00a0<\/p><p><span style=\"font-style: inherit; font-weight: inherit; color: var( --e-global-color-astglobalcolor8 ); font-family: var( --e-global-typography-text-font-family ), Sans-serif; text-align: var(--text-align); background-color: var(--ast-global-color-5);\">&#8211; Regularizamos la situaci\u00f3n registral de su finca resolviendo la falta de inscripci\u00f3n mediante expedientes de dominio, procedimientos del art. 205 de la Ley Hipotecaria o rectificaci\u00f3n de superficie y linderos mediante actas notariales o registrales de rectificaci\u00f3n.<\/span><\/p><p>&#8211; Corregimos la falta de alta catastral o los errores de superficie, planimetr\u00eda o titularidad catastral de sus propiedades r\u00fasticas o urbanas<\/p><p><b>Urbanismo<\/b>: Somos especialistas en r<span style=\"font-style: inherit; font-weight: inherit; color: var( --e-global-color-astglobalcolor8 ); font-family: var( --e-global-typography-text-font-family ), Sans-serif; text-align: var(--text-align); background-color: var(--ast-global-color-5);\">egularizaci\u00f3n urban\u00edstica y segregaci\u00f3n v\u00eda Licencia o Sistema AFO (Asimilado a Fuera de Ordenaci\u00f3n). Tenemos gran experiencia en e<\/span><span style=\"background-color: var(--ast-global-color-5); color: var( --e-global-color-astglobalcolor8 ); font-family: var( --e-global-typography-text-font-family ), Sans-serif; font-style: inherit; font-weight: inherit; text-align: var(--text-align);\">xpedientes urban\u00edsticos sancionadores y de restablecimiento del orden jur\u00eddico perturbado.<\/span><\/p>\t\t\t\t\t\t<\/div>\n\t\t\t\t<\/div>\n\t\t\t\t\t<\/div>\n\t\t\t\t<\/div>\n\t\t\t\t<\/div>\n\t\t","protected":false},"excerpt":{"rendered":"<p>DERECHO INMOBILIARIO Compraventas, hipotecas, arrendamientos, donaciones, permutas, cesiones &#8230; M\u00e1s de 25 a\u00f1os resolviendo problemas registrales, catastrales o urban\u00edsticos Abogados [&hellip;]<\/p>\n","protected":false},"author":1,"featured_media":474,"parent":0,"menu_order":0,"comment_status":"closed","ping_status":"closed","template":"","meta":{"site-sidebar-layout":"no-sidebar","site-content-layout":"","ast-site-content-layout":"full-width-container","site-content-style":"default","site-sidebar-style":"default","ast-global-header-display":"","ast-banner-title-visibility":"","ast-main-header-display":"","ast-hfb-above-header-display":"","ast-hfb-below-header-display":"","ast-hfb-mobile-header-display":"","site-post-title":"disabled","ast-breadcrumbs-content":"","ast-featured-img":"disabled","footer-sml-layout":"","theme-transparent-header-meta":"","adv-header-id-meta":"","stick-header-meta":"","header-above-stick-meta":"","header-main-stick-meta":"","header-below-stick-meta":"","astra-migrate-meta-layouts":"default","ast-page-background-enabled":"default","ast-page-background-meta":{"desktop":{"background-color":"var(--ast-global-color-4)","background-image":"","background-repeat":"repeat","background-position":"center center","background-size":"auto","background-attachment":"scroll","background-type":"","background-media":"","overlay-type":"","overlay-color":"","overlay-opacity":"","overlay-gradient":""},"tablet":{"background-color":"","background-image":"","background-repeat":"repeat","background-position":"center center","background-size":"auto","background-attachment":"scroll","background-type":"","background-media":"","overlay-type":"","overlay-color":"","overlay-opacity":"","overlay-gradient":""},"mobile":{"background-color":"","background-image":"","background-repeat":"repeat","background-position":"center center","background-size":"auto","background-attachment":"scroll","background-type":"","background-media":"","overlay-type":"","overlay-color":"","overlay-opacity":"","overlay-gradient":""}},"ast-content-background-meta":{"desktop":{"background-color":"var(--ast-global-color-5)","background-image":"","background-repeat":"repeat","background-position":"center center","background-size":"auto","background-attachment":"scroll","background-type":"","background-media":"","overlay-type":"","overlay-color":"","overlay-opacity":"","overlay-gradient":""},"tablet":{"background-color":"var(--ast-global-color-5)","background-image":"","background-repeat":"repeat","background-position":"center center","background-size":"auto","background-attachment":"scroll","background-type":"","background-media":"","overlay-type":"","overlay-color":"","overlay-opacity":"","overlay-gradient":""},"mobile":{"background-color":"var(--ast-global-color-5)","background-image":"","background-repeat":"repeat","background-position":"center center","background-size":"auto","background-attachment":"scroll","background-type":"","background-media":"","overlay-type":"","overlay-color":"","overlay-opacity":"","overlay-gradient":""}},"footnotes":""},"class_list":["post-469","page","type-page","status-publish","has-post-thumbnail","hentry"],"yoast_head":"<!-- This site is optimized with the Yoast SEO plugin v25.8 - https:\/\/yoast.com\/wordpress\/plugins\/seo\/ -->\n<title>Derecho Inmobiliario - Enr\u00edquez Villalobos<\/title>\n<meta name=\"description\" content=\"Abogados registrales e inmobiliarios en M\u00e1laga. Expertos en bienes ra\u00edces: desde compras hasta litigios. Protegemos sus intereses.\" \/>\n<meta name=\"robots\" content=\"index, follow, max-snippet:-1, max-image-preview:large, max-video-preview:-1\" \/>\n<link rel=\"canonical\" href=\"https:\/\/enriquezvillalobos.es\/es_es\/abogados-registrales-e-inmobiliarios-en-malaga\/\" \/>\n<meta property=\"og:locale\" content=\"es_ES\" \/>\n<meta property=\"og:type\" content=\"article\" \/>\n<meta property=\"og:title\" content=\"Derecho Inmobiliario - Enr\u00edquez Villalobos\" \/>\n<meta property=\"og:description\" content=\"Abogados registrales e inmobiliarios en M\u00e1laga. Expertos en bienes ra\u00edces: desde compras hasta litigios. Protegemos sus intereses.\" \/>\n<meta property=\"og:url\" content=\"https:\/\/enriquezvillalobos.es\/es_es\/abogados-registrales-e-inmobiliarios-en-malaga\/\" \/>\n<meta property=\"og:site_name\" content=\"Enr\u00edquez Villalobos\" \/>\n<meta property=\"article:modified_time\" content=\"2025-01-31T11:18:20+00:00\" \/>\n<meta property=\"og:image\" content=\"https:\/\/enriquezvillalobos.es\/wp-content\/uploads\/2024\/04\/663.jpg\" \/>\n\t<meta property=\"og:image:width\" content=\"2000\" \/>\n\t<meta property=\"og:image:height\" content=\"1333\" \/>\n\t<meta property=\"og:image:type\" content=\"image\/jpeg\" \/>\n<meta name=\"twitter:card\" content=\"summary_large_image\" \/>\n<meta name=\"twitter:label1\" content=\"Tiempo de lectura\" \/>\n\t<meta name=\"twitter:data1\" content=\"2 minutos\" \/>\n<script type=\"application\/ld+json\" class=\"yoast-schema-graph\">{\"@context\":\"https:\/\/schema.org\",\"@graph\":[{\"@type\":\"WebPage\",\"@id\":\"https:\/\/enriquezvillalobos.es\/es_es\/abogados-registrales-e-inmobiliarios-en-malaga\/\",\"url\":\"https:\/\/enriquezvillalobos.es\/es_es\/abogados-registrales-e-inmobiliarios-en-malaga\/\",\"name\":\"Derecho Inmobiliario - Enr\u00edquez Villalobos\",\"isPartOf\":{\"@id\":\"https:\/\/enriquezvillalobos.es\/es_es\/#website\"},\"primaryImageOfPage\":{\"@id\":\"https:\/\/enriquezvillalobos.es\/es_es\/abogados-registrales-e-inmobiliarios-en-malaga\/#primaryimage\"},\"image\":{\"@id\":\"https:\/\/enriquezvillalobos.es\/es_es\/abogados-registrales-e-inmobiliarios-en-malaga\/#primaryimage\"},\"thumbnailUrl\":\"https:\/\/enriquezvillalobos.es\/wp-content\/uploads\/2024\/04\/663.jpg\",\"datePublished\":\"2024-04-30T09:58:59+00:00\",\"dateModified\":\"2025-01-31T11:18:20+00:00\",\"description\":\"Abogados registrales e inmobiliarios en M\u00e1laga. Expertos en bienes ra\u00edces: desde compras hasta litigios. Protegemos sus intereses.\",\"breadcrumb\":{\"@id\":\"https:\/\/enriquezvillalobos.es\/es_es\/abogados-registrales-e-inmobiliarios-en-malaga\/#breadcrumb\"},\"inLanguage\":\"es\",\"potentialAction\":[{\"@type\":\"ReadAction\",\"target\":[\"https:\/\/enriquezvillalobos.es\/es_es\/abogados-registrales-e-inmobiliarios-en-malaga\/\"]}]},{\"@type\":\"ImageObject\",\"inLanguage\":\"es\",\"@id\":\"https:\/\/enriquezvillalobos.es\/es_es\/abogados-registrales-e-inmobiliarios-en-malaga\/#primaryimage\",\"url\":\"https:\/\/enriquezvillalobos.es\/wp-content\/uploads\/2024\/04\/663.jpg\",\"contentUrl\":\"https:\/\/enriquezvillalobos.es\/wp-content\/uploads\/2024\/04\/663.jpg\",\"width\":2000,\"height\":1333,\"caption\":\"Abogados Registrales e Inmobiliarios\"},{\"@type\":\"BreadcrumbList\",\"@id\":\"https:\/\/enriquezvillalobos.es\/es_es\/abogados-registrales-e-inmobiliarios-en-malaga\/#breadcrumb\",\"itemListElement\":[{\"@type\":\"ListItem\",\"position\":1,\"name\":\"Portada\",\"item\":\"https:\/\/enriquezvillalobos.es\/\"},{\"@type\":\"ListItem\",\"position\":2,\"name\":\"Derecho Inmobiliario\"}]},{\"@type\":\"WebSite\",\"@id\":\"https:\/\/enriquezvillalobos.es\/es_es\/#website\",\"url\":\"https:\/\/enriquezvillalobos.es\/es_es\/\",\"name\":\"Enr\u00edquez Villalobos\",\"description\":\"Despacho de abogados\",\"publisher\":{\"@id\":\"https:\/\/enriquezvillalobos.es\/es_es\/#organization\"},\"potentialAction\":[{\"@type\":\"SearchAction\",\"target\":{\"@type\":\"EntryPoint\",\"urlTemplate\":\"https:\/\/enriquezvillalobos.es\/es_es\/?s={search_term_string}\"},\"query-input\":{\"@type\":\"PropertyValueSpecification\",\"valueRequired\":true,\"valueName\":\"search_term_string\"}}],\"inLanguage\":\"es\"},{\"@type\":\"Organization\",\"@id\":\"https:\/\/enriquezvillalobos.es\/es_es\/#organization\",\"name\":\"Enr\u00edquez Villalobos\",\"url\":\"https:\/\/enriquezvillalobos.es\/es_es\/\",\"logo\":{\"@type\":\"ImageObject\",\"inLanguage\":\"es\",\"@id\":\"https:\/\/enriquezvillalobos.es\/es_es\/#\/schema\/logo\/image\/\",\"url\":\"https:\/\/enriquezvillalobos.es\/wp-content\/uploads\/2024\/09\/lawyers-3D.jpg\",\"contentUrl\":\"https:\/\/enriquezvillalobos.es\/wp-content\/uploads\/2024\/09\/lawyers-3D.jpg\",\"width\":765,\"height\":253,\"caption\":\"Enr\u00edquez Villalobos\"},\"image\":{\"@id\":\"https:\/\/enriquezvillalobos.es\/es_es\/#\/schema\/logo\/image\/\"}}]}<\/script>\n<!-- \/ Yoast SEO plugin. -->","yoast_head_json":{"title":"Derecho Inmobiliario - Enr\u00edquez Villalobos","description":"Abogados registrales e inmobiliarios en M\u00e1laga. Expertos en bienes ra\u00edces: desde compras hasta litigios. Protegemos sus intereses.","robots":{"index":"index","follow":"follow","max-snippet":"max-snippet:-1","max-image-preview":"max-image-preview:large","max-video-preview":"max-video-preview:-1"},"canonical":"https:\/\/enriquezvillalobos.es\/es_es\/abogados-registrales-e-inmobiliarios-en-malaga\/","og_locale":"es_ES","og_type":"article","og_title":"Derecho Inmobiliario - Enr\u00edquez Villalobos","og_description":"Abogados registrales e inmobiliarios en M\u00e1laga. Expertos en bienes ra\u00edces: desde compras hasta litigios. Protegemos sus intereses.","og_url":"https:\/\/enriquezvillalobos.es\/es_es\/abogados-registrales-e-inmobiliarios-en-malaga\/","og_site_name":"Enr\u00edquez Villalobos","article_modified_time":"2025-01-31T11:18:20+00:00","og_image":[{"width":2000,"height":1333,"url":"https:\/\/enriquezvillalobos.es\/wp-content\/uploads\/2024\/04\/663.jpg","type":"image\/jpeg"}],"twitter_card":"summary_large_image","twitter_misc":{"Tiempo de lectura":"2 minutos"},"schema":{"@context":"https:\/\/schema.org","@graph":[{"@type":"WebPage","@id":"https:\/\/enriquezvillalobos.es\/es_es\/abogados-registrales-e-inmobiliarios-en-malaga\/","url":"https:\/\/enriquezvillalobos.es\/es_es\/abogados-registrales-e-inmobiliarios-en-malaga\/","name":"Derecho Inmobiliario - Enr\u00edquez Villalobos","isPartOf":{"@id":"https:\/\/enriquezvillalobos.es\/es_es\/#website"},"primaryImageOfPage":{"@id":"https:\/\/enriquezvillalobos.es\/es_es\/abogados-registrales-e-inmobiliarios-en-malaga\/#primaryimage"},"image":{"@id":"https:\/\/enriquezvillalobos.es\/es_es\/abogados-registrales-e-inmobiliarios-en-malaga\/#primaryimage"},"thumbnailUrl":"https:\/\/enriquezvillalobos.es\/wp-content\/uploads\/2024\/04\/663.jpg","datePublished":"2024-04-30T09:58:59+00:00","dateModified":"2025-01-31T11:18:20+00:00","description":"Abogados registrales e inmobiliarios en M\u00e1laga. Expertos en bienes ra\u00edces: desde compras hasta litigios. Protegemos sus intereses.","breadcrumb":{"@id":"https:\/\/enriquezvillalobos.es\/es_es\/abogados-registrales-e-inmobiliarios-en-malaga\/#breadcrumb"},"inLanguage":"es","potentialAction":[{"@type":"ReadAction","target":["https:\/\/enriquezvillalobos.es\/es_es\/abogados-registrales-e-inmobiliarios-en-malaga\/"]}]},{"@type":"ImageObject","inLanguage":"es","@id":"https:\/\/enriquezvillalobos.es\/es_es\/abogados-registrales-e-inmobiliarios-en-malaga\/#primaryimage","url":"https:\/\/enriquezvillalobos.es\/wp-content\/uploads\/2024\/04\/663.jpg","contentUrl":"https:\/\/enriquezvillalobos.es\/wp-content\/uploads\/2024\/04\/663.jpg","width":2000,"height":1333,"caption":"Abogados Registrales e Inmobiliarios"},{"@type":"BreadcrumbList","@id":"https:\/\/enriquezvillalobos.es\/es_es\/abogados-registrales-e-inmobiliarios-en-malaga\/#breadcrumb","itemListElement":[{"@type":"ListItem","position":1,"name":"Portada","item":"https:\/\/enriquezvillalobos.es\/"},{"@type":"ListItem","position":2,"name":"Derecho Inmobiliario"}]},{"@type":"WebSite","@id":"https:\/\/enriquezvillalobos.es\/es_es\/#website","url":"https:\/\/enriquezvillalobos.es\/es_es\/","name":"Enr\u00edquez Villalobos","description":"Despacho de abogados","publisher":{"@id":"https:\/\/enriquezvillalobos.es\/es_es\/#organization"},"potentialAction":[{"@type":"SearchAction","target":{"@type":"EntryPoint","urlTemplate":"https:\/\/enriquezvillalobos.es\/es_es\/?s={search_term_string}"},"query-input":{"@type":"PropertyValueSpecification","valueRequired":true,"valueName":"search_term_string"}}],"inLanguage":"es"},{"@type":"Organization","@id":"https:\/\/enriquezvillalobos.es\/es_es\/#organization","name":"Enr\u00edquez Villalobos","url":"https:\/\/enriquezvillalobos.es\/es_es\/","logo":{"@type":"ImageObject","inLanguage":"es","@id":"https:\/\/enriquezvillalobos.es\/es_es\/#\/schema\/logo\/image\/","url":"https:\/\/enriquezvillalobos.es\/wp-content\/uploads\/2024\/09\/lawyers-3D.jpg","contentUrl":"https:\/\/enriquezvillalobos.es\/wp-content\/uploads\/2024\/09\/lawyers-3D.jpg","width":765,"height":253,"caption":"Enr\u00edquez Villalobos"},"image":{"@id":"https:\/\/enriquezvillalobos.es\/es_es\/#\/schema\/logo\/image\/"}}]}},"_links":{"self":[{"href":"https:\/\/enriquezvillalobos.es\/es_es\/wp-json\/wp\/v2\/pages\/469","targetHints":{"allow":["GET"]}}],"collection":[{"href":"https:\/\/enriquezvillalobos.es\/es_es\/wp-json\/wp\/v2\/pages"}],"about":[{"href":"https:\/\/enriquezvillalobos.es\/es_es\/wp-json\/wp\/v2\/types\/page"}],"author":[{"embeddable":true,"href":"https:\/\/enriquezvillalobos.es\/es_es\/wp-json\/wp\/v2\/users\/1"}],"replies":[{"embeddable":true,"href":"https:\/\/enriquezvillalobos.es\/es_es\/wp-json\/wp\/v2\/comments?post=469"}],"version-history":[{"count":116,"href":"https:\/\/enriquezvillalobos.es\/es_es\/wp-json\/wp\/v2\/pages\/469\/revisions"}],"predecessor-version":[{"id":1282,"href":"https:\/\/enriquezvillalobos.es\/es_es\/wp-json\/wp\/v2\/pages\/469\/revisions\/1282"}],"wp:featuredmedia":[{"embeddable":true,"href":"https:\/\/enriquezvillalobos.es\/es_es\/wp-json\/wp\/v2\/media\/474"}],"wp:attachment":[{"href":"https:\/\/enriquezvillalobos.es\/es_es\/wp-json\/wp\/v2\/media?parent=469"}],"curies":[{"name":"wp","href":"https:\/\/api.w.org\/{rel}","templated":true}]}}