{"id":482,"date":"2024-04-30T10:39:21","date_gmt":"2024-04-30T10:39:21","guid":{"rendered":"https:\/\/enriquez.centraldemarketing.es\/?page_id=482"},"modified":"2025-01-22T18:24:58","modified_gmt":"2025-01-22T18:24:58","slug":"derecho-civil","status":"publish","type":"page","link":"https:\/\/enriquezvillalobos.es\/es_es\/derecho-civil\/","title":{"rendered":"Litigaci\u00f3n Civil"},"content":{"rendered":"\t\t<div data-elementor-type=\"wp-page\" data-elementor-id=\"482\" class=\"elementor elementor-482\" data-elementor-post-type=\"page\">\n\t\t\t\t<div class=\"elementor-element elementor-element-fbe4862 e-flex e-con-boxed e-con e-parent\" data-id=\"fbe4862\" data-element_type=\"container\" data-settings=\"{&quot;background_background&quot;:&quot;classic&quot;}\">\n\t\t\t\t\t<div class=\"e-con-inner\">\n\t\t\t\t<div class=\"elementor-element elementor-element-1242a11 elementor-widget elementor-widget-heading\" data-id=\"1242a11\" data-element_type=\"widget\" data-widget_type=\"heading.default\">\n\t\t\t\t<div class=\"elementor-widget-container\">\n\t\t\t<h2 class=\"elementor-heading-title elementor-size-default\">LITIGACI\u00d3N CIVIL<\/h2>\t\t<\/div>\n\t\t\t\t<\/div>\n\t\t\t\t<div class=\"elementor-element elementor-element-022539d elementor-widget elementor-widget-text-editor\" data-id=\"022539d\" data-element_type=\"widget\" data-widget_type=\"text-editor.default\">\n\t\t\t\t<div class=\"elementor-widget-container\">\n\t\t\t\t\t\t\t<p>Deudas, desahucios, accidentes de tr\u00e1fico,\u00a0 seguros,\u00a0 servidumbres, deslindes, comunidades, etc.<\/p>\t\t\t\t\t\t<\/div>\n\t\t\t\t<\/div>\n\t\t\t\t\t<\/div>\n\t\t\t\t<\/div>\n\t\t<div class=\"elementor-element elementor-element-e9974b6 e-flex e-con-boxed e-con e-parent\" data-id=\"e9974b6\" data-element_type=\"container\" data-settings=\"{&quot;background_background&quot;:&quot;classic&quot;}\">\n\t\t\t\t\t<div class=\"e-con-inner\">\n\t\t\t\t<div class=\"elementor-element elementor-element-4e81e64 elementor-widget elementor-widget-heading\" data-id=\"4e81e64\" data-element_type=\"widget\" data-widget_type=\"heading.default\">\n\t\t\t\t<div class=\"elementor-widget-container\">\n\t\t\t<h2 class=\"elementor-heading-title elementor-size-default\">Resolvemos judicalmente sus conflictos civiles<\/h2>\t\t<\/div>\n\t\t\t\t<\/div>\n\t\t\t\t\t<\/div>\n\t\t\t\t<\/div>\n\t\t<div class=\"elementor-element elementor-element-d016ebd e-flex e-con-boxed e-con e-parent\" data-id=\"d016ebd\" data-element_type=\"container\">\n\t\t\t\t\t<div class=\"e-con-inner\">\n\t\t\t\t<div class=\"elementor-element elementor-element-6179efe elementor-widget elementor-widget-text-editor\" data-id=\"6179efe\" data-element_type=\"widget\" data-widget_type=\"text-editor.default\">\n\t\t\t\t<div class=\"elementor-widget-container\">\n\t\t\t\t\t\t\t<p>Como especialistas en litigaci\u00f3n civil, cuando la negociaci\u00f3n no es posible o llega a su fin sin \u00e9xito, podemos asesorarles para la reclamaci\u00f3n judicial de cualquier cuesti\u00f3n civil como:<\/p><p>&#8211; <b>Reclamaciones de cantidad.\u00a0<\/b>Podemos reclamar sus deudas o defenderles de las reclamaciones en su contra.<\/p><p><span style=\"font-style: inherit; font-weight: inherit; color: var( --e-global-color-astglobalcolor8 ); font-family: var( --e-global-typography-text-font-family ), Sans-serif; text-align: var(--text-align); background-color: var(--ast-global-color-5);\">&#8211; <\/span><span style=\"font-style: inherit; color: var( --e-global-color-astglobalcolor8 ); font-family: var( --e-global-typography-text-font-family ), Sans-serif; text-align: var(--text-align); background-color: var(--ast-global-color-5);\"><b>Desahucios.<\/b><\/span><span style=\"font-style: inherit; font-weight: inherit; color: var( --e-global-color-astglobalcolor8 ); font-family: var( --e-global-typography-text-font-family ), Sans-serif; text-align: var(--text-align); background-color: var(--ast-global-color-5);\"> Asesoramos tanto a arrendadores como a arrendatarios en la defensa de sus derechos en los conflictos arrendaticios. Igualmente asesoramos a en casos de uso de inmuebles en precario y ocupaciones ilegales.<\/span><\/p><p><span style=\"font-style: inherit; font-weight: inherit; color: var( --e-global-color-astglobalcolor8 ); font-family: var( --e-global-typography-text-font-family ), Sans-serif; text-align: var(--text-align); background-color: var(--ast-global-color-5);\">&#8211; <strong>Accidentes de tr\u00e1fico.<\/strong> Les acompa\u00f1amos en todo el proceso hasta obtener la sanidad y recibir la correspondiente indemnizaci\u00f3n. En la mayor\u00eda de los supuestos nuestros honorarios ser\u00e1n sufragados por su propia compa\u00f1\u00eda de seguros, obteniendo as\u00ed un asesoramiento gratuito y completamente independiente.<\/span><\/p><p>&#8211; <strong>Reclamaciones a compa\u00f1\u00edas de seguros.<\/strong> Negociaremos o reclamaremos para usted la reparaci\u00f3n o indemnizaci\u00f3n que proceda ante siniestros cubiertos por p\u00f3liza de seguro.<\/p><p>&#8211; <strong>Discapacidad.<\/strong> Poseemos gran experiencia en el tratamiento de la discapacidad pudiendo buscar la mejor soluci\u00f3n para su caso: poderes preventivos con clausula de subsistencia, actas de declaraci\u00f3n de guardador de hecho, solicitud de reconocimiento judicial de guardador de hecho o de nombramiento de curador asistencial o representativo, seg\u00fan las necesidades de la persona con discapacidad. Nuestro reciclaje continuo nos hace estar actualizados en la legislaci\u00f3n vigente en esta cambiante materia.<\/p><p>&#8211; <strong>Responsabilidad civil.<\/strong> Reclamamos o defendemos demandas de responsabilidad civil por los hechos lesivos de los que usted sea perjudicado<span style=\"font-size: 16px;\">\u00a0o responsable.<\/span><\/p><p>&#8211; <strong>Servidumbres.<\/strong> Especialistas en materia de servidumbres de todo tipo (de paso, acueducto, tendido el\u00e9ctrico, luces y vistas, etc.) tanto en inmuebles r\u00fasticos como urbanos. Buscaremos la mejor soluci\u00f3n para usted, pactada o contenciosa.<\/p><p>&#8211; <strong>Deslindes conflictivos.<\/strong> Los linderos de los inmuebles, sobre todo en fincas r\u00fasticas, no siempre son pac\u00edficos, por lo que a veces se hace necesario su aclaraci\u00f3n v\u00eda deslinde consensual o judicial o incluso la reclamaci\u00f3n judicial de la parte de terreno invadido por el colindante.<\/p><p>&#8211; <strong>Vicios constructivos.<\/strong> Contamos con gran experiencia resolviendo reclamaciones por vicios constructivos contando adem\u00e1s con la colaboraci\u00f3n de peritos arquitectos expertos en los distintas patolog\u00edas constructivas que podr\u00e1n ratificar la realidad o inexistencia de dichos vicios, sus causas y sus responsables.<\/p><p>&#8211; <strong>Comunidades de propietarios.<\/strong> Le asesoramos en sus conflictos con la comunidad de propietarios por uso de elementos comunes, derramas, reclamaciones de cuotas, actividades molestas de los vecinos y un largo etc\u00e9tera.<\/p><p>&#8211; <strong>Cualquier otro supuesto civil:<\/strong> El derecho civil es la especialidad del derecho que m\u00e1s materias regula, por ello, sea cual sea su problema cons\u00faltenos sin compromiso y le asesoraremos directamente o le derivaremos a un abogado\/a especialista de confianza.<\/p>\t\t\t\t\t\t<\/div>\n\t\t\t\t<\/div>\n\t\t\t\t\t<\/div>\n\t\t\t\t<\/div>\n\t\t\t\t<\/div>\n\t\t","protected":false},"excerpt":{"rendered":"<p>LITIGACI\u00d3N CIVIL Deudas, desahucios, accidentes de tr\u00e1fico,\u00a0 seguros,\u00a0 servidumbres, deslindes, comunidades, etc. Resolvemos judicalmente sus conflictos civiles Como especialistas en [&hellip;]<\/p>\n","protected":false},"author":1,"featured_media":0,"parent":0,"menu_order":0,"comment_status":"closed","ping_status":"closed","template":"","meta":{"site-sidebar-layout":"no-sidebar","site-content-layout":"","ast-site-content-layout":"full-width-container","site-content-style":"default","site-sidebar-style":"default","ast-global-header-display":"","ast-banner-title-visibility":"","ast-main-header-display":"","ast-hfb-above-header-display":"","ast-hfb-below-header-display":"","ast-hfb-mobile-header-display":"","site-post-title":"disabled","ast-breadcrumbs-content":"","ast-featured-img":"disabled","footer-sml-layout":"","theme-transparent-header-meta":"","adv-header-id-meta":"","stick-header-meta":"","header-above-stick-meta":"","header-main-stick-meta":"","header-below-stick-meta":"","astra-migrate-meta-layouts":"default","ast-page-background-enabled":"default","ast-page-background-meta":{"desktop":{"background-color":"var(--ast-global-color-4)","background-image":"","background-repeat":"repeat","background-position":"center center","background-size":"auto","background-attachment":"scroll","background-type":"","background-media":"","overlay-type":"","overlay-color":"","overlay-opacity":"","overlay-gradient":""},"tablet":{"background-color":"","background-image":"","background-repeat":"repeat","background-position":"center center","background-size":"auto","background-attachment":"scroll","background-type":"","background-media":"","overlay-type":"","overlay-color":"","overlay-opacity":"","overlay-gradient":""},"mobile":{"background-color":"","background-image":"","background-repeat":"repeat","background-position":"center center","background-size":"auto","background-attachment":"scroll","background-type":"","background-media":"","overlay-type":"","overlay-color":"","overlay-opacity":"","overlay-gradient":""}},"ast-content-background-meta":{"desktop":{"background-color":"var(--ast-global-color-5)","background-image":"","background-repeat":"repeat","background-position":"center center","background-size":"auto","background-attachment":"scroll","background-type":"","background-media":"","overlay-type":"","overlay-color":"","overlay-opacity":"","overlay-gradient":""},"tablet":{"background-color":"var(--ast-global-color-5)","background-image":"","background-repeat":"repeat","background-position":"center center","background-size":"auto","background-attachment":"scroll","background-type":"","background-media":"","overlay-type":"","overlay-color":"","overlay-opacity":"","overlay-gradient":""},"mobile":{"background-color":"var(--ast-global-color-5)","background-image":"","background-repeat":"repeat","background-position":"center center","background-size":"auto","background-attachment":"scroll","background-type":"","background-media":"","overlay-type":"","overlay-color":"","overlay-opacity":"","overlay-gradient":""}},"footnotes":""},"class_list":["post-482","page","type-page","status-publish","hentry"],"yoast_head":"<!-- This site is optimized with the Yoast SEO plugin v25.8 - https:\/\/yoast.com\/wordpress\/plugins\/seo\/ -->\n<title>Litigaci\u00f3n Civil - Enr\u00edquez Villalobos<\/title>\n<meta name=\"robots\" content=\"index, follow, max-snippet:-1, max-image-preview:large, max-video-preview:-1\" \/>\n<link rel=\"canonical\" href=\"https:\/\/enriquezvillalobos.es\/es_es\/derecho-civil\/\" \/>\n<meta property=\"og:locale\" content=\"es_ES\" \/>\n<meta property=\"og:type\" content=\"article\" \/>\n<meta property=\"og:title\" content=\"Litigaci\u00f3n Civil - Enr\u00edquez Villalobos\" \/>\n<meta property=\"og:description\" content=\"LITIGACI\u00d3N CIVIL Deudas, desahucios, accidentes de tr\u00e1fico,\u00a0 seguros,\u00a0 servidumbres, deslindes, comunidades, etc. Resolvemos judicalmente sus conflictos civiles Como especialistas en [&hellip;]\" \/>\n<meta property=\"og:url\" content=\"https:\/\/enriquezvillalobos.es\/es_es\/derecho-civil\/\" \/>\n<meta property=\"og:site_name\" content=\"Enr\u00edquez Villalobos\" \/>\n<meta property=\"article:modified_time\" content=\"2025-01-22T18:24:58+00:00\" \/>\n<meta name=\"twitter:card\" content=\"summary_large_image\" \/>\n<meta name=\"twitter:label1\" content=\"Tiempo de lectura\" \/>\n\t<meta name=\"twitter:data1\" content=\"3 minutos\" \/>\n<script type=\"application\/ld+json\" class=\"yoast-schema-graph\">{\"@context\":\"https:\/\/schema.org\",\"@graph\":[{\"@type\":\"WebPage\",\"@id\":\"https:\/\/enriquezvillalobos.es\/es_es\/derecho-civil\/\",\"url\":\"https:\/\/enriquezvillalobos.es\/es_es\/derecho-civil\/\",\"name\":\"Litigaci\u00f3n Civil - Enr\u00edquez Villalobos\",\"isPartOf\":{\"@id\":\"https:\/\/enriquezvillalobos.es\/es_es\/#website\"},\"datePublished\":\"2024-04-30T10:39:21+00:00\",\"dateModified\":\"2025-01-22T18:24:58+00:00\",\"breadcrumb\":{\"@id\":\"https:\/\/enriquezvillalobos.es\/es_es\/derecho-civil\/#breadcrumb\"},\"inLanguage\":\"es\",\"potentialAction\":[{\"@type\":\"ReadAction\",\"target\":[\"https:\/\/enriquezvillalobos.es\/es_es\/derecho-civil\/\"]}]},{\"@type\":\"BreadcrumbList\",\"@id\":\"https:\/\/enriquezvillalobos.es\/es_es\/derecho-civil\/#breadcrumb\",\"itemListElement\":[{\"@type\":\"ListItem\",\"position\":1,\"name\":\"Portada\",\"item\":\"https:\/\/enriquezvillalobos.es\/\"},{\"@type\":\"ListItem\",\"position\":2,\"name\":\"Litigaci\u00f3n Civil\"}]},{\"@type\":\"WebSite\",\"@id\":\"https:\/\/enriquezvillalobos.es\/es_es\/#website\",\"url\":\"https:\/\/enriquezvillalobos.es\/es_es\/\",\"name\":\"Enr\u00edquez Villalobos\",\"description\":\"Despacho de abogados\",\"publisher\":{\"@id\":\"https:\/\/enriquezvillalobos.es\/es_es\/#organization\"},\"potentialAction\":[{\"@type\":\"SearchAction\",\"target\":{\"@type\":\"EntryPoint\",\"urlTemplate\":\"https:\/\/enriquezvillalobos.es\/es_es\/?s={search_term_string}\"},\"query-input\":{\"@type\":\"PropertyValueSpecification\",\"valueRequired\":true,\"valueName\":\"search_term_string\"}}],\"inLanguage\":\"es\"},{\"@type\":\"Organization\",\"@id\":\"https:\/\/enriquezvillalobos.es\/es_es\/#organization\",\"name\":\"Enr\u00edquez Villalobos\",\"url\":\"https:\/\/enriquezvillalobos.es\/es_es\/\",\"logo\":{\"@type\":\"ImageObject\",\"inLanguage\":\"es\",\"@id\":\"https:\/\/enriquezvillalobos.es\/es_es\/#\/schema\/logo\/image\/\",\"url\":\"https:\/\/enriquezvillalobos.es\/wp-content\/uploads\/2024\/09\/lawyers-3D.jpg\",\"contentUrl\":\"https:\/\/enriquezvillalobos.es\/wp-content\/uploads\/2024\/09\/lawyers-3D.jpg\",\"width\":765,\"height\":253,\"caption\":\"Enr\u00edquez Villalobos\"},\"image\":{\"@id\":\"https:\/\/enriquezvillalobos.es\/es_es\/#\/schema\/logo\/image\/\"}}]}<\/script>\n<!-- \/ Yoast SEO plugin. -->","yoast_head_json":{"title":"Litigaci\u00f3n Civil - Enr\u00edquez Villalobos","robots":{"index":"index","follow":"follow","max-snippet":"max-snippet:-1","max-image-preview":"max-image-preview:large","max-video-preview":"max-video-preview:-1"},"canonical":"https:\/\/enriquezvillalobos.es\/es_es\/derecho-civil\/","og_locale":"es_ES","og_type":"article","og_title":"Litigaci\u00f3n Civil - Enr\u00edquez Villalobos","og_description":"LITIGACI\u00d3N CIVIL Deudas, desahucios, accidentes de tr\u00e1fico,\u00a0 seguros,\u00a0 servidumbres, deslindes, comunidades, etc. Resolvemos judicalmente sus conflictos civiles Como especialistas en [&hellip;]","og_url":"https:\/\/enriquezvillalobos.es\/es_es\/derecho-civil\/","og_site_name":"Enr\u00edquez Villalobos","article_modified_time":"2025-01-22T18:24:58+00:00","twitter_card":"summary_large_image","twitter_misc":{"Tiempo de lectura":"3 minutos"},"schema":{"@context":"https:\/\/schema.org","@graph":[{"@type":"WebPage","@id":"https:\/\/enriquezvillalobos.es\/es_es\/derecho-civil\/","url":"https:\/\/enriquezvillalobos.es\/es_es\/derecho-civil\/","name":"Litigaci\u00f3n Civil - Enr\u00edquez Villalobos","isPartOf":{"@id":"https:\/\/enriquezvillalobos.es\/es_es\/#website"},"datePublished":"2024-04-30T10:39:21+00:00","dateModified":"2025-01-22T18:24:58+00:00","breadcrumb":{"@id":"https:\/\/enriquezvillalobos.es\/es_es\/derecho-civil\/#breadcrumb"},"inLanguage":"es","potentialAction":[{"@type":"ReadAction","target":["https:\/\/enriquezvillalobos.es\/es_es\/derecho-civil\/"]}]},{"@type":"BreadcrumbList","@id":"https:\/\/enriquezvillalobos.es\/es_es\/derecho-civil\/#breadcrumb","itemListElement":[{"@type":"ListItem","position":1,"name":"Portada","item":"https:\/\/enriquezvillalobos.es\/"},{"@type":"ListItem","position":2,"name":"Litigaci\u00f3n Civil"}]},{"@type":"WebSite","@id":"https:\/\/enriquezvillalobos.es\/es_es\/#website","url":"https:\/\/enriquezvillalobos.es\/es_es\/","name":"Enr\u00edquez Villalobos","description":"Despacho de abogados","publisher":{"@id":"https:\/\/enriquezvillalobos.es\/es_es\/#organization"},"potentialAction":[{"@type":"SearchAction","target":{"@type":"EntryPoint","urlTemplate":"https:\/\/enriquezvillalobos.es\/es_es\/?s={search_term_string}"},"query-input":{"@type":"PropertyValueSpecification","valueRequired":true,"valueName":"search_term_string"}}],"inLanguage":"es"},{"@type":"Organization","@id":"https:\/\/enriquezvillalobos.es\/es_es\/#organization","name":"Enr\u00edquez Villalobos","url":"https:\/\/enriquezvillalobos.es\/es_es\/","logo":{"@type":"ImageObject","inLanguage":"es","@id":"https:\/\/enriquezvillalobos.es\/es_es\/#\/schema\/logo\/image\/","url":"https:\/\/enriquezvillalobos.es\/wp-content\/uploads\/2024\/09\/lawyers-3D.jpg","contentUrl":"https:\/\/enriquezvillalobos.es\/wp-content\/uploads\/2024\/09\/lawyers-3D.jpg","width":765,"height":253,"caption":"Enr\u00edquez Villalobos"},"image":{"@id":"https:\/\/enriquezvillalobos.es\/es_es\/#\/schema\/logo\/image\/"}}]}},"_links":{"self":[{"href":"https:\/\/enriquezvillalobos.es\/es_es\/wp-json\/wp\/v2\/pages\/482","targetHints":{"allow":["GET"]}}],"collection":[{"href":"https:\/\/enriquezvillalobos.es\/es_es\/wp-json\/wp\/v2\/pages"}],"about":[{"href":"https:\/\/enriquezvillalobos.es\/es_es\/wp-json\/wp\/v2\/types\/page"}],"author":[{"embeddable":true,"href":"https:\/\/enriquezvillalobos.es\/es_es\/wp-json\/wp\/v2\/users\/1"}],"replies":[{"embeddable":true,"href":"https:\/\/enriquezvillalobos.es\/es_es\/wp-json\/wp\/v2\/comments?post=482"}],"version-history":[{"count":35,"href":"https:\/\/enriquezvillalobos.es\/es_es\/wp-json\/wp\/v2\/pages\/482\/revisions"}],"predecessor-version":[{"id":1274,"href":"https:\/\/enriquezvillalobos.es\/es_es\/wp-json\/wp\/v2\/pages\/482\/revisions\/1274"}],"wp:attachment":[{"href":"https:\/\/enriquezvillalobos.es\/es_es\/wp-json\/wp\/v2\/media?parent=482"}],"curies":[{"name":"wp","href":"https:\/\/api.w.org\/{rel}","templated":true}]}}