{"id":539,"date":"2024-04-30T11:23:11","date_gmt":"2024-04-30T11:23:11","guid":{"rendered":"https:\/\/enriquez.centraldemarketing.es\/?page_id=539"},"modified":"2025-03-12T17:21:35","modified_gmt":"2025-03-12T17:21:35","slug":"abogados-de-herencias-y-sucesiones-en-malaga","status":"publish","type":"page","link":"https:\/\/enriquezvillalobos.es\/es_es\/abogados-de-herencias-y-sucesiones-en-malaga\/","title":{"rendered":"Derecho Sucesorio"},"content":{"rendered":"\t\t<div data-elementor-type=\"wp-page\" data-elementor-id=\"539\" class=\"elementor elementor-539\" data-elementor-post-type=\"page\">\n\t\t\t\t<div class=\"elementor-element elementor-element-e929361 e-flex e-con-boxed e-con e-parent\" data-id=\"e929361\" data-element_type=\"container\" data-settings=\"{&quot;background_background&quot;:&quot;classic&quot;}\">\n\t\t\t\t\t<div class=\"e-con-inner\">\n\t\t\t\t<div class=\"elementor-element elementor-element-5c9e62f elementor-widget elementor-widget-heading\" data-id=\"5c9e62f\" data-element_type=\"widget\" data-widget_type=\"heading.default\">\n\t\t\t\t<div class=\"elementor-widget-container\">\n\t\t\t<h2 class=\"elementor-heading-title elementor-size-default\">DERECHO SUCESORIO<\/h2>\t\t<\/div>\n\t\t\t\t<\/div>\n\t\t\t\t<div class=\"elementor-element elementor-element-d14740c elementor-widget elementor-widget-text-editor\" data-id=\"d14740c\" data-element_type=\"widget\" data-widget_type=\"text-editor.default\">\n\t\t\t\t<div class=\"elementor-widget-container\">\n\t\t\t\t\t\t\t<p>Testamentos, herencias pactadas o contenciosas, donaciones<\/p>\t\t\t\t\t\t<\/div>\n\t\t\t\t<\/div>\n\t\t\t\t\t<\/div>\n\t\t\t\t<\/div>\n\t\t<div class=\"elementor-element elementor-element-1774b54 e-flex e-con-boxed e-con e-parent\" data-id=\"1774b54\" data-element_type=\"container\" data-settings=\"{&quot;background_background&quot;:&quot;classic&quot;}\">\n\t\t\t\t\t<div class=\"e-con-inner\">\n\t\t\t\t<div class=\"elementor-element elementor-element-4e3ea41 elementor-widget elementor-widget-heading\" data-id=\"4e3ea41\" data-element_type=\"widget\" data-widget_type=\"heading.default\">\n\t\t\t\t<div class=\"elementor-widget-container\">\n\t\t\t<h2 class=\"elementor-heading-title elementor-size-default\">Expertos en planificaci\u00f3n hereditaria y herencias complejas<\/h2>\t\t<\/div>\n\t\t\t\t<\/div>\n\t\t\t\t\t<\/div>\n\t\t\t\t<\/div>\n\t\t<div class=\"elementor-element elementor-element-2266721 e-flex e-con-boxed e-con e-parent\" data-id=\"2266721\" data-element_type=\"container\">\n\t\t\t\t\t<div class=\"e-con-inner\">\n\t\t<div class=\"elementor-element elementor-element-febae44 e-flex e-con-boxed e-con e-child\" data-id=\"febae44\" data-element_type=\"container\">\n\t\t\t\t\t<div class=\"e-con-inner\">\n\t\t\t\t<div class=\"elementor-element elementor-element-4384270 elementor-widget elementor-widget-heading\" data-id=\"4384270\" data-element_type=\"widget\" data-widget_type=\"heading.default\">\n\t\t\t\t<div class=\"elementor-widget-container\">\n\t\t\t<h4 class=\"elementor-heading-title elementor-size-default\">NUESTROS SERVICIOS<\/h4>\t\t<\/div>\n\t\t\t\t<\/div>\n\t\t\t\t<div class=\"elementor-element elementor-element-333dbd0 elementor-widget elementor-widget-text-editor\" data-id=\"333dbd0\" data-element_type=\"widget\" data-widget_type=\"text-editor.default\">\n\t\t\t\t<div class=\"elementor-widget-container\">\n\t\t\t\t\t\t\t<p><span style=\"font-style: inherit; font-weight: inherit; color: #000000; font-family: var( --e-global-typography-text-font-family ), Sans-serif; text-align: var(--text-align); background-color: var(--ast-global-color-5);\">Enr\u00edquez Villalobos Abogados, cuanta con una gran experiencia en derecho sucesorio o hereditario. Ofrecemos asesoramiento legal integral y soluciones efectivas para nuestros clientes. Con m\u00e1s de 25 a\u00f1os de experiencia en este campo, podemos atenderles en cualqueir cuesti\u00f3n relacionada con sus cuestiones sucesorias:<\/span><\/p><p><span style=\"color: #000000;\">&#8211; <b>Planificaci\u00f3n hereditaria:<\/b> Un buen asesoramiento previo al otorgamiento de su propio testamento puede ahorrar a sus futuros herederos muchos problemas al recibir sus bienes. Igualmente conseguir\u00e1 que sus herederos soporten la m\u00ednima carga fiscal posible.\u00a0<\/span><\/p><p><span style=\"color: #000000;\">Si el testamento no es instrumento suficiente para sus pretensiones podemos asesorarle y organizarle otras formas de reparto de bienes en vida como la donaci\u00f3n o la cesi\u00f3n a cambio de alimentos conservando en ambos casos el usufructo vitalicio para proteger sus intereses.<\/span><\/p><p><span style=\"color: #000000;\">&#8211; <b>Tramitaci\u00f3n<\/b>\u00a0<b>de herencias complejas<\/b>: <span style=\"font-style: inherit; font-weight: inherit; font-family: var( --e-global-typography-text-font-family ), Sans-serif; text-align: var(--text-align); background-color: var(--ast-global-color-5);\">Sea cual se la complejidad t\u00e9cnica de su herencia estamos preparados para buscar la mejor soluci\u00f3n posible hasta conseguir el reparto e inscripci\u00f3n de los bienes del caudal hereditario: Obtenci\u00f3n de testamentos, y certificados de \u00faltima voluntad, declaraciones de herederos, redacci\u00f3n de cuadernos particionales, gestiones bancarias, organizaci\u00f3n y otorgamiento de escrituras de inventario, aval\u00fao y adjudicaci\u00f3n de herencia, aceptaci\u00f3n o repudaci\u00f3n, liquidaci\u00f3n del Impuesto de Sucesiones, inscripci\u00f3n en el Registro de la Propiedad y Catastro de los bines inmuebles heredados, disoluci\u00f3n de comunidades, etc.<\/span><\/span><\/p><p><span style=\"color: #000000;\">&#8211; <b>Negociaci\u00f3n extrajudicial de herencias contenciosas:<\/b> \u00abM\u00e1s vale un mal acuerdo que un buen pleito\u00bb. Firmes defensores de esta premisa somos expertos negociadores con un alto porcentaje de soluciones pactadas a todo tipo de conflictos entre herederos.<\/span><\/p><p><span style=\"font-style: inherit; font-weight: inherit; color: #000000; font-family: var( --e-global-typography-text-font-family ), Sans-serif; text-align: var(--text-align); background-color: var(--ast-global-color-5);\">&#8211; <strong>Asesoramiento legal para la adjudicaci\u00f3n de herencias contenciosas<\/strong>: Cuando la negociaci\u00f3n no llega a buen puerto, no hay m\u00e1s remedio que activar los mecanismos legales para hacer valer sus derechos hereditarios. En caso de ser posible activaremos la soluci\u00f3n contenciosa notarial a trav\u00e9s del nuevo procedimiento previsto legalmente ahorrando mucho tiempo y dinero al cliente. En los casos en los que no es posible acudir a esa v\u00eda interpondremos la correspondiente demanda judicial de formaci\u00f3n de inventario y posterior adjudicaci\u00f3n de bienes.\u00a0<\/span><\/p>\t\t\t\t\t\t<\/div>\n\t\t\t\t<\/div>\n\t\t\t\t\t<\/div>\n\t\t\t\t<\/div>\n\t\t\t\t\t<\/div>\n\t\t\t\t<\/div>\n\t\t\t\t<\/div>\n\t\t","protected":false},"excerpt":{"rendered":"<p>DERECHO SUCESORIO Testamentos, herencias pactadas o contenciosas, donaciones Expertos en planificaci\u00f3n hereditaria y herencias complejas NUESTROS SERVICIOS Enr\u00edquez Villalobos Abogados, [&hellip;]<\/p>\n","protected":false},"author":1,"featured_media":471,"parent":0,"menu_order":0,"comment_status":"closed","ping_status":"closed","template":"","meta":{"site-sidebar-layout":"no-sidebar","site-content-layout":"","ast-site-content-layout":"full-width-container","site-content-style":"default","site-sidebar-style":"default","ast-global-header-display":"","ast-banner-title-visibility":"","ast-main-header-display":"","ast-hfb-above-header-display":"","ast-hfb-below-header-display":"","ast-hfb-mobile-header-display":"","site-post-title":"disabled","ast-breadcrumbs-content":"","ast-featured-img":"disabled","footer-sml-layout":"","theme-transparent-header-meta":"","adv-header-id-meta":"","stick-header-meta":"","header-above-stick-meta":"","header-main-stick-meta":"","header-below-stick-meta":"","astra-migrate-meta-layouts":"default","ast-page-background-enabled":"default","ast-page-background-meta":{"desktop":{"background-color":"var(--ast-global-color-4)","background-image":"","background-repeat":"repeat","background-position":"center center","background-size":"auto","background-attachment":"scroll","background-type":"","background-media":"","overlay-type":"","overlay-color":"","overlay-opacity":"","overlay-gradient":""},"tablet":{"background-color":"","background-image":"","background-repeat":"repeat","background-position":"center center","background-size":"auto","background-attachment":"scroll","background-type":"","background-media":"","overlay-type":"","overlay-color":"","overlay-opacity":"","overlay-gradient":""},"mobile":{"background-color":"","background-image":"","background-repeat":"repeat","background-position":"center center","background-size":"auto","background-attachment":"scroll","background-type":"","background-media":"","overlay-type":"","overlay-color":"","overlay-opacity":"","overlay-gradient":""}},"ast-content-background-meta":{"desktop":{"background-color":"var(--ast-global-color-5)","background-image":"","background-repeat":"repeat","background-position":"center center","background-size":"auto","background-attachment":"scroll","background-type":"","background-media":"","overlay-type":"","overlay-color":"","overlay-opacity":"","overlay-gradient":""},"tablet":{"background-color":"var(--ast-global-color-5)","background-image":"","background-repeat":"repeat","background-position":"center center","background-size":"auto","background-attachment":"scroll","background-type":"","background-media":"","overlay-type":"","overlay-color":"","overlay-opacity":"","overlay-gradient":""},"mobile":{"background-color":"var(--ast-global-color-5)","background-image":"","background-repeat":"repeat","background-position":"center center","background-size":"auto","background-attachment":"scroll","background-type":"","background-media":"","overlay-type":"","overlay-color":"","overlay-opacity":"","overlay-gradient":""}},"footnotes":""},"class_list":["post-539","page","type-page","status-publish","has-post-thumbnail","hentry"],"yoast_head":"<!-- This site is optimized with the Yoast SEO plugin v25.8 - https:\/\/yoast.com\/wordpress\/plugins\/seo\/ -->\n<title>Derecho Sucesorio - Enr\u00edquez Villalobos<\/title>\n<meta name=\"description\" content=\"Abogados de herencias y sucesiones en M\u00e1laga. Soluciones legales integrales con experiencia y dedicaci\u00f3n. Cont\u00e1ctenos hoy mismo\" \/>\n<meta name=\"robots\" content=\"index, follow, max-snippet:-1, max-image-preview:large, max-video-preview:-1\" \/>\n<link rel=\"canonical\" href=\"https:\/\/enriquezvillalobos.es\/es_es\/abogados-de-herencias-y-sucesiones-en-malaga\/\" \/>\n<meta property=\"og:locale\" content=\"es_ES\" \/>\n<meta property=\"og:type\" content=\"article\" \/>\n<meta property=\"og:title\" content=\"Derecho Sucesorio - Enr\u00edquez Villalobos\" \/>\n<meta property=\"og:description\" content=\"Abogados de herencias y sucesiones en M\u00e1laga. Soluciones legales integrales con experiencia y dedicaci\u00f3n. Cont\u00e1ctenos hoy mismo\" \/>\n<meta property=\"og:url\" content=\"https:\/\/enriquezvillalobos.es\/es_es\/abogados-de-herencias-y-sucesiones-en-malaga\/\" \/>\n<meta property=\"og:site_name\" content=\"Enr\u00edquez Villalobos\" \/>\n<meta property=\"article:modified_time\" content=\"2025-03-12T17:21:35+00:00\" \/>\n<meta property=\"og:image\" content=\"https:\/\/enriquezvillalobos.es\/wp-content\/uploads\/2024\/04\/2147898550.jpg\" \/>\n\t<meta property=\"og:image:width\" content=\"2000\" \/>\n\t<meta property=\"og:image:height\" content=\"1335\" \/>\n\t<meta property=\"og:image:type\" content=\"image\/jpeg\" \/>\n<meta name=\"twitter:card\" content=\"summary_large_image\" \/>\n<meta name=\"twitter:label1\" content=\"Tiempo de lectura\" \/>\n\t<meta name=\"twitter:data1\" content=\"2 minutos\" \/>\n<script type=\"application\/ld+json\" class=\"yoast-schema-graph\">{\"@context\":\"https:\/\/schema.org\",\"@graph\":[{\"@type\":\"WebPage\",\"@id\":\"https:\/\/enriquezvillalobos.es\/abogados-de-herencias-y-sucesiones-en-malaga\/\",\"url\":\"https:\/\/enriquezvillalobos.es\/abogados-de-herencias-y-sucesiones-en-malaga\/\",\"name\":\"Derecho Sucesorio - Enr\u00edquez Villalobos\",\"isPartOf\":{\"@id\":\"https:\/\/enriquezvillalobos.es\/es_es\/#website\"},\"primaryImageOfPage\":{\"@id\":\"https:\/\/enriquezvillalobos.es\/abogados-de-herencias-y-sucesiones-en-malaga\/#primaryimage\"},\"image\":{\"@id\":\"https:\/\/enriquezvillalobos.es\/abogados-de-herencias-y-sucesiones-en-malaga\/#primaryimage\"},\"thumbnailUrl\":\"https:\/\/enriquezvillalobos.es\/wp-content\/uploads\/2024\/04\/2147898550.jpg\",\"datePublished\":\"2024-04-30T11:23:11+00:00\",\"dateModified\":\"2025-03-12T17:21:35+00:00\",\"description\":\"Abogados de herencias y sucesiones en M\u00e1laga. Soluciones legales integrales con experiencia y dedicaci\u00f3n. Cont\u00e1ctenos hoy mismo\",\"breadcrumb\":{\"@id\":\"https:\/\/enriquezvillalobos.es\/abogados-de-herencias-y-sucesiones-en-malaga\/#breadcrumb\"},\"inLanguage\":\"es\",\"potentialAction\":[{\"@type\":\"ReadAction\",\"target\":[\"https:\/\/enriquezvillalobos.es\/abogados-de-herencias-y-sucesiones-en-malaga\/\"]}]},{\"@type\":\"ImageObject\",\"inLanguage\":\"es\",\"@id\":\"https:\/\/enriquezvillalobos.es\/abogados-de-herencias-y-sucesiones-en-malaga\/#primaryimage\",\"url\":\"https:\/\/enriquezvillalobos.es\/wp-content\/uploads\/2024\/04\/2147898550.jpg\",\"contentUrl\":\"https:\/\/enriquezvillalobos.es\/wp-content\/uploads\/2024\/04\/2147898550.jpg\",\"width\":2000,\"height\":1335,\"caption\":\"Abogados de Herencias y Sucesiones\"},{\"@type\":\"BreadcrumbList\",\"@id\":\"https:\/\/enriquezvillalobos.es\/abogados-de-herencias-y-sucesiones-en-malaga\/#breadcrumb\",\"itemListElement\":[{\"@type\":\"ListItem\",\"position\":1,\"name\":\"Portada\",\"item\":\"https:\/\/enriquezvillalobos.es\/\"},{\"@type\":\"ListItem\",\"position\":2,\"name\":\"Derecho Sucesorio\"}]},{\"@type\":\"WebSite\",\"@id\":\"https:\/\/enriquezvillalobos.es\/es_es\/#website\",\"url\":\"https:\/\/enriquezvillalobos.es\/es_es\/\",\"name\":\"Enr\u00edquez Villalobos\",\"description\":\"Despacho de abogados\",\"publisher\":{\"@id\":\"https:\/\/enriquezvillalobos.es\/es_es\/#organization\"},\"potentialAction\":[{\"@type\":\"SearchAction\",\"target\":{\"@type\":\"EntryPoint\",\"urlTemplate\":\"https:\/\/enriquezvillalobos.es\/es_es\/?s={search_term_string}\"},\"query-input\":{\"@type\":\"PropertyValueSpecification\",\"valueRequired\":true,\"valueName\":\"search_term_string\"}}],\"inLanguage\":\"es\"},{\"@type\":\"Organization\",\"@id\":\"https:\/\/enriquezvillalobos.es\/es_es\/#organization\",\"name\":\"Enr\u00edquez Villalobos\",\"url\":\"https:\/\/enriquezvillalobos.es\/es_es\/\",\"logo\":{\"@type\":\"ImageObject\",\"inLanguage\":\"es\",\"@id\":\"https:\/\/enriquezvillalobos.es\/es_es\/#\/schema\/logo\/image\/\",\"url\":\"https:\/\/enriquezvillalobos.es\/wp-content\/uploads\/2024\/09\/lawyers-3D.jpg\",\"contentUrl\":\"https:\/\/enriquezvillalobos.es\/wp-content\/uploads\/2024\/09\/lawyers-3D.jpg\",\"width\":765,\"height\":253,\"caption\":\"Enr\u00edquez Villalobos\"},\"image\":{\"@id\":\"https:\/\/enriquezvillalobos.es\/es_es\/#\/schema\/logo\/image\/\"}}]}<\/script>\n<!-- \/ Yoast SEO plugin. -->","yoast_head_json":{"title":"Derecho Sucesorio - Enr\u00edquez Villalobos","description":"Abogados de herencias y sucesiones en M\u00e1laga. Soluciones legales integrales con experiencia y dedicaci\u00f3n. Cont\u00e1ctenos hoy mismo","robots":{"index":"index","follow":"follow","max-snippet":"max-snippet:-1","max-image-preview":"max-image-preview:large","max-video-preview":"max-video-preview:-1"},"canonical":"https:\/\/enriquezvillalobos.es\/es_es\/abogados-de-herencias-y-sucesiones-en-malaga\/","og_locale":"es_ES","og_type":"article","og_title":"Derecho Sucesorio - Enr\u00edquez Villalobos","og_description":"Abogados de herencias y sucesiones en M\u00e1laga. Soluciones legales integrales con experiencia y dedicaci\u00f3n. Cont\u00e1ctenos hoy mismo","og_url":"https:\/\/enriquezvillalobos.es\/es_es\/abogados-de-herencias-y-sucesiones-en-malaga\/","og_site_name":"Enr\u00edquez Villalobos","article_modified_time":"2025-03-12T17:21:35+00:00","og_image":[{"width":2000,"height":1335,"url":"https:\/\/enriquezvillalobos.es\/wp-content\/uploads\/2024\/04\/2147898550.jpg","type":"image\/jpeg"}],"twitter_card":"summary_large_image","twitter_misc":{"Tiempo de lectura":"2 minutos"},"schema":{"@context":"https:\/\/schema.org","@graph":[{"@type":"WebPage","@id":"https:\/\/enriquezvillalobos.es\/abogados-de-herencias-y-sucesiones-en-malaga\/","url":"https:\/\/enriquezvillalobos.es\/abogados-de-herencias-y-sucesiones-en-malaga\/","name":"Derecho Sucesorio - Enr\u00edquez Villalobos","isPartOf":{"@id":"https:\/\/enriquezvillalobos.es\/es_es\/#website"},"primaryImageOfPage":{"@id":"https:\/\/enriquezvillalobos.es\/abogados-de-herencias-y-sucesiones-en-malaga\/#primaryimage"},"image":{"@id":"https:\/\/enriquezvillalobos.es\/abogados-de-herencias-y-sucesiones-en-malaga\/#primaryimage"},"thumbnailUrl":"https:\/\/enriquezvillalobos.es\/wp-content\/uploads\/2024\/04\/2147898550.jpg","datePublished":"2024-04-30T11:23:11+00:00","dateModified":"2025-03-12T17:21:35+00:00","description":"Abogados de herencias y sucesiones en M\u00e1laga. Soluciones legales integrales con experiencia y dedicaci\u00f3n. Cont\u00e1ctenos hoy mismo","breadcrumb":{"@id":"https:\/\/enriquezvillalobos.es\/abogados-de-herencias-y-sucesiones-en-malaga\/#breadcrumb"},"inLanguage":"es","potentialAction":[{"@type":"ReadAction","target":["https:\/\/enriquezvillalobos.es\/abogados-de-herencias-y-sucesiones-en-malaga\/"]}]},{"@type":"ImageObject","inLanguage":"es","@id":"https:\/\/enriquezvillalobos.es\/abogados-de-herencias-y-sucesiones-en-malaga\/#primaryimage","url":"https:\/\/enriquezvillalobos.es\/wp-content\/uploads\/2024\/04\/2147898550.jpg","contentUrl":"https:\/\/enriquezvillalobos.es\/wp-content\/uploads\/2024\/04\/2147898550.jpg","width":2000,"height":1335,"caption":"Abogados de Herencias y Sucesiones"},{"@type":"BreadcrumbList","@id":"https:\/\/enriquezvillalobos.es\/abogados-de-herencias-y-sucesiones-en-malaga\/#breadcrumb","itemListElement":[{"@type":"ListItem","position":1,"name":"Portada","item":"https:\/\/enriquezvillalobos.es\/"},{"@type":"ListItem","position":2,"name":"Derecho Sucesorio"}]},{"@type":"WebSite","@id":"https:\/\/enriquezvillalobos.es\/es_es\/#website","url":"https:\/\/enriquezvillalobos.es\/es_es\/","name":"Enr\u00edquez Villalobos","description":"Despacho de abogados","publisher":{"@id":"https:\/\/enriquezvillalobos.es\/es_es\/#organization"},"potentialAction":[{"@type":"SearchAction","target":{"@type":"EntryPoint","urlTemplate":"https:\/\/enriquezvillalobos.es\/es_es\/?s={search_term_string}"},"query-input":{"@type":"PropertyValueSpecification","valueRequired":true,"valueName":"search_term_string"}}],"inLanguage":"es"},{"@type":"Organization","@id":"https:\/\/enriquezvillalobos.es\/es_es\/#organization","name":"Enr\u00edquez Villalobos","url":"https:\/\/enriquezvillalobos.es\/es_es\/","logo":{"@type":"ImageObject","inLanguage":"es","@id":"https:\/\/enriquezvillalobos.es\/es_es\/#\/schema\/logo\/image\/","url":"https:\/\/enriquezvillalobos.es\/wp-content\/uploads\/2024\/09\/lawyers-3D.jpg","contentUrl":"https:\/\/enriquezvillalobos.es\/wp-content\/uploads\/2024\/09\/lawyers-3D.jpg","width":765,"height":253,"caption":"Enr\u00edquez Villalobos"},"image":{"@id":"https:\/\/enriquezvillalobos.es\/es_es\/#\/schema\/logo\/image\/"}}]}},"_links":{"self":[{"href":"https:\/\/enriquezvillalobos.es\/es_es\/wp-json\/wp\/v2\/pages\/539","targetHints":{"allow":["GET"]}}],"collection":[{"href":"https:\/\/enriquezvillalobos.es\/es_es\/wp-json\/wp\/v2\/pages"}],"about":[{"href":"https:\/\/enriquezvillalobos.es\/es_es\/wp-json\/wp\/v2\/types\/page"}],"author":[{"embeddable":true,"href":"https:\/\/enriquezvillalobos.es\/es_es\/wp-json\/wp\/v2\/users\/1"}],"replies":[{"embeddable":true,"href":"https:\/\/enriquezvillalobos.es\/es_es\/wp-json\/wp\/v2\/comments?post=539"}],"version-history":[{"count":87,"href":"https:\/\/enriquezvillalobos.es\/es_es\/wp-json\/wp\/v2\/pages\/539\/revisions"}],"predecessor-version":[{"id":1301,"href":"https:\/\/enriquezvillalobos.es\/es_es\/wp-json\/wp\/v2\/pages\/539\/revisions\/1301"}],"wp:featuredmedia":[{"embeddable":true,"href":"https:\/\/enriquezvillalobos.es\/es_es\/wp-json\/wp\/v2\/media\/471"}],"wp:attachment":[{"href":"https:\/\/enriquezvillalobos.es\/es_es\/wp-json\/wp\/v2\/media?parent=539"}],"curies":[{"name":"wp","href":"https:\/\/api.w.org\/{rel}","templated":true}]}}