{"id":550,"date":"2024-05-02T07:27:17","date_gmt":"2024-05-02T07:27:17","guid":{"rendered":"https:\/\/enriquez.centraldemarketing.es\/?page_id=550"},"modified":"2025-01-21T20:02:25","modified_gmt":"2025-01-21T20:02:25","slug":"abogados-de-divorcios-y-separaciones-en-malaga","status":"publish","type":"page","link":"https:\/\/enriquezvillalobos.es\/es_es\/abogados-de-divorcios-y-separaciones-en-malaga\/","title":{"rendered":"Derecho de Familia"},"content":{"rendered":"\t\t<div data-elementor-type=\"wp-page\" data-elementor-id=\"550\" class=\"elementor elementor-550\" data-elementor-post-type=\"page\">\n\t\t\t\t<div class=\"elementor-element elementor-element-2463663 e-flex e-con-boxed e-con e-parent\" data-id=\"2463663\" data-element_type=\"container\" data-settings=\"{&quot;background_background&quot;:&quot;classic&quot;}\">\n\t\t\t\t\t<div class=\"e-con-inner\">\n\t\t\t\t<div class=\"elementor-element elementor-element-e8f7860 elementor-widget elementor-widget-heading\" data-id=\"e8f7860\" data-element_type=\"widget\" data-widget_type=\"heading.default\">\n\t\t\t\t<div class=\"elementor-widget-container\">\n\t\t\t<h2 class=\"elementor-heading-title elementor-size-default\">DERECHO DE FAMILIA<\/h2>\t\t<\/div>\n\t\t\t\t<\/div>\n\t\t\t\t<div class=\"elementor-element elementor-element-feb3f06 elementor-widget elementor-widget-text-editor\" data-id=\"feb3f06\" data-element_type=\"widget\" data-widget_type=\"text-editor.default\">\n\t\t\t\t<div class=\"elementor-widget-container\">\n\t\t\t\t\t\t\t<p>Separaciones, divorcios, medidas paterno-filiales, liquidaci\u00f3n de gananciales, asesoramiento previo<\/p>\t\t\t\t\t\t<\/div>\n\t\t\t\t<\/div>\n\t\t\t\t\t<\/div>\n\t\t\t\t<\/div>\n\t\t<div class=\"elementor-element elementor-element-11ed09c e-flex e-con-boxed e-con e-parent\" data-id=\"11ed09c\" data-element_type=\"container\" data-settings=\"{&quot;background_background&quot;:&quot;classic&quot;}\">\n\t\t\t\t\t<div class=\"e-con-inner\">\n\t\t\t\t<div class=\"elementor-element elementor-element-54dbc8e elementor-widget elementor-widget-heading\" data-id=\"54dbc8e\" data-element_type=\"widget\" data-widget_type=\"heading.default\">\n\t\t\t\t<div class=\"elementor-widget-container\">\n\t\t\t<h2 class=\"elementor-heading-title elementor-size-default\">Le guiaremos en su proceso de ruptura conyugal o de pareja<\/h2>\t\t<\/div>\n\t\t\t\t<\/div>\n\t\t\t\t\t<\/div>\n\t\t\t\t<\/div>\n\t\t<div class=\"elementor-element elementor-element-a9ef3eb e-flex e-con-boxed e-con e-parent\" data-id=\"a9ef3eb\" data-element_type=\"container\">\n\t\t\t\t\t<div class=\"e-con-inner\">\n\t\t\t\t<div class=\"elementor-element elementor-element-dd6a289 elementor-widget elementor-widget-heading\" data-id=\"dd6a289\" data-element_type=\"widget\" data-widget_type=\"heading.default\">\n\t\t\t\t<div class=\"elementor-widget-container\">\n\t\t\t<h4 class=\"elementor-heading-title elementor-size-default\">Abogados de Divorcios y Separaciones <\/h4>\t\t<\/div>\n\t\t\t\t<\/div>\n\t\t\t\t<div class=\"elementor-element elementor-element-d91680d elementor-widget elementor-widget-text-editor\" data-id=\"d91680d\" data-element_type=\"widget\" data-widget_type=\"text-editor.default\">\n\t\t\t\t<div class=\"elementor-widget-container\">\n\t\t\t\t\t\t\t<p>Enr\u00edquez Villalobos Abogados tiene en el derecho de familia una de sus \u00e1reas de dedicaci\u00f3n preferente.\u00a0<\/p><p>Con una clara vocaci\u00f3n negociadora tenemos un alto \u00edndice de asuntos resueltos de forma consensuada en convenios reguladores de separaci\u00f3n, divorcio y medidas paterno-filiales.\u00a0<span style=\"font-style: inherit; font-weight: inherit; color: var( --e-global-color-astglobalcolor8 ); font-family: var( --e-global-typography-text-font-family ), Sans-serif; text-align: var(--text-align); background-color: var(--ast-global-color-5);\">Cuando el acuerdo deviene imposible asesoramos y representamos a nuestros clientes en los procesos contenciosos correspondientes.\u00a0<\/span><\/p><p>Tratamos estos asuntos de ruptura conyugal o de pareja con la comprensi\u00f3n y empat\u00eda que requiere la complejidad emocional de este tipo de procesos, pero siempre con la objetividad y profesionalidad que requiere un correcto asesoramiento legal.<\/p>\t\t\t\t\t\t<\/div>\n\t\t\t\t<\/div>\n\t\t\t\t<div class=\"elementor-element elementor-element-126311e elementor-widget elementor-widget-heading\" data-id=\"126311e\" data-element_type=\"widget\" data-widget_type=\"heading.default\">\n\t\t\t\t<div class=\"elementor-widget-container\">\n\t\t\t<h4 class=\"elementor-heading-title elementor-size-default\">Ofrecemos una amplia gama de servicios en esta materia incluyendo:<\/h4>\t\t<\/div>\n\t\t\t\t<\/div>\n\t\t\t\t<div class=\"elementor-element elementor-element-01240f5 elementor-widget elementor-widget-text-editor\" data-id=\"01240f5\" data-element_type=\"widget\" data-widget_type=\"text-editor.default\">\n\t\t\t\t<div class=\"elementor-widget-container\">\n\t\t\t\t\t\t\t<ul><li><b>Asesoramiento previo a la ruptura: <\/b>Consulte sus derechos y obligaciones frente a una posible ruptura conyugal o de pareja.<\/li><li><b>Separaci\u00f3n, divorcio o adopci\u00f3n de medidas paterno-filiales<\/b> <b>de mutuo acuerdo<\/b>:\u00a0 Nos encargamos de asesorarle y negociar con la otra parte\u00a0 sobre la guarda y custodia, r\u00e9gimen de visitas\u00a0 y la pensi\u00f3n de los hijos menores o dependientes econ\u00f3micamente, la atribuci\u00f3n del uso de la \u00faltima vivienda familiar, el reparto del patrimonio com\u00fan, la pensi\u00f3n compensatoria y la contribuci\u00f3n a las cargas del matrimonio (en los casos de separaci\u00f3n y divorcio), y cualquier otra cuesti\u00f3n aplicable a su caso.<\/li><li><b>Separaci\u00f3n, divorcio o adopci\u00f3n de medidas paterno-filiales contenciosos<\/b>. En algunas ocasiones el acuerdo es imposible, debiendo plantearse o contestarse la correspondiente demanda judicial. Nuestro asesoramiento en este caso ser\u00e1 global hasta la ejecuci\u00f3n de la sentencia que recaiga en el procedimiento.<\/li><li><b>Liquidaci\u00f3n de gananciales y\/o disoluci\u00f3n de comunidades en proindiviso<\/b>: Como especialistas en derecho inmobiliario y de la contrataci\u00f3n podemos asesorarles en la liquidaci\u00f3n del patrimonio com\u00fan adquirido durante el matrimonio o la relaci\u00f3n buscando la mejor soluci\u00f3n patrimonial y fiscal para sus intereses.<\/li><li><b>Exigencia de cumplimiento de los convenios reguladores y medidas adoptadas.<\/b> Tras finalizar su procesos de familia velaremos por su adecuado cumplimiento pudiendo solicitar la interpretaci\u00f3n o ejecuci\u00f3n de los acuerdos aprobados en cuanto a pensiones, estancias y visitas, uso del domicilio familiar, etc.<\/li><li><b>Modificaci\u00f3n de los convenios reguladores y de medidas adoptadas<\/b>: En caso de cambio sustancial de las circunstancias les ayudaremos a modificar los convenios reguladores aprobados, bien de forma consensual o bien, de ser imposible, de forma contenciosa.<\/li><li><b>Solicitud de finalizaci\u00f3n de las medidas adoptadas<\/b>: Tras la independencia econ\u00f3mica de los hijos podemos formalizar la finalizaci\u00f3n de la pensi\u00f3n alimenticia y solicitar el cese del uso exclusivo de la vivienda y disoluci\u00f3n de la comunidad sobre la misma.<\/li><\/ul>\t\t\t\t\t\t<\/div>\n\t\t\t\t<\/div>\n\t\t\t\t\t<\/div>\n\t\t\t\t<\/div>\n\t\t\t\t<\/div>\n\t\t","protected":false},"excerpt":{"rendered":"<p>DERECHO DE FAMILIA Separaciones, divorcios, medidas paterno-filiales, liquidaci\u00f3n de gananciales, asesoramiento previo Le guiaremos en su proceso de ruptura conyugal [&hellip;]<\/p>\n","protected":false},"author":1,"featured_media":553,"parent":0,"menu_order":0,"comment_status":"closed","ping_status":"closed","template":"","meta":{"site-sidebar-layout":"no-sidebar","site-content-layout":"","ast-site-content-layout":"full-width-container","site-content-style":"default","site-sidebar-style":"default","ast-global-header-display":"","ast-banner-title-visibility":"","ast-main-header-display":"","ast-hfb-above-header-display":"","ast-hfb-below-header-display":"","ast-hfb-mobile-header-display":"","site-post-title":"disabled","ast-breadcrumbs-content":"","ast-featured-img":"disabled","footer-sml-layout":"","theme-transparent-header-meta":"","adv-header-id-meta":"","stick-header-meta":"","header-above-stick-meta":"","header-main-stick-meta":"","header-below-stick-meta":"","astra-migrate-meta-layouts":"default","ast-page-background-enabled":"default","ast-page-background-meta":{"desktop":{"background-color":"var(--ast-global-color-4)","background-image":"","background-repeat":"repeat","background-position":"center center","background-size":"auto","background-attachment":"scroll","background-type":"","background-media":"","overlay-type":"","overlay-color":"","overlay-opacity":"","overlay-gradient":""},"tablet":{"background-color":"","background-image":"","background-repeat":"repeat","background-position":"center center","background-size":"auto","background-attachment":"scroll","background-type":"","background-media":"","overlay-type":"","overlay-color":"","overlay-opacity":"","overlay-gradient":""},"mobile":{"background-color":"","background-image":"","background-repeat":"repeat","background-position":"center center","background-size":"auto","background-attachment":"scroll","background-type":"","background-media":"","overlay-type":"","overlay-color":"","overlay-opacity":"","overlay-gradient":""}},"ast-content-background-meta":{"desktop":{"background-color":"var(--ast-global-color-5)","background-image":"","background-repeat":"repeat","background-position":"center center","background-size":"auto","background-attachment":"scroll","background-type":"","background-media":"","overlay-type":"","overlay-color":"","overlay-opacity":"","overlay-gradient":""},"tablet":{"background-color":"var(--ast-global-color-5)","background-image":"","background-repeat":"repeat","background-position":"center center","background-size":"auto","background-attachment":"scroll","background-type":"","background-media":"","overlay-type":"","overlay-color":"","overlay-opacity":"","overlay-gradient":""},"mobile":{"background-color":"var(--ast-global-color-5)","background-image":"","background-repeat":"repeat","background-position":"center center","background-size":"auto","background-attachment":"scroll","background-type":"","background-media":"","overlay-type":"","overlay-color":"","overlay-opacity":"","overlay-gradient":""}},"footnotes":""},"class_list":["post-550","page","type-page","status-publish","has-post-thumbnail","hentry"],"yoast_head":"<!-- This site is optimized with the Yoast SEO plugin v25.8 - https:\/\/yoast.com\/wordpress\/plugins\/seo\/ -->\n<title>Derecho de Familia - Enr\u00edquez Villalobos<\/title>\n<meta name=\"description\" content=\"Bufete Enr\u00edquez Villalobos: Abogados en divorcios y separaciones en M\u00e1laga. Comprometidos con soluciones personalizadas y atenci\u00f3n emp\u00e1tica.\" \/>\n<meta name=\"robots\" content=\"index, follow, max-snippet:-1, max-image-preview:large, max-video-preview:-1\" \/>\n<link rel=\"canonical\" href=\"https:\/\/enriquezvillalobos.es\/es_es\/abogados-de-divorcios-y-separaciones-en-malaga\/\" \/>\n<meta property=\"og:locale\" content=\"es_ES\" \/>\n<meta property=\"og:type\" content=\"article\" \/>\n<meta property=\"og:title\" content=\"Derecho de Familia - Enr\u00edquez Villalobos\" \/>\n<meta property=\"og:description\" content=\"Bufete Enr\u00edquez Villalobos: Abogados en divorcios y separaciones en M\u00e1laga. Comprometidos con soluciones personalizadas y atenci\u00f3n emp\u00e1tica.\" \/>\n<meta property=\"og:url\" content=\"https:\/\/enriquezvillalobos.es\/es_es\/abogados-de-divorcios-y-separaciones-en-malaga\/\" \/>\n<meta property=\"og:site_name\" content=\"Enr\u00edquez Villalobos\" \/>\n<meta property=\"article:modified_time\" content=\"2025-01-21T20:02:25+00:00\" \/>\n<meta property=\"og:image\" content=\"https:\/\/enriquezvillalobos.es\/wp-content\/uploads\/2024\/05\/2148548576.jpg\" \/>\n\t<meta property=\"og:image:width\" content=\"2000\" \/>\n\t<meta property=\"og:image:height\" content=\"1104\" \/>\n\t<meta property=\"og:image:type\" content=\"image\/jpeg\" \/>\n<meta name=\"twitter:card\" content=\"summary_large_image\" \/>\n<meta name=\"twitter:label1\" content=\"Tiempo de lectura\" \/>\n\t<meta name=\"twitter:data1\" content=\"2 minutos\" \/>\n<script type=\"application\/ld+json\" class=\"yoast-schema-graph\">{\"@context\":\"https:\/\/schema.org\",\"@graph\":[{\"@type\":\"WebPage\",\"@id\":\"https:\/\/enriquezvillalobos.es\/es_es\/abogados-de-divorcios-y-separaciones-en-malaga\/\",\"url\":\"https:\/\/enriquezvillalobos.es\/es_es\/abogados-de-divorcios-y-separaciones-en-malaga\/\",\"name\":\"Derecho de Familia - Enr\u00edquez Villalobos\",\"isPartOf\":{\"@id\":\"https:\/\/enriquezvillalobos.es\/es_es\/#website\"},\"primaryImageOfPage\":{\"@id\":\"https:\/\/enriquezvillalobos.es\/es_es\/abogados-de-divorcios-y-separaciones-en-malaga\/#primaryimage\"},\"image\":{\"@id\":\"https:\/\/enriquezvillalobos.es\/es_es\/abogados-de-divorcios-y-separaciones-en-malaga\/#primaryimage\"},\"thumbnailUrl\":\"https:\/\/enriquezvillalobos.es\/wp-content\/uploads\/2024\/05\/2148548576.jpg\",\"datePublished\":\"2024-05-02T07:27:17+00:00\",\"dateModified\":\"2025-01-21T20:02:25+00:00\",\"description\":\"Bufete Enr\u00edquez Villalobos: Abogados en divorcios y separaciones en M\u00e1laga. Comprometidos con soluciones personalizadas y atenci\u00f3n emp\u00e1tica.\",\"breadcrumb\":{\"@id\":\"https:\/\/enriquezvillalobos.es\/es_es\/abogados-de-divorcios-y-separaciones-en-malaga\/#breadcrumb\"},\"inLanguage\":\"es\",\"potentialAction\":[{\"@type\":\"ReadAction\",\"target\":[\"https:\/\/enriquezvillalobos.es\/es_es\/abogados-de-divorcios-y-separaciones-en-malaga\/\"]}]},{\"@type\":\"ImageObject\",\"inLanguage\":\"es\",\"@id\":\"https:\/\/enriquezvillalobos.es\/es_es\/abogados-de-divorcios-y-separaciones-en-malaga\/#primaryimage\",\"url\":\"https:\/\/enriquezvillalobos.es\/wp-content\/uploads\/2024\/05\/2148548576.jpg\",\"contentUrl\":\"https:\/\/enriquezvillalobos.es\/wp-content\/uploads\/2024\/05\/2148548576.jpg\",\"width\":2000,\"height\":1104,\"caption\":\"Abogados de Divorcios y Separaciones en M\u00e1laga\"},{\"@type\":\"BreadcrumbList\",\"@id\":\"https:\/\/enriquezvillalobos.es\/es_es\/abogados-de-divorcios-y-separaciones-en-malaga\/#breadcrumb\",\"itemListElement\":[{\"@type\":\"ListItem\",\"position\":1,\"name\":\"Portada\",\"item\":\"https:\/\/enriquezvillalobos.es\/\"},{\"@type\":\"ListItem\",\"position\":2,\"name\":\"Derecho de Familia\"}]},{\"@type\":\"WebSite\",\"@id\":\"https:\/\/enriquezvillalobos.es\/es_es\/#website\",\"url\":\"https:\/\/enriquezvillalobos.es\/es_es\/\",\"name\":\"Enr\u00edquez Villalobos\",\"description\":\"Despacho de abogados\",\"publisher\":{\"@id\":\"https:\/\/enriquezvillalobos.es\/es_es\/#organization\"},\"potentialAction\":[{\"@type\":\"SearchAction\",\"target\":{\"@type\":\"EntryPoint\",\"urlTemplate\":\"https:\/\/enriquezvillalobos.es\/es_es\/?s={search_term_string}\"},\"query-input\":{\"@type\":\"PropertyValueSpecification\",\"valueRequired\":true,\"valueName\":\"search_term_string\"}}],\"inLanguage\":\"es\"},{\"@type\":\"Organization\",\"@id\":\"https:\/\/enriquezvillalobos.es\/es_es\/#organization\",\"name\":\"Enr\u00edquez Villalobos\",\"url\":\"https:\/\/enriquezvillalobos.es\/es_es\/\",\"logo\":{\"@type\":\"ImageObject\",\"inLanguage\":\"es\",\"@id\":\"https:\/\/enriquezvillalobos.es\/es_es\/#\/schema\/logo\/image\/\",\"url\":\"https:\/\/enriquezvillalobos.es\/wp-content\/uploads\/2024\/09\/lawyers-3D.jpg\",\"contentUrl\":\"https:\/\/enriquezvillalobos.es\/wp-content\/uploads\/2024\/09\/lawyers-3D.jpg\",\"width\":765,\"height\":253,\"caption\":\"Enr\u00edquez Villalobos\"},\"image\":{\"@id\":\"https:\/\/enriquezvillalobos.es\/es_es\/#\/schema\/logo\/image\/\"}}]}<\/script>\n<!-- \/ Yoast SEO plugin. -->","yoast_head_json":{"title":"Derecho de Familia - Enr\u00edquez Villalobos","description":"Bufete Enr\u00edquez Villalobos: Abogados en divorcios y separaciones en M\u00e1laga. Comprometidos con soluciones personalizadas y atenci\u00f3n emp\u00e1tica.","robots":{"index":"index","follow":"follow","max-snippet":"max-snippet:-1","max-image-preview":"max-image-preview:large","max-video-preview":"max-video-preview:-1"},"canonical":"https:\/\/enriquezvillalobos.es\/es_es\/abogados-de-divorcios-y-separaciones-en-malaga\/","og_locale":"es_ES","og_type":"article","og_title":"Derecho de Familia - Enr\u00edquez Villalobos","og_description":"Bufete Enr\u00edquez Villalobos: Abogados en divorcios y separaciones en M\u00e1laga. Comprometidos con soluciones personalizadas y atenci\u00f3n emp\u00e1tica.","og_url":"https:\/\/enriquezvillalobos.es\/es_es\/abogados-de-divorcios-y-separaciones-en-malaga\/","og_site_name":"Enr\u00edquez Villalobos","article_modified_time":"2025-01-21T20:02:25+00:00","og_image":[{"width":2000,"height":1104,"url":"https:\/\/enriquezvillalobos.es\/wp-content\/uploads\/2024\/05\/2148548576.jpg","type":"image\/jpeg"}],"twitter_card":"summary_large_image","twitter_misc":{"Tiempo de lectura":"2 minutos"},"schema":{"@context":"https:\/\/schema.org","@graph":[{"@type":"WebPage","@id":"https:\/\/enriquezvillalobos.es\/es_es\/abogados-de-divorcios-y-separaciones-en-malaga\/","url":"https:\/\/enriquezvillalobos.es\/es_es\/abogados-de-divorcios-y-separaciones-en-malaga\/","name":"Derecho de Familia - Enr\u00edquez Villalobos","isPartOf":{"@id":"https:\/\/enriquezvillalobos.es\/es_es\/#website"},"primaryImageOfPage":{"@id":"https:\/\/enriquezvillalobos.es\/es_es\/abogados-de-divorcios-y-separaciones-en-malaga\/#primaryimage"},"image":{"@id":"https:\/\/enriquezvillalobos.es\/es_es\/abogados-de-divorcios-y-separaciones-en-malaga\/#primaryimage"},"thumbnailUrl":"https:\/\/enriquezvillalobos.es\/wp-content\/uploads\/2024\/05\/2148548576.jpg","datePublished":"2024-05-02T07:27:17+00:00","dateModified":"2025-01-21T20:02:25+00:00","description":"Bufete Enr\u00edquez Villalobos: Abogados en divorcios y separaciones en M\u00e1laga. Comprometidos con soluciones personalizadas y atenci\u00f3n emp\u00e1tica.","breadcrumb":{"@id":"https:\/\/enriquezvillalobos.es\/es_es\/abogados-de-divorcios-y-separaciones-en-malaga\/#breadcrumb"},"inLanguage":"es","potentialAction":[{"@type":"ReadAction","target":["https:\/\/enriquezvillalobos.es\/es_es\/abogados-de-divorcios-y-separaciones-en-malaga\/"]}]},{"@type":"ImageObject","inLanguage":"es","@id":"https:\/\/enriquezvillalobos.es\/es_es\/abogados-de-divorcios-y-separaciones-en-malaga\/#primaryimage","url":"https:\/\/enriquezvillalobos.es\/wp-content\/uploads\/2024\/05\/2148548576.jpg","contentUrl":"https:\/\/enriquezvillalobos.es\/wp-content\/uploads\/2024\/05\/2148548576.jpg","width":2000,"height":1104,"caption":"Abogados de Divorcios y Separaciones en M\u00e1laga"},{"@type":"BreadcrumbList","@id":"https:\/\/enriquezvillalobos.es\/es_es\/abogados-de-divorcios-y-separaciones-en-malaga\/#breadcrumb","itemListElement":[{"@type":"ListItem","position":1,"name":"Portada","item":"https:\/\/enriquezvillalobos.es\/"},{"@type":"ListItem","position":2,"name":"Derecho de Familia"}]},{"@type":"WebSite","@id":"https:\/\/enriquezvillalobos.es\/es_es\/#website","url":"https:\/\/enriquezvillalobos.es\/es_es\/","name":"Enr\u00edquez Villalobos","description":"Despacho de abogados","publisher":{"@id":"https:\/\/enriquezvillalobos.es\/es_es\/#organization"},"potentialAction":[{"@type":"SearchAction","target":{"@type":"EntryPoint","urlTemplate":"https:\/\/enriquezvillalobos.es\/es_es\/?s={search_term_string}"},"query-input":{"@type":"PropertyValueSpecification","valueRequired":true,"valueName":"search_term_string"}}],"inLanguage":"es"},{"@type":"Organization","@id":"https:\/\/enriquezvillalobos.es\/es_es\/#organization","name":"Enr\u00edquez Villalobos","url":"https:\/\/enriquezvillalobos.es\/es_es\/","logo":{"@type":"ImageObject","inLanguage":"es","@id":"https:\/\/enriquezvillalobos.es\/es_es\/#\/schema\/logo\/image\/","url":"https:\/\/enriquezvillalobos.es\/wp-content\/uploads\/2024\/09\/lawyers-3D.jpg","contentUrl":"https:\/\/enriquezvillalobos.es\/wp-content\/uploads\/2024\/09\/lawyers-3D.jpg","width":765,"height":253,"caption":"Enr\u00edquez Villalobos"},"image":{"@id":"https:\/\/enriquezvillalobos.es\/es_es\/#\/schema\/logo\/image\/"}}]}},"_links":{"self":[{"href":"https:\/\/enriquezvillalobos.es\/es_es\/wp-json\/wp\/v2\/pages\/550","targetHints":{"allow":["GET"]}}],"collection":[{"href":"https:\/\/enriquezvillalobos.es\/es_es\/wp-json\/wp\/v2\/pages"}],"about":[{"href":"https:\/\/enriquezvillalobos.es\/es_es\/wp-json\/wp\/v2\/types\/page"}],"author":[{"embeddable":true,"href":"https:\/\/enriquezvillalobos.es\/es_es\/wp-json\/wp\/v2\/users\/1"}],"replies":[{"embeddable":true,"href":"https:\/\/enriquezvillalobos.es\/es_es\/wp-json\/wp\/v2\/comments?post=550"}],"version-history":[{"count":90,"href":"https:\/\/enriquezvillalobos.es\/es_es\/wp-json\/wp\/v2\/pages\/550\/revisions"}],"predecessor-version":[{"id":1254,"href":"https:\/\/enriquezvillalobos.es\/es_es\/wp-json\/wp\/v2\/pages\/550\/revisions\/1254"}],"wp:featuredmedia":[{"embeddable":true,"href":"https:\/\/enriquezvillalobos.es\/es_es\/wp-json\/wp\/v2\/media\/553"}],"wp:attachment":[{"href":"https:\/\/enriquezvillalobos.es\/es_es\/wp-json\/wp\/v2\/media?parent=550"}],"curies":[{"name":"wp","href":"https:\/\/api.w.org\/{rel}","templated":true}]}}